{"id":34291,"date":"2025-02-20T23:34:08","date_gmt":"2025-02-20T22:34:08","guid":{"rendered":"http:\/\/olemosaic.com\/producto\/portavelas-de-ceramica-marbella-azul\/"},"modified":"2025-07-25T20:03:30","modified_gmt":"2025-07-25T18:03:30","slug":"porta-velas-de-ceramica-marbella-azul","status":"publish","type":"product","link":"https:\/\/olemosaic.com\/pt-pt\/produto\/porta-velas-de-ceramica-marbella-azul\/","title":{"rendered":"Porta-velas de cer\u00e2mica. Marbella. Azul."},"content":{"rendered":"<p>Este porta-velas de cer\u00e2mica, decorado com uma colorida representa\u00e7\u00e3o de Marbella, \u00e9 a pe\u00e7a ideal para captar a ess\u00eancia deste encantador destino andaluz. O seu design quadrado apresenta uma bela ilustra\u00e7\u00e3o que reflete uma vibrante paisagem t\u00edpica de Marbella, onde ruas adornadas com flores e uma fonte tradicional se fundem num quadro iridescente. A t\u00e9cnica de pintura \u00e0 m\u00e3o real\u00e7a os intensos tons azuis do c\u00e9u e os detalhados mosaicos, mostrando a riqueza art\u00edstica e cultural da regi\u00e3o. Este porta-velas n\u00e3o \u00e9 apenas um elemento decorativo, mas torna-se tamb\u00e9m uma recorda\u00e7\u00e3o tang\u00edvel das experi\u00eancias vividas neste famoso destino tur\u00edstico, conhecido pelo seu esplendor mediterr\u00e2nico.<\/p>\n<p>A liga\u00e7\u00e3o cultural com Marbella \u00e9 profunda, evocando o calor e o colorido do sul de Espanha, lo que o torna um souvenir de destaque que agradar\u00e1 a quem procura produtos aut\u00eanticos e representativos. Este porta-velas \u00e9 uma excelente op\u00e7\u00e3o para os turistas que desejam levar um pedacinho da Andaluzia para casa, oferecendo um toque de estilo e tradi\u00e7\u00e3o a qualquer lar. Na Ol\u00e9 Mosaic, como grossista de souvenirs de Marbella, garantimos a autenticidade e qualidade de cada pe\u00e7a, assegurando que este porta-velas de cer\u00e2mica seja um reflexo fiel do esplendor andaluz e um complemento perfeito para lojas de presentes tur\u00edsticos.<\/p>\n","protected":false},"excerpt":{"rendered":"<p>Porta-velas de cer\u00e2mica decorado com uma colorida representa\u00e7\u00e3o de Marbella. Este atraente porta-velas apresenta um design quadrado com uma bela ilustra\u00e7\u00e3o de uma paisagem andaluza: ruas t\u00edpicas adornadas com flores e uma fonte. A t\u00e9cnica de design artesanal, pintado \u00e0 m\u00e3o, real\u00e7a os vibrantes tons azuis e os detalhes do mosaico, captando a ess\u00eancia do famoso destino tur\u00edstico. Ideal para adicionar um toque andaluz a qualquer casa.<\/p>\n","protected":false},"featured_media":9920,"template":"","meta":{"_acf_changed":false},"product_brand":[],"product_cat":[811],"product_tag":[515],"class_list":{"0":"post-34291","1":"product","2":"type-product","3":"status-publish","4":"has-post-thumbnail","6":"product_cat-porta-velas","7":"product_tag-ceramica","8":"pa_ciudad-marbella","9":"pa_pais-espana","11":"first","12":"instock","13":"shipping-taxable","14":"product-type-simple"},"acf":[],"_links":{"self":[{"href":"https:\/\/olemosaic.com\/pt-pt\/wp-json\/wp\/v2\/product\/34291","targetHints":{"allow":["GET"]}}],"collection":[{"href":"https:\/\/olemosaic.com\/pt-pt\/wp-json\/wp\/v2\/product"}],"about":[{"href":"https:\/\/olemosaic.com\/pt-pt\/wp-json\/wp\/v2\/types\/product"}],"wp:featuredmedia":[{"embeddable":true,"href":"https:\/\/olemosaic.com\/pt-pt\/wp-json\/wp\/v2\/media\/9920"}],"wp:attachment":[{"href":"https:\/\/olemosaic.com\/pt-pt\/wp-json\/wp\/v2\/media?parent=34291"}],"wp:term":[{"taxonomy":"product_brand","embeddable":true,"href":"https:\/\/olemosaic.com\/pt-pt\/wp-json\/wp\/v2\/product_brand?post=34291"},{"taxonomy":"product_cat","embeddable":true,"href":"https:\/\/olemosaic.com\/pt-pt\/wp-json\/wp\/v2\/product_cat?post=34291"},{"taxonomy":"product_tag","embeddable":true,"href":"https:\/\/olemosaic.com\/pt-pt\/wp-json\/wp\/v2\/product_tag?post=34291"}],"curies":[{"name":"wp","href":"https:\/\/api.w.org\/{rel}","templated":true}]}}