{"id":34290,"date":"2025-02-20T22:34:07","date_gmt":"2025-02-20T22:34:07","guid":{"rendered":"http:\/\/olemosaic.com\/producto\/portavelas-de-ceramica-mosaico-blanco\/"},"modified":"2025-07-25T20:15:28","modified_gmt":"2025-07-25T18:15:28","slug":"porta-velas-de-ceramica-mosaico-branco","status":"publish","type":"product","link":"https:\/\/olemosaic.com\/pt-pt\/produto\/porta-velas-de-ceramica-mosaico-branco\/","title":{"rendered":"Porta-velas de cer\u00e2mica. Mosaico. Branco."},"content":{"rendered":"<p>Este porta-velas de cer\u00e2mica, decorado com coloridos motivos de mosaico, \u00e9 uma aut\u00eantica express\u00e3o da riqueza da arte espanhola. O seu design quadrado, elaborado em cer\u00e2mica de alta qualidade, apresenta uma vibrante combina\u00e7\u00e3o de cores, como azuis, vermelhos, laranjas e verdes, que contrastam na perfei\u00e7\u00e3o sobre um fundo branco, evocando a tradi\u00e7\u00e3o art\u00edstica dos azulejos andaluzes e mediterr\u00e2nicos. Cada lado \u00e9 adornado com intrincados padr\u00f5es geom\u00e9tricos e florais que prestam homenagem \u00e0 heran\u00e7a cultural do pa\u00eds, captando a ess\u00eancia do mosaico espanhol, s\u00edmbolo de beleza e sofistica\u00e7\u00e3o. Este magn\u00edfico porta-velas n\u00e3o s\u00f3 confere um toque de calor e cor a qualquer espa\u00e7o, como tamb\u00e9m serve como uma recorda\u00e7\u00e3o aut\u00eantica da sua visita a Espanha. Ideal para criar uma atmosfera acolhedora no lar, cada porta-velas reflete a destreza artesanal dos ceramistas espanh\u00f3is. Na Ol\u00e9 Mosaic, especializamo-nos na distribui\u00e7\u00e3o de souvenirs de cer\u00e2mica por grosso, e este porta-velas \u00e9 uma excelente escolha para lojas de presentes tur\u00edsticos que procuram oferecer produtos aut\u00eanticos e de qualidade. Al\u00e9m disso, a sua relev\u00e2ncia cultural torna-o o souvenir perfeito para quem deseja levar um peda\u00e7o de Espanha para casa.<\/p>\n","protected":false},"excerpt":{"rendered":"<p>Porta-velas de cer\u00e2mica decorado com motivos de mosaico coloridos. Este elegante porta-velas, de design quadrado, apresenta uma vibrante combina\u00e7\u00e3o de azuis, vermelhos, laranjas e verdes sobre um fundo branco, evocando a arte tradicional espanhola. Cada lado \u00e9 adornado com padr\u00f5es geom\u00e9tricos e florais que recordam a rica heran\u00e7a cultural do pa\u00eds. Ideal para proporcionar um toque de calor e cor a qualquer espa\u00e7o, combinando funcionalidade e est\u00e9tica.<\/p>\n","protected":false},"featured_media":9031,"template":"","meta":{"_acf_changed":false},"product_brand":[],"product_cat":[811],"product_tag":[515],"class_list":{"0":"post-34290","1":"product","2":"type-product","3":"status-publish","4":"has-post-thumbnail","6":"product_cat-porta-velas","7":"product_tag-ceramica","8":"pa_motivo-mosaico","10":"first","11":"instock","12":"shipping-taxable","13":"product-type-simple"},"acf":[],"_links":{"self":[{"href":"https:\/\/olemosaic.com\/pt-pt\/wp-json\/wp\/v2\/product\/34290","targetHints":{"allow":["GET"]}}],"collection":[{"href":"https:\/\/olemosaic.com\/pt-pt\/wp-json\/wp\/v2\/product"}],"about":[{"href":"https:\/\/olemosaic.com\/pt-pt\/wp-json\/wp\/v2\/types\/product"}],"wp:featuredmedia":[{"embeddable":true,"href":"https:\/\/olemosaic.com\/pt-pt\/wp-json\/wp\/v2\/media\/9031"}],"wp:attachment":[{"href":"https:\/\/olemosaic.com\/pt-pt\/wp-json\/wp\/v2\/media?parent=34290"}],"wp:term":[{"taxonomy":"product_brand","embeddable":true,"href":"https:\/\/olemosaic.com\/pt-pt\/wp-json\/wp\/v2\/product_brand?post=34290"},{"taxonomy":"product_cat","embeddable":true,"href":"https:\/\/olemosaic.com\/pt-pt\/wp-json\/wp\/v2\/product_cat?post=34290"},{"taxonomy":"product_tag","embeddable":true,"href":"https:\/\/olemosaic.com\/pt-pt\/wp-json\/wp\/v2\/product_tag?post=34290"}],"curies":[{"name":"wp","href":"https:\/\/api.w.org\/{rel}","templated":true}]}}