{"id":34289,"date":"2025-02-20T23:34:07","date_gmt":"2025-02-20T22:34:07","guid":{"rendered":"http:\/\/olemosaic.com\/producto\/portavelas-de-ceramica-barcelona-blanco\/"},"modified":"2025-07-25T18:42:54","modified_gmt":"2025-07-25T16:42:54","slug":"porta-velas-de-ceramica-barcelona-branco","status":"publish","type":"product","link":"https:\/\/olemosaic.com\/pt-pt\/produto\/porta-velas-de-ceramica-barcelona-branco\/","title":{"rendered":"Porta-velas de cer\u00e2mica. Barcelona. Branco."},"content":{"rendered":"<p>Este porta-velas de cer\u00e2mica, de forma quadrada, \u00e9 uma atraente recorda\u00e7\u00e3o que evoca a ess\u00eancia art\u00edstica de Barcelona. Decorado com coloridas ilustra\u00e7\u00f5es dos emblem\u00e1ticos monumentos da cidade, este elegante porta-velas apresenta uma vibrante representa\u00e7\u00e3o da Sagrada Fam\u00edlia e outros edif\u00edcios ic\u00f3nicos, tudo sobre um fundo branco que real\u00e7a os intrincados detalhes do seu design. Pintado \u00e0 m\u00e3o, cada pe\u00e7a capta a diversidade arquitet\u00f3nica de Barcelona, desde as formas onduladas de Gaud\u00ed at\u00e9 ao estilo g\u00f3tico do Bairro G\u00f3tico, criando uma pe\u00e7a \u00fanica que se destaca em qualquer casa.<\/p>\n<p>O acabamento brilhante da cer\u00e2mica torna-o um elemento decorativo e um s\u00edmbolo da rica cultura catal\u00e3. Este porta-velas \u00e9 ideal para iluminar qualquer espa\u00e7o, proporcionando um toque de calor e cor gra\u00e7as ao seu design vibrante. Sendo uma recorda\u00e7\u00e3o representativa de Barcelona, oferece aos turistas a oportunidade perfeita de levar um peda\u00e7o da cidade, recordando os seus monumentos e a energia \u00fanica que os rodeia.<\/p>\n<p>Na Ol\u00e9 Mosaic, somos especialistas na distribui\u00e7\u00e3o de recorda\u00e7\u00f5es por grosso, e este porta-velas de cer\u00e2mica \u00e9 um produto excelente para lojas de presentes tur\u00edsticos. A sua autenticidade e relev\u00e2ncia cultural tornam-no uma op\u00e7\u00e3o inigual\u00e1vel para quem procura recorda\u00e7\u00f5es de qualidade que captem a ess\u00eancia da maravilhosa Barcelona.<\/p>\n","protected":false},"excerpt":{"rendered":"<p>Porta-velas de cer\u00e2mica de forma quadrada, decorado com coloridas ilustra\u00e7\u00f5es dos monumentos emblem\u00e1ticos de Barcelona. Este atraente design apresenta uma vibrante representa\u00e7\u00e3o da Sagrada Fam\u00edlia e outros edif\u00edcios ic\u00f3nicos, tudo sobre um acabamento branco que real\u00e7a os detalhes. Com um acabamento brilhante e design artesanal, pintado \u00e0 m\u00e3o, capta a ess\u00eancia art\u00edstica da cidade, tornando-o um complemento ideal para qualquer casa que deseje incorporar um toque da cultura barcelonesa.<\/p>\n","protected":false},"featured_media":9510,"template":"","meta":{"_acf_changed":false},"product_brand":[],"product_cat":[811],"product_tag":[515],"class_list":{"0":"post-34289","1":"product","2":"type-product","3":"status-publish","4":"has-post-thumbnail","6":"product_cat-porta-velas","7":"product_tag-ceramica","8":"pa_ciudad-barcelona","9":"pa_pais-espana","11":"first","12":"instock","13":"shipping-taxable","14":"product-type-simple"},"acf":[],"_links":{"self":[{"href":"https:\/\/olemosaic.com\/pt-pt\/wp-json\/wp\/v2\/product\/34289","targetHints":{"allow":["GET"]}}],"collection":[{"href":"https:\/\/olemosaic.com\/pt-pt\/wp-json\/wp\/v2\/product"}],"about":[{"href":"https:\/\/olemosaic.com\/pt-pt\/wp-json\/wp\/v2\/types\/product"}],"wp:featuredmedia":[{"embeddable":true,"href":"https:\/\/olemosaic.com\/pt-pt\/wp-json\/wp\/v2\/media\/9510"}],"wp:attachment":[{"href":"https:\/\/olemosaic.com\/pt-pt\/wp-json\/wp\/v2\/media?parent=34289"}],"wp:term":[{"taxonomy":"product_brand","embeddable":true,"href":"https:\/\/olemosaic.com\/pt-pt\/wp-json\/wp\/v2\/product_brand?post=34289"},{"taxonomy":"product_cat","embeddable":true,"href":"https:\/\/olemosaic.com\/pt-pt\/wp-json\/wp\/v2\/product_cat?post=34289"},{"taxonomy":"product_tag","embeddable":true,"href":"https:\/\/olemosaic.com\/pt-pt\/wp-json\/wp\/v2\/product_tag?post=34289"}],"curies":[{"name":"wp","href":"https:\/\/api.w.org\/{rel}","templated":true}]}}