{"id":34288,"date":"2025-02-20T22:34:07","date_gmt":"2025-02-20T22:34:07","guid":{"rendered":"http:\/\/olemosaic.com\/producto\/portavelas-de-ceramica-valencia-blanco\/"},"modified":"2025-07-25T19:07:03","modified_gmt":"2025-07-25T17:07:03","slug":"porta-velas-de-ceramica-valencia-branco","status":"publish","type":"product","link":"https:\/\/olemosaic.com\/pt-pt\/produto\/porta-velas-de-ceramica-valencia-branco\/","title":{"rendered":"Porta-velas de cer\u00e2mica. Val\u00eancia. Branco."},"content":{"rendered":"<p>Este porta-velas de cer\u00e2mica de design moderno \u00e9 uma magn\u00edfica representa\u00e7\u00e3o da vibrante cidade de Val\u00eancia. Com o seu elegante acabamento branco, o porta-velas destaca-se por uma ilustra\u00e7\u00e3o que capta com mestria os monumentos mais emblem\u00e1ticos da cidade, como a majestosa Cidade das Artes e das Ci\u00eancias e a hist\u00f3rica Lota da Seda (Lonja de la Seda). Os detalhes gr\u00e1ficos incluem cores quentes e um acabamento distintivo que imita a t\u00e9cnica do trencad\u00eds, famosa na arquitetura de Gaud\u00ed, acrescentando um toque de autenticidade e arte a qualquer decora\u00e7\u00e3o.<\/p>\n<p>O design moderno deste porta-velas torna-o uma op\u00e7\u00e3o ideal tanto para uso decorativo como para criar um ambiente acolhedor ao iluminar qualquer espa\u00e7o. Este objeto n\u00e3o s\u00f3 se destaca pela sua funcionalidade, mas tamb\u00e9m pelo seu valor cultural, representando a rica hist\u00f3ria e a inovadora est\u00e9tica arquitet\u00f3nica que Val\u00eancia tem para oferecer. Como recorda\u00e7\u00e3o, este porta-velas \u00e9 perfeito para rememorar uma visita a uma das cidades mais tur\u00edsticas de Espanha, o que o torna uma excelente op\u00e7\u00e3o para aqueles que procuram levar um peda\u00e7o de Val\u00eancia consigo.<\/p>\n<p>Na Ol\u00e9 Mosaic, somos especialistas na distribui\u00e7\u00e3o de requintadas pe\u00e7as de cer\u00e2mica por grosso, e este porta-velas \u00e9 um exemplo ideal para lojas de presentes tur\u00edsticos interessadas em oferecer produtos aut\u00eanticos e representativos da cultura valenciana. Muitos turistas procuram recorda\u00e7\u00f5es de cer\u00e2mica que simbolizem a sua experi\u00eancia em Val\u00eancia, e este porta-velas \u00e9, sem d\u00favida, uma escolha acertada que combina funcionalidade e valor art\u00edstico.<\/p>\n","protected":false},"excerpt":{"rendered":"<p>Porta-velas de cer\u00e2mica de design moderno, inspirado na cidade de Val\u00eancia. Este elegante porta-velas branco apresenta uma vibrante ilustra\u00e7\u00e3o com monumentos emblem\u00e1ticos, como a Cidade das Artes e das Ci\u00eancias e a Lota da Seda. Decorado com detalhes em cores quentes e um acabamento distintivo que imita o trencad\u00eds, \u00e9 perfeito para adicionar um toque cultural e art\u00edstico a qualquer espa\u00e7o. Ideal como recorda\u00e7\u00e3o ou elemento decorativo.<\/p>\n","protected":false},"featured_media":9890,"template":"","meta":{"_acf_changed":false},"product_brand":[],"product_cat":[811],"product_tag":[515],"class_list":{"0":"post-34288","1":"product","2":"type-product","3":"status-publish","4":"has-post-thumbnail","6":"product_cat-porta-velas","7":"product_tag-ceramica","8":"pa_ciudad-valencia","9":"pa_pais-espana","11":"first","12":"instock","13":"shipping-taxable","14":"product-type-simple"},"acf":[],"_links":{"self":[{"href":"https:\/\/olemosaic.com\/pt-pt\/wp-json\/wp\/v2\/product\/34288","targetHints":{"allow":["GET"]}}],"collection":[{"href":"https:\/\/olemosaic.com\/pt-pt\/wp-json\/wp\/v2\/product"}],"about":[{"href":"https:\/\/olemosaic.com\/pt-pt\/wp-json\/wp\/v2\/types\/product"}],"wp:featuredmedia":[{"embeddable":true,"href":"https:\/\/olemosaic.com\/pt-pt\/wp-json\/wp\/v2\/media\/9890"}],"wp:attachment":[{"href":"https:\/\/olemosaic.com\/pt-pt\/wp-json\/wp\/v2\/media?parent=34288"}],"wp:term":[{"taxonomy":"product_brand","embeddable":true,"href":"https:\/\/olemosaic.com\/pt-pt\/wp-json\/wp\/v2\/product_brand?post=34288"},{"taxonomy":"product_cat","embeddable":true,"href":"https:\/\/olemosaic.com\/pt-pt\/wp-json\/wp\/v2\/product_cat?post=34288"},{"taxonomy":"product_tag","embeddable":true,"href":"https:\/\/olemosaic.com\/pt-pt\/wp-json\/wp\/v2\/product_tag?post=34288"}],"curies":[{"name":"wp","href":"https:\/\/api.w.org\/{rel}","templated":true}]}}