{"id":34270,"date":"2025-02-20T23:34:07","date_gmt":"2025-02-20T22:34:07","guid":{"rendered":"http:\/\/olemosaic.com\/producto\/portavelas-de-ceramica-patio-blanco\/"},"modified":"2025-07-25T19:24:11","modified_gmt":"2025-07-25T17:24:11","slug":"porta-velas-de-ceramica-patio-branco","status":"publish","type":"product","link":"https:\/\/olemosaic.com\/pt-pt\/produto\/porta-velas-de-ceramica-patio-branco\/","title":{"rendered":"Porta-velas de cer\u00e2mica. P\u00e1tio. Branco."},"content":{"rendered":"<p>Este porta-velas de cer\u00e2mica quadrada \u00e9 uma aut\u00eantica representa\u00e7\u00e3o do encanto de um p\u00e1tio andaluz, desenhado para embelezar qualquer espa\u00e7o com o seu calor e colorido. Pintado \u00e0 m\u00e3o, o produto destaca-se pelos seus vibrantes motivos que evocam a ess\u00eancia do folclore espanhol, apresentando vasos coloridos cheios de flores e uma guitarra, s\u00edmbolos ic\u00f3nicos da cultura andaluza. As paredes do porta-velas est\u00e3o ilustradas com um estilo que recorda os tradicionais mosaicos, utilizando um fundo branco que ressalta a riqueza dos detalhes em tons vivos de vermelho, azul e verde. O seu design elegante n\u00e3o s\u00f3 serve para segurar uma vela, como tamb\u00e9m atua como um elemento decorativo atraente que confere um toque de autenticidade a qualquer ambiente, ideal para quem procura recorda\u00e7\u00f5es representativas de Espanha. Este porta-velas \u00e9 um excelente presente para turistas que desejem levar um pouco da tradi\u00e7\u00e3o andaluza para casa, tornando-o uma lembran\u00e7a memor\u00e1vel e significativa. Na Ol\u00e9 Mosaic, orgulhamo-nos de oferecer uma cuidada sele\u00e7\u00e3o de recorda\u00e7\u00f5es de cer\u00e2mica que se destacam pelo seu artesanato e relev\u00e2ncia cultural, perfeitas para lojas de presentes tur\u00edsticos que procuram produtos aut\u00eanticos.<\/p>\n","protected":false},"excerpt":{"rendered":"<p>Candelabro quadrado de cer\u00e2mica, decorado com um encantador p\u00e1tio andaluz. Este produto, de design artesanal, pintado \u00e0 m\u00e3o, apresenta coloridos motivos de flores em vasos e uma guitarra, evocando a ess\u00eancia do folclore espanhol. As paredes est\u00e3o ilustradas com um estilo de mosaico branco e os detalhes em tons vibrantes de vermelho, azul e verde. O seu design elegante \u00e9 ideal para conferir um toque aut\u00eantico e acolhedor a qualquer ambiente.<\/p>\n","protected":false},"featured_media":8500,"template":"","meta":{"_acf_changed":false},"product_brand":[],"product_cat":[811],"product_tag":[515],"class_list":{"0":"post-34270","1":"product","2":"type-product","3":"status-publish","4":"has-post-thumbnail","6":"product_cat-porta-velas","7":"product_tag-ceramica","8":"pa_motivo-patios","10":"first","11":"instock","12":"shipping-taxable","13":"product-type-simple"},"acf":[],"_links":{"self":[{"href":"https:\/\/olemosaic.com\/pt-pt\/wp-json\/wp\/v2\/product\/34270","targetHints":{"allow":["GET"]}}],"collection":[{"href":"https:\/\/olemosaic.com\/pt-pt\/wp-json\/wp\/v2\/product"}],"about":[{"href":"https:\/\/olemosaic.com\/pt-pt\/wp-json\/wp\/v2\/types\/product"}],"wp:featuredmedia":[{"embeddable":true,"href":"https:\/\/olemosaic.com\/pt-pt\/wp-json\/wp\/v2\/media\/8500"}],"wp:attachment":[{"href":"https:\/\/olemosaic.com\/pt-pt\/wp-json\/wp\/v2\/media?parent=34270"}],"wp:term":[{"taxonomy":"product_brand","embeddable":true,"href":"https:\/\/olemosaic.com\/pt-pt\/wp-json\/wp\/v2\/product_brand?post=34270"},{"taxonomy":"product_cat","embeddable":true,"href":"https:\/\/olemosaic.com\/pt-pt\/wp-json\/wp\/v2\/product_cat?post=34270"},{"taxonomy":"product_tag","embeddable":true,"href":"https:\/\/olemosaic.com\/pt-pt\/wp-json\/wp\/v2\/product_tag?post=34270"}],"curies":[{"name":"wp","href":"https:\/\/api.w.org\/{rel}","templated":true}]}}