{"id":34269,"date":"2025-02-20T23:34:07","date_gmt":"2025-02-20T22:34:07","guid":{"rendered":"http:\/\/olemosaic.com\/producto\/4-bols-de-coco-de-13-x-6-cm-animales-del-mar-mallorca-2\/"},"modified":"2025-07-25T20:03:41","modified_gmt":"2025-07-25T18:03:41","slug":"4-tacas-de-coco-de-13-x-6-cm-animais-do-mar-maiorca-2","status":"publish","type":"product","link":"https:\/\/olemosaic.com\/pt-pt\/produto\/4-tacas-de-coco-de-13-x-6-cm-animais-do-mar-maiorca-2\/","title":{"rendered":"4 Ta\u00e7as de coco de 13 x 6 cm. Animais do mar. Mosaico. Maiorca."},"content":{"rendered":"<p>Este prato decorativo de cer\u00e2mica \u00e9 um aut\u00eantico reflexo da beleza do mar de Maiorca, desenhado para captar a ess\u00eancia do Mediterr\u00e2neo em qualquer canto da sua casa. Com um vibrante mosaico de formas irregulares, este prato destaca-se pela sua paleta de cores, que inclui v\u00e1rios tons de azul, rosa e laranja, evocando as \u00e1guas tranquilas e os espetaculares pores do sol insulares. Na sua parte central, a inscri\u00e7\u00e3o &#8220;MAIORCA&#8221; integra-se harmoniosamente com ilustra\u00e7\u00f5es em relevo que representam um encantador cavalo-marinho, um golfinho brincalh\u00e3o, uma majestosa tartaruga e um peixe vibrante, s\u00edmbolos da rica vida marinha que rodeia a ilha.<\/p>\n<p>A cer\u00e2mica \u00e9 elaborada de forma artesanal, o que garante que cada pe\u00e7a seja \u00fanica e aut\u00eantica. O seu design n\u00e3o s\u00f3 \u00e9 atraente, como tamb\u00e9m proporciona uma liga\u00e7\u00e3o cultural significativa, recordando aos turistas a beleza natural de Maiorca e a sua riqueza em biodiversidade marinha. Este prato n\u00e3o \u00e9 apenas um elemento decorativo, mas tamb\u00e9m uma fant\u00e1stica recorda\u00e7\u00e3o, ideal para quem deseja levar um pouco da magia de Maiorca. Na Ol\u00e9 Mosaic, somos especialistas na distribui\u00e7\u00e3o de recorda\u00e7\u00f5es por grosso, e este prato \u00e9 uma excelente op\u00e7\u00e3o para lojas de presentes tur\u00edsticos que procuram oferecer produtos representativos e de alta qualidade, perfeitos para os amantes da arte cer\u00e2mica e da cultura do Mediterr\u00e2neo.<\/p>\n","protected":false},"excerpt":{"rendered":"<p>Prato decorativo de cer\u00e2mica, inspirado na beleza do mar de Maiorca. Este prato colorido apresenta um design de mosaico com formas irregulares em tons azuis, rosas e laranjas, al\u00e9m de ilustra\u00e7\u00f5es em relevo de um cavalo-marinho, um golfinho, uma tartaruga e um peixe. Cada pe\u00e7a reflete a ess\u00eancia da vida marinha e tem a inscri\u00e7\u00e3o &#8220;MAIORCA&#8221; no centro, ideal para adicionar um toque mediterr\u00e2nico a qualquer casa.<\/p>\n","protected":false},"featured_media":13815,"template":"","meta":{"_acf_changed":false},"product_brand":[],"product_cat":[513],"product_tag":[516],"class_list":{"0":"post-34269","1":"product","2":"type-product","3":"status-publish","4":"has-post-thumbnail","6":"product_cat-bols","7":"product_tag-animais","8":"pa_ciudad-mallorca","9":"pa_motivo-animais-marinhos","10":"pa_pais-espana","12":"first","13":"instock","14":"shipping-taxable","15":"product-type-simple"},"acf":[],"_links":{"self":[{"href":"https:\/\/olemosaic.com\/pt-pt\/wp-json\/wp\/v2\/product\/34269","targetHints":{"allow":["GET"]}}],"collection":[{"href":"https:\/\/olemosaic.com\/pt-pt\/wp-json\/wp\/v2\/product"}],"about":[{"href":"https:\/\/olemosaic.com\/pt-pt\/wp-json\/wp\/v2\/types\/product"}],"wp:featuredmedia":[{"embeddable":true,"href":"https:\/\/olemosaic.com\/pt-pt\/wp-json\/wp\/v2\/media\/13815"}],"wp:attachment":[{"href":"https:\/\/olemosaic.com\/pt-pt\/wp-json\/wp\/v2\/media?parent=34269"}],"wp:term":[{"taxonomy":"product_brand","embeddable":true,"href":"https:\/\/olemosaic.com\/pt-pt\/wp-json\/wp\/v2\/product_brand?post=34269"},{"taxonomy":"product_cat","embeddable":true,"href":"https:\/\/olemosaic.com\/pt-pt\/wp-json\/wp\/v2\/product_cat?post=34269"},{"taxonomy":"product_tag","embeddable":true,"href":"https:\/\/olemosaic.com\/pt-pt\/wp-json\/wp\/v2\/product_tag?post=34269"}],"curies":[{"name":"wp","href":"https:\/\/api.w.org\/{rel}","templated":true}]}}