{"id":34267,"date":"2025-02-20T22:34:06","date_gmt":"2025-02-20T22:34:06","guid":{"rendered":"http:\/\/olemosaic.com\/producto\/plato-de-ceramica-de-85-cm-camino-de-santiago-beige\/"},"modified":"2025-07-25T19:55:25","modified_gmt":"2025-07-25T17:55:25","slug":"prato-de-ceramica-de-8-5-cm-caminho-de-santiago-bege","status":"publish","type":"product","link":"https:\/\/olemosaic.com\/pt-pt\/produto\/prato-de-ceramica-de-8-5-cm-caminho-de-santiago-bege\/","title":{"rendered":"Prato de cer\u00e2mica de 8,5 cm. Caminho de Santiago. Bege."},"content":{"rendered":"<p>Este prato de cer\u00e2mica de 8,5 cm, inspirado no emblem\u00e1tico Caminho de Santiago, \u00e9 uma recorda\u00e7\u00e3o requintada que capta a ess\u00eancia desta hist\u00f3rica rota de peregrina\u00e7\u00e3o. Com um atraente design curvo numa cor bege quente, o prato apresenta uma ilustra\u00e7\u00e3o colorida que inclui a majestosa catedral de Santiago de Compostela, um peregrino com o seu bord\u00e3o, uma concha simb\u00f3lica e as setas que guiam os caminhantes na sua viagem. As cores vivas do prato n\u00e3o s\u00f3 real\u00e7am a beleza de cada elemento, como tamb\u00e9m transmitem a profundidade cultural do Caminho, mostrando a mistura de aventura e espiritualidade que representa. A inscri\u00e7\u00e3o \u201cCAMINHO DE SANTIAGO\u201d acrescenta um toque pessoal e torna-o uma lembran\u00e7a significativa para quem percorreu ou deseja percorrer esta rota ic\u00f3nica.<\/p>\n<p>Este prato n\u00e3o \u00e9 apenas uma pe\u00e7a decorativa, mas tamb\u00e9m uma homenagem \u00e0 rica hist\u00f3ria e tradi\u00e7\u00e3o do Caminho de Santiago, que tem sido um destino de peregrina\u00e7\u00e3o durante s\u00e9culos. Na Ol\u00e9 Mosaic, especializamo-nos na distribui\u00e7\u00e3o de recorda\u00e7\u00f5es por grosso, e este prato \u00e9 uma op\u00e7\u00e3o ideal para lojas de presentes tur\u00edsticos que procuram autenticidade e cultura. Com o seu design atraente e a sua relev\u00e2ncia cultural, este prato de cer\u00e2mica \u00e9 uma recorda\u00e7\u00e3o perfeita para quem procura levar um pouco da magia do caminho para casa.<\/p>\n","protected":false},"excerpt":{"rendered":"<p>Prato de cer\u00e2mica de 8,5 cm, inspirado no emblem\u00e1tico Caminho de Santiago. Este atraente prato, de design curvo e cor bege, apresenta uma ilustra\u00e7\u00e3o colorida que inclui a famosa catedral de Santiago de Compostela, um peregrino com o seu bord\u00e3o, uma concha e setas que guiam o caminho. As cores vivas e o texto &#8220;CAMINHO DE SANTIAGO&#8221; tornam-no uma recorda\u00e7\u00e3o perfeita que capta a ess\u00eancia desta rota hist\u00f3rica.<\/p>\n","protected":false},"featured_media":8718,"template":"","meta":{"_acf_changed":false},"product_brand":[],"product_cat":[629],"product_tag":[515],"class_list":{"0":"post-34267","1":"product","2":"type-product","3":"status-publish","4":"has-post-thumbnail","6":"product_cat-pratos-decorativos","7":"product_tag-ceramica","8":"pa_ciudad-santiago","9":"pa_pais-espana","11":"first","12":"instock","13":"shipping-taxable","14":"product-type-simple"},"acf":[],"_links":{"self":[{"href":"https:\/\/olemosaic.com\/pt-pt\/wp-json\/wp\/v2\/product\/34267","targetHints":{"allow":["GET"]}}],"collection":[{"href":"https:\/\/olemosaic.com\/pt-pt\/wp-json\/wp\/v2\/product"}],"about":[{"href":"https:\/\/olemosaic.com\/pt-pt\/wp-json\/wp\/v2\/types\/product"}],"wp:featuredmedia":[{"embeddable":true,"href":"https:\/\/olemosaic.com\/pt-pt\/wp-json\/wp\/v2\/media\/8718"}],"wp:attachment":[{"href":"https:\/\/olemosaic.com\/pt-pt\/wp-json\/wp\/v2\/media?parent=34267"}],"wp:term":[{"taxonomy":"product_brand","embeddable":true,"href":"https:\/\/olemosaic.com\/pt-pt\/wp-json\/wp\/v2\/product_brand?post=34267"},{"taxonomy":"product_cat","embeddable":true,"href":"https:\/\/olemosaic.com\/pt-pt\/wp-json\/wp\/v2\/product_cat?post=34267"},{"taxonomy":"product_tag","embeddable":true,"href":"https:\/\/olemosaic.com\/pt-pt\/wp-json\/wp\/v2\/product_tag?post=34267"}],"curies":[{"name":"wp","href":"https:\/\/api.w.org\/{rel}","templated":true}]}}