{"id":34229,"date":"2025-02-20T23:34:06","date_gmt":"2025-02-20T22:34:06","guid":{"rendered":"http:\/\/olemosaic.com\/producto\/plato-de-ceramica-de-85-cm-panoramica-barcelona-beige\/"},"modified":"2025-07-25T20:01:35","modified_gmt":"2025-07-25T18:01:35","slug":"prato-de-ceramica-de-8-5-cm-panoramica-barcelona-bege","status":"publish","type":"product","link":"https:\/\/olemosaic.com\/pt-pt\/produto\/prato-de-ceramica-de-8-5-cm-panoramica-barcelona-bege\/","title":{"rendered":"Prato de cer\u00e2mica de 8,5 cm. Panor\u00e2mica. Barcelona. Bege."},"content":{"rendered":"<p>Este prato de cer\u00e2mica de 8,5 cm \u00e9 uma representa\u00e7\u00e3o elegante da vibrante cidade de Barcelona, desenhado para capturar a ess\u00eancia da sua arquitectura e cultura. A sua forma quadrada com bordas curvas enfatiza um estilo moderno e atraente, ideal para exibir designs em qualquer espa\u00e7o. A ilustra\u00e7\u00e3o, com efeito de pintura \u00e0 m\u00e3o, mostra a ic\u00f3nica Sagrada Fam\u00edlia, juntamente com outros edif\u00edcios emblem\u00e1ticos que adornam o skyline de Barcelona, tudo imerso numa paleta de cores vibrantes como o vermelho, o azul e o amarelo, que evocam a energia da cidade. Decorado com uma borda laranja e o texto &#8220;Barcelona&#8221;, este prato n\u00e3o \u00e9 apenas um objeto funcional, mas tamb\u00e9m uma pe\u00e7a decorativa que evocar\u00e1 recorda\u00e7\u00f5es das suas viagens.<\/p>\n<p>Este souvenir n\u00e3o s\u00f3 representa a habilidade artesanal da cer\u00e2mica catal\u00e3, como tamb\u00e9m real\u00e7a a liga\u00e7\u00e3o cultural de Barcelona com a sua famosa arte e arquitectura. Os visitantes da cidade, que procuram uma recorda\u00e7\u00e3o aut\u00eantica, encontrar\u00e3o neste prato uma excelente op\u00e7\u00e3o que simboliza a riqueza do patrim\u00f3nio espanhol. Na Ol\u00e9 Mosaic, orgulhamo-nos de oferecer produtos \u00fanicos e representativos, tornando este prato de cer\u00e2mica um complemento perfeito para as lojas de presentes tur\u00edsticos. Atraia os seus clientes com um aut\u00eantico souvenir de Barcelona, ideal para quem procura levar um peda\u00e7o da cidade para casa.<\/p>\n","protected":false},"excerpt":{"rendered":"<p>Prato de cer\u00e2mica de 8,5 cm com uma encantadora panor\u00e2mica de Barcelona. Este elegante prato, de design quadrado com bordas curvas, apresenta uma ilustra\u00e7\u00e3o de design artesanal, pintada \u00e0 m\u00e3o, da ic\u00f3nica Sagrada Fam\u00edlia e outros edif\u00edcios emblem\u00e1ticos da cidade, real\u00e7ados com cores vibrantes como o vermelho, o azul e o amarelo. Decorado com uma borda laranja e a palavra &#8220;Barcelona&#8221;, \u00e9 uma pe\u00e7a requintada que evoca a arte e a cultura catal\u00e3, ideal para exibir ou como recorda\u00e7\u00e3o.<\/p>\n","protected":false},"featured_media":7697,"template":"","meta":{"_acf_changed":false},"product_brand":[],"product_cat":[629],"product_tag":[515],"class_list":{"0":"post-34229","1":"product","2":"type-product","3":"status-publish","4":"has-post-thumbnail","6":"product_cat-pratos-decorativos","7":"product_tag-ceramica","8":"pa_ciudad-barcelona","9":"pa_motivo-panoramas","10":"pa_pais-espana","12":"first","13":"instock","14":"shipping-taxable","15":"product-type-simple"},"acf":[],"_links":{"self":[{"href":"https:\/\/olemosaic.com\/pt-pt\/wp-json\/wp\/v2\/product\/34229","targetHints":{"allow":["GET"]}}],"collection":[{"href":"https:\/\/olemosaic.com\/pt-pt\/wp-json\/wp\/v2\/product"}],"about":[{"href":"https:\/\/olemosaic.com\/pt-pt\/wp-json\/wp\/v2\/types\/product"}],"wp:featuredmedia":[{"embeddable":true,"href":"https:\/\/olemosaic.com\/pt-pt\/wp-json\/wp\/v2\/media\/7697"}],"wp:attachment":[{"href":"https:\/\/olemosaic.com\/pt-pt\/wp-json\/wp\/v2\/media?parent=34229"}],"wp:term":[{"taxonomy":"product_brand","embeddable":true,"href":"https:\/\/olemosaic.com\/pt-pt\/wp-json\/wp\/v2\/product_brand?post=34229"},{"taxonomy":"product_cat","embeddable":true,"href":"https:\/\/olemosaic.com\/pt-pt\/wp-json\/wp\/v2\/product_cat?post=34229"},{"taxonomy":"product_tag","embeddable":true,"href":"https:\/\/olemosaic.com\/pt-pt\/wp-json\/wp\/v2\/product_tag?post=34229"}],"curies":[{"name":"wp","href":"https:\/\/api.w.org\/{rel}","templated":true}]}}