{"id":34228,"date":"2025-02-20T22:34:06","date_gmt":"2025-02-20T22:34:06","guid":{"rendered":"http:\/\/olemosaic.com\/producto\/plato-de-ceramica-de-85-cm-la-alhambra-granada-beige\/"},"modified":"2025-07-25T18:33:45","modified_gmt":"2025-07-25T16:33:45","slug":"prato-de-ceramica-de-8-5-cm-alhambra-granada-bege","status":"publish","type":"product","link":"https:\/\/olemosaic.com\/pt-pt\/produto\/prato-de-ceramica-de-8-5-cm-alhambra-granada-bege\/","title":{"rendered":"Prato de cer\u00e2mica de 8,5 cm. Alhambra. Granada. Bege."},"content":{"rendered":"<p>Este prato de cer\u00e2mica de 8,5 cm \u00e9 uma aut\u00eantica joia artesanal que captura a majestade da Alhambra de Granada. Com um design cativante, esta pe\u00e7a destaca-se pela sua paleta de cores vibrante, onde os tons esverdeados e terracota evocam tanto a rica vegeta\u00e7\u00e3o como os hist\u00f3ricos muros do ic\u00f3nico pal\u00e1cio nazar\u00ed, que se ergue majestoso sobre a colina. A decora\u00e7\u00e3o apresenta uma requintada ilustra\u00e7\u00e3o da Alhambra, claramente reconhec\u00edvel e rodeada por um ambiente natural, com a serra ao fundo, criando um contraste visual e cultural que real\u00e7a a beleza da regi\u00e3o. O texto &#8220;La Alhambra Granada&#8221; est\u00e1 estilizado artisticamente numa tipografia que complementa a composi\u00e7\u00e3o, ressaltando sobre um fundo branco que confere luminosidade \u00e0 obra, emoldurado por uma borda vermelha que adiciona um toque distintivo e atraente.<\/p>\n<p>Este prato n\u00e3o \u00e9 apenas uma excelente recorda\u00e7\u00e3o, mas tamb\u00e9m um elemento decorativo que presta homenagem \u00e0 rica heran\u00e7a cultural andaluza. Ideal para turistas que procuram levar um peda\u00e7o da hist\u00f3ria e da beleza de Granada para as suas casas, este souvenir da Alhambra oferece uma lembran\u00e7a tang\u00edvel de uma das maravilhas arquitect\u00f3nicas de Espanha. Na Ol\u00e9 Mosaic, a nossa especialidade na distribui\u00e7\u00e3o de souvenirs por grosso garante que este prato de cer\u00e2mica, que encarna a ess\u00eancia de Granada, seja uma op\u00e7\u00e3o perfeita para lojas de presentes tur\u00edsticos que valorizam a autenticidade e relev\u00e2ncia cultural nos seus produtos. Como grossistas de souvenirs, asseguramos qualidade e design em cada pe\u00e7a, tornando-o um artigo indispens\u00e1vel para os amantes da cultura andaluza.<\/p>\n","protected":false},"excerpt":{"rendered":"<p>Prato de cer\u00e2mica de 8,5 cm inspirado na majestade da Alhambra de Granada. Com um design atraente e detalhes em cores vibrantes, o prato mostra uma ilustra\u00e7\u00e3o do ic\u00f3nico pal\u00e1cio rodeado de vegeta\u00e7\u00e3o, com a Sierra Nevada ao fundo. A decora\u00e7\u00e3o inclui o texto &#8220;La Alhambra Granada&#8221; num estilo art\u00edstico, sobre um fundo branco com uma borda vermelha. Perfeito como recorda\u00e7\u00e3o ou elemento decorativo, este prato combina arte e cultura andaluza numa pe\u00e7a \u00fanica.<\/p>\n","protected":false},"featured_media":7523,"template":"","meta":{"_acf_changed":false},"product_brand":[],"product_cat":[629],"product_tag":[515],"class_list":{"0":"post-34228","1":"product","2":"type-product","3":"status-publish","4":"has-post-thumbnail","6":"product_cat-pratos-decorativos","7":"product_tag-ceramica","8":"pa_ciudad-granada","9":"pa_motivo-a-alhambra","10":"pa_pais-espana","12":"first","13":"instock","14":"shipping-taxable","15":"product-type-simple"},"acf":[],"_links":{"self":[{"href":"https:\/\/olemosaic.com\/pt-pt\/wp-json\/wp\/v2\/product\/34228","targetHints":{"allow":["GET"]}}],"collection":[{"href":"https:\/\/olemosaic.com\/pt-pt\/wp-json\/wp\/v2\/product"}],"about":[{"href":"https:\/\/olemosaic.com\/pt-pt\/wp-json\/wp\/v2\/types\/product"}],"wp:featuredmedia":[{"embeddable":true,"href":"https:\/\/olemosaic.com\/pt-pt\/wp-json\/wp\/v2\/media\/7523"}],"wp:attachment":[{"href":"https:\/\/olemosaic.com\/pt-pt\/wp-json\/wp\/v2\/media?parent=34228"}],"wp:term":[{"taxonomy":"product_brand","embeddable":true,"href":"https:\/\/olemosaic.com\/pt-pt\/wp-json\/wp\/v2\/product_brand?post=34228"},{"taxonomy":"product_cat","embeddable":true,"href":"https:\/\/olemosaic.com\/pt-pt\/wp-json\/wp\/v2\/product_cat?post=34228"},{"taxonomy":"product_tag","embeddable":true,"href":"https:\/\/olemosaic.com\/pt-pt\/wp-json\/wp\/v2\/product_tag?post=34228"}],"curies":[{"name":"wp","href":"https:\/\/api.w.org\/{rel}","templated":true}]}}