{"id":34220,"date":"2025-02-20T23:34:05","date_gmt":"2025-02-20T22:34:05","guid":{"rendered":"http:\/\/olemosaic.com\/producto\/plato-de-ceramica-de-85-cm-panoramica-sevilla-beige\/"},"modified":"2025-07-25T20:27:41","modified_gmt":"2025-07-25T18:27:41","slug":"prato-de-ceramica-de-8-5-cm-panoramica-sevilha-bege","status":"publish","type":"product","link":"https:\/\/olemosaic.com\/pt-pt\/produto\/prato-de-ceramica-de-8-5-cm-panoramica-sevilha-bege\/","title":{"rendered":"Prato de cer\u00e2mica de 8,5 cm. Panor\u00e2mica. Sevilha. Bege."},"content":{"rendered":"<p>Este prato de cer\u00e2mica de 8,5 cm \u00e9 uma encantadora recorda\u00e7\u00e3o de Sevilha, desenhado para capturar a ess\u00eancia vibrante desta hist\u00f3rica cidade andaluza. Com uma elegante forma curva e acabamentos em tons bege, apresenta um atraente motivo panor\u00e2mico que destaca elementos arquitet\u00f3nicos emblem\u00e1ticos de Sevilha, como a majestosa Giralda e o Pal\u00e1cio de San Telmo. A ilustra\u00e7\u00e3o \u00e9 um banquete visual com um uso vibrante de cores, incluindo o vermelho e o verde, complementado pelo nome &#8220;SEVILLA&#8221; em letras multicoloridas, o que proporciona um toque alegre e festivo ao design.<\/p>\n<p>Este prato n\u00e3o \u00e9 apenas funcional, mas tamb\u00e9m uma pe\u00e7a decorativa que real\u00e7a qualquer espa\u00e7o da casa, tornando-se um excelente ponto focal em prateleiras, mesas ou vitrines. Os motivos florais verdes que adornam o rebordo acrescentam um toque aut\u00eantico e tradicional, evocando o rico patrim\u00f3nio cultural da Andaluzia. A cer\u00e2mica com efeito pintado \u00e0 m\u00e3o real\u00e7a o artesanato da zona, fazendo de cada pe\u00e7a uma recorda\u00e7\u00e3o \u00fanica e especial.<\/p>\n<p>Ideal para turistas que procuram uma recorda\u00e7\u00e3o aut\u00eantica de Sevilha, este prato \u00e9 uma magn\u00edfica forma de levar um peda\u00e7o da vibrante cultura andaluza. Na Ol\u00e9 Mosaic, como distribuidores de cer\u00e2mica por grosso, oferecemos aos nossos clientes uma variedade de recorda\u00e7\u00f5es de Sevilha que celebram a beleza e a hist\u00f3ria desta m\u00e1gica cidade, tornando cada produto numa escolha excelente para lojas de recorda\u00e7\u00f5es tur\u00edsticas que apreciam a autenticidade e a qualidade.<\/p>\n","protected":false},"excerpt":{"rendered":"<p>Prato de cer\u00e2mica de 8,5 cm com uma atraente panor\u00e2mica de Sevilha. Este elegante prato, de forma curva e em tons bege com rebordo preto, apresenta uma vibrante ilustra\u00e7\u00e3o da cidade, destacando os seus edif\u00edcios mais emblem\u00e1ticos. Decorado com o nome &#8220;SEVILLA&#8221; a cores e motivos florais verdes, \u00e9 ideal como recorda\u00e7\u00e3o ou para decorar a casa. Perfeito para amantes da cultura andaluza e da cer\u00e2mica de design artesanal, pintada \u00e0 m\u00e3o.<\/p>\n","protected":false},"featured_media":7514,"template":"","meta":{"_acf_changed":false},"product_brand":[],"product_cat":[629],"product_tag":[515],"class_list":{"0":"post-34220","1":"product","2":"type-product","3":"status-publish","4":"has-post-thumbnail","6":"product_cat-pratos-decorativos","7":"product_tag-ceramica","8":"pa_ciudad-sevilla","9":"pa_motivo-panoramas","10":"pa_pais-espana","12":"first","13":"instock","14":"shipping-taxable","15":"product-type-simple"},"acf":[],"_links":{"self":[{"href":"https:\/\/olemosaic.com\/pt-pt\/wp-json\/wp\/v2\/product\/34220","targetHints":{"allow":["GET"]}}],"collection":[{"href":"https:\/\/olemosaic.com\/pt-pt\/wp-json\/wp\/v2\/product"}],"about":[{"href":"https:\/\/olemosaic.com\/pt-pt\/wp-json\/wp\/v2\/types\/product"}],"wp:featuredmedia":[{"embeddable":true,"href":"https:\/\/olemosaic.com\/pt-pt\/wp-json\/wp\/v2\/media\/7514"}],"wp:attachment":[{"href":"https:\/\/olemosaic.com\/pt-pt\/wp-json\/wp\/v2\/media?parent=34220"}],"wp:term":[{"taxonomy":"product_brand","embeddable":true,"href":"https:\/\/olemosaic.com\/pt-pt\/wp-json\/wp\/v2\/product_brand?post=34220"},{"taxonomy":"product_cat","embeddable":true,"href":"https:\/\/olemosaic.com\/pt-pt\/wp-json\/wp\/v2\/product_cat?post=34220"},{"taxonomy":"product_tag","embeddable":true,"href":"https:\/\/olemosaic.com\/pt-pt\/wp-json\/wp\/v2\/product_tag?post=34220"}],"curies":[{"name":"wp","href":"https:\/\/api.w.org\/{rel}","templated":true}]}}