{"id":34219,"date":"2025-02-20T22:34:05","date_gmt":"2025-02-20T22:34:05","guid":{"rendered":"http:\/\/olemosaic.com\/producto\/plato-de-ceramica-de-85-cm-salamandra-barcelona-beige\/"},"modified":"2025-07-25T19:16:45","modified_gmt":"2025-07-25T17:16:45","slug":"prato-de-ceramica-de-8-5-cm-salamandra-barcelona-bege","status":"publish","type":"product","link":"https:\/\/olemosaic.com\/pt-pt\/produto\/prato-de-ceramica-de-8-5-cm-salamandra-barcelona-bege\/","title":{"rendered":"Prato de cer\u00e2mica de 8,5 cm. Salamandra. Barcelona. Bege."},"content":{"rendered":"<p>Este prato de cer\u00e2mica de 8,5 cm, decorado com uma colorida salamandra, \u00e9 uma verdadeira homenagem \u00e0 vibrante cultura de Barcelona. Com um design atraente que combina tons bege de fundo com detalhes em azul, verde e vermelho, este prato capta a ess\u00eancia art\u00edstica da cidade, evocando a influ\u00eancia do c\u00e9lebre arquiteto Antoni Gaud\u00ed. A emblem\u00e1tica salamandra, frequentemente associada ao famoso Parque G\u00fcell, est\u00e1 belamente representada no prato com um estilo mosaico cheio de vida que real\u00e7a a sua forma org\u00e2nica e atraente. Na parte superior, a palavra &#8220;Barcelona&#8221; apresenta-se com uma tipografia amig\u00e1vel, acrescentando um toque distintivo e personalizado ao design. Este artigo n\u00e3o s\u00f3 \u00e9 ideal como objeto decorativo que iluminar\u00e1 qualquer divis\u00e3o, como tamb\u00e9m pode ser utilizado para servir deliciosos aperitivos, gra\u00e7as \u00e0 sua forma curva e acabamentos brilhantes que garantem uma apresenta\u00e7\u00e3o atraente. Esta recorda\u00e7\u00e3o representa a autenticidade da cultura barcelonesa, tornando-se uma excelente lembran\u00e7a para turistas que procuram levar um peda\u00e7o desta ic\u00f3nica cidade. Na Ol\u00e9 Mosaic, como grossistas de recorda\u00e7\u00f5es, oferecemos este prato de cer\u00e2mica que encapsula a riqueza cultural de Barcelona e a sua arte, ideal para lojas de recorda\u00e7\u00f5es tur\u00edsticas que procuram produtos aut\u00eanticos e de qualidade.<\/p>\n","protected":false},"excerpt":{"rendered":"<p>Prato de cer\u00e2mica de 8,5 cm, decorado com uma colorida salamandra, representativa de Barcelona. Este atraente prato apresenta um design em tons bege com vibrantes detalhes em azul, verde e vermelho, que evocam a obra do famoso arquiteto Gaud\u00ed. A palavra &#8220;Barcelona&#8221; aparece na parte superior, acrescentando um toque distintivo. Ideal como elemento decorativo ou para servir pequenos aperitivos, a sua forma curva e acabamentos brilhantes tornam-no numa excelente recorda\u00e7\u00e3o.<\/p>\n","protected":false},"featured_media":7202,"template":"","meta":{"_acf_changed":false},"product_brand":[],"product_cat":[629],"product_tag":[516,515],"class_list":{"0":"post-34219","1":"product","2":"type-product","3":"status-publish","4":"has-post-thumbnail","6":"product_cat-pratos-decorativos","7":"product_tag-animais","8":"product_tag-ceramica","9":"pa_ciudad-barcelona","10":"pa_motivo-salamandras","11":"pa_pais-espana","13":"first","14":"instock","15":"shipping-taxable","16":"product-type-simple"},"acf":[],"_links":{"self":[{"href":"https:\/\/olemosaic.com\/pt-pt\/wp-json\/wp\/v2\/product\/34219","targetHints":{"allow":["GET"]}}],"collection":[{"href":"https:\/\/olemosaic.com\/pt-pt\/wp-json\/wp\/v2\/product"}],"about":[{"href":"https:\/\/olemosaic.com\/pt-pt\/wp-json\/wp\/v2\/types\/product"}],"wp:featuredmedia":[{"embeddable":true,"href":"https:\/\/olemosaic.com\/pt-pt\/wp-json\/wp\/v2\/media\/7202"}],"wp:attachment":[{"href":"https:\/\/olemosaic.com\/pt-pt\/wp-json\/wp\/v2\/media?parent=34219"}],"wp:term":[{"taxonomy":"product_brand","embeddable":true,"href":"https:\/\/olemosaic.com\/pt-pt\/wp-json\/wp\/v2\/product_brand?post=34219"},{"taxonomy":"product_cat","embeddable":true,"href":"https:\/\/olemosaic.com\/pt-pt\/wp-json\/wp\/v2\/product_cat?post=34219"},{"taxonomy":"product_tag","embeddable":true,"href":"https:\/\/olemosaic.com\/pt-pt\/wp-json\/wp\/v2\/product_tag?post=34219"}],"curies":[{"name":"wp","href":"https:\/\/api.w.org\/{rel}","templated":true}]}}