{"id":34218,"date":"2025-02-20T22:34:05","date_gmt":"2025-02-20T22:34:05","guid":{"rendered":"http:\/\/olemosaic.com\/producto\/plato-de-ceramica-de-23-cm-panoramica-barcelona-beige\/"},"modified":"2025-07-25T19:22:23","modified_gmt":"2025-07-25T17:22:23","slug":"prato-de-ceramica-de-23-cm-panoramica-barcelona-bege","status":"publish","type":"product","link":"https:\/\/olemosaic.com\/pt-pt\/produto\/prato-de-ceramica-de-23-cm-panoramica-barcelona-bege\/","title":{"rendered":"Prato de cer\u00e2mica de 23 cm. Panor\u00e2mica. Barcelona. Bege."},"content":{"rendered":"<p>Este prato de cer\u00e2mica de 23 cm \u00e9 uma pe\u00e7a excecional que capta a vibrante ess\u00eancia de Barcelona. Com um elegante fundo bege, apresenta uma ilustra\u00e7\u00e3o panor\u00e2mica da emblem\u00e1tica Sagrada Fam\u00edlia, um \u00edcone arquitet\u00f3nico da cidade, que reflete o estilo \u00fanico de Antoni Gaud\u00ed. A ilustra\u00e7\u00e3o, elaborada com detalhes em mosaico, evoca a t\u00e9cnica distintiva do arquiteto modernista, criando um efeito visual impactante, cheio de colorido e dinamismo. Na parte superior do prato, o nome &#8220;Barcelona&#8221; est\u00e1 impresso artisticamente, acrescentando um toque cultural e distintivo que real\u00e7a a liga\u00e7\u00e3o da recorda\u00e7\u00e3o com a cidade.<\/p>\n<p>O rebordo do prato, numa atraente cor vermelha, emoldura a cena central, conferindo um ar moderno e elegante. Este prato n\u00e3o \u00e9 apenas um objeto decorativo, mas tamb\u00e9m uma pe\u00e7a representativa que evoca mem\u00f3rias da rica heran\u00e7a cultural de Barcelona, ideal para quem procura levar para casa um pedacinho da cidade. Na Ol\u00e9 Mosaic, oferecemos recorda\u00e7\u00f5es aut\u00eanticas que celebram a diversidade cultural de cada regi\u00e3o. Este prato de cer\u00e2mica \u00e9 uma excelente ideia de presente para turistas que desejem adquirir uma recorda\u00e7\u00e3o significativa e \u00fanica da sua visita a Barcelona, tornando-o um produto ideal para lojas de recorda\u00e7\u00f5es tur\u00edsticas que procuram ofertas de qualidade. Como grossistas de recorda\u00e7\u00f5es, garantimos autenticidade e artesanato em cada uma das nossas pe\u00e7as.<\/p>\n","protected":false},"excerpt":{"rendered":"<p>Prato de cer\u00e2mica de 23 cm com uma encantadora panor\u00e2mica de Barcelona. Este elegante prato bege apresenta uma colorida ilustra\u00e7\u00e3o da famosa Sagrada Fam\u00edlia, com detalhes em mosaico que evocam o estilo \u00fanico de Gaud\u00ed. O rebordo vermelho real\u00e7a a cena, e o nome &#8220;Barcelona&#8221; est\u00e1 impresso de forma art\u00edstica, acrescentando um toque distintivo e cultural. Ideal como pe\u00e7a decorativa ou para recorda\u00e7\u00f5es que capturam a ess\u00eancia da cidade.<\/p>\n","protected":false},"featured_media":7753,"template":"","meta":{"_acf_changed":false},"product_brand":[],"product_cat":[629],"product_tag":[515],"class_list":{"0":"post-34218","1":"product","2":"type-product","3":"status-publish","4":"has-post-thumbnail","6":"product_cat-pratos-decorativos","7":"product_tag-ceramica","8":"pa_ciudad-barcelona","9":"pa_motivo-panoramas","10":"pa_pais-espana","12":"first","13":"instock","14":"shipping-taxable","15":"product-type-simple"},"acf":[],"_links":{"self":[{"href":"https:\/\/olemosaic.com\/pt-pt\/wp-json\/wp\/v2\/product\/34218","targetHints":{"allow":["GET"]}}],"collection":[{"href":"https:\/\/olemosaic.com\/pt-pt\/wp-json\/wp\/v2\/product"}],"about":[{"href":"https:\/\/olemosaic.com\/pt-pt\/wp-json\/wp\/v2\/types\/product"}],"wp:featuredmedia":[{"embeddable":true,"href":"https:\/\/olemosaic.com\/pt-pt\/wp-json\/wp\/v2\/media\/7753"}],"wp:attachment":[{"href":"https:\/\/olemosaic.com\/pt-pt\/wp-json\/wp\/v2\/media?parent=34218"}],"wp:term":[{"taxonomy":"product_brand","embeddable":true,"href":"https:\/\/olemosaic.com\/pt-pt\/wp-json\/wp\/v2\/product_brand?post=34218"},{"taxonomy":"product_cat","embeddable":true,"href":"https:\/\/olemosaic.com\/pt-pt\/wp-json\/wp\/v2\/product_cat?post=34218"},{"taxonomy":"product_tag","embeddable":true,"href":"https:\/\/olemosaic.com\/pt-pt\/wp-json\/wp\/v2\/product_tag?post=34218"}],"curies":[{"name":"wp","href":"https:\/\/api.w.org\/{rel}","templated":true}]}}