{"id":34201,"date":"2025-02-20T23:34:04","date_gmt":"2025-02-20T22:34:04","guid":{"rendered":"http:\/\/olemosaic.com\/producto\/plato-de-ceramica-de-20-cm-flores-blanco\/"},"modified":"2025-07-25T18:48:57","modified_gmt":"2025-07-25T16:48:57","slug":"prato-de-ceramica-de-20-cm-flores-branco","status":"publish","type":"product","link":"https:\/\/olemosaic.com\/pt-pt\/produto\/prato-de-ceramica-de-20-cm-flores-branco\/","title":{"rendered":"Prato de cer\u00e2mica de 20 cm. Flores. Branco."},"content":{"rendered":"<p>Este prato de cer\u00e2mica de 20 cm \u00e9 uma obra-prima que capta a ess\u00eancia da arte cer\u00e2mica tradicional espanhola, tornando-se uma recorda\u00e7\u00e3o aut\u00eantica e vibrante da cultura local. Decorado com um deslumbrante design floral num mosaico brilhante, o prato destaca-se pela sua paleta de cores vivas, com tons de vermelho, amarelo, azul e laranja sobre um fundo branco que confere clareza e eleg\u00e2ncia. Cada detalhe foi pintado \u00e0 m\u00e3o, o que garante que n\u00e3o \u00e9 apenas um prato para servir aperitivos, mas tamb\u00e9m uma pe\u00e7a decorativa que real\u00e7a qualquer espa\u00e7o da casa.<\/p>\n<p>Os motivos florais evocam a rica heran\u00e7a do folclore andaluz, recordando as paisagens floridas e a alegria das celebra\u00e7\u00f5es locais. A cer\u00e2mica \u00e9 um s\u00edmbolo da arte popular espanhola, que reflete a habilidade e dedica\u00e7\u00e3o dos artes\u00e3os que mant\u00eam viva esta tradi\u00e7\u00e3o. Este prato n\u00e3o \u00e9 apenas um acess\u00f3rio funcional para a mesa, mas tamb\u00e9m uma recorda\u00e7\u00e3o significativa que os turistas podem levar para casa. Ideal para qualquer loja de presentes tur\u00edsticos, este produto da &#8220;Ol\u00e9 Mosaic&#8221; \u00e9 uma excelente op\u00e7\u00e3o para quem procura souvenirs de cer\u00e2mica aut\u00eantica que representem a cultura e heran\u00e7a espanhola. Fa\u00e7a-o parte da sua cole\u00e7\u00e3o de recorda\u00e7\u00f5es e adicione um toque de cor e tradi\u00e7\u00e3o \u00e0 sua casa.<\/p>\n","protected":false},"excerpt":{"rendered":"<p>Prato de cer\u00e2mica de 20 cm decorado com um vibrante design floral. Este colorido prato apresenta um mosaico brilhante em tons de vermelho, amarelo, azul e laranja sobre um fundo branco, evocando o estilo tradicional da cer\u00e2mica espanhola. Perfeito para servir aperitivos ou como pe\u00e7a decorativa, cada detalhe foi cuidadosamente desenhado de forma artesanal e pintado \u00e0 m\u00e3o, real\u00e7ando a riqueza do folclore andaluz. Um complemento ideal para qualquer casa.<\/p>\n","protected":false},"featured_media":9016,"template":"","meta":{"_acf_changed":false},"product_brand":[],"product_cat":[629],"product_tag":[515],"class_list":{"0":"post-34201","1":"product","2":"type-product","3":"status-publish","4":"has-post-thumbnail","6":"product_cat-pratos-decorativos","7":"product_tag-ceramica","8":"pa_motivo-flores","10":"first","11":"instock","12":"shipping-taxable","13":"product-type-simple"},"acf":[],"_links":{"self":[{"href":"https:\/\/olemosaic.com\/pt-pt\/wp-json\/wp\/v2\/product\/34201","targetHints":{"allow":["GET"]}}],"collection":[{"href":"https:\/\/olemosaic.com\/pt-pt\/wp-json\/wp\/v2\/product"}],"about":[{"href":"https:\/\/olemosaic.com\/pt-pt\/wp-json\/wp\/v2\/types\/product"}],"wp:featuredmedia":[{"embeddable":true,"href":"https:\/\/olemosaic.com\/pt-pt\/wp-json\/wp\/v2\/media\/9016"}],"wp:attachment":[{"href":"https:\/\/olemosaic.com\/pt-pt\/wp-json\/wp\/v2\/media?parent=34201"}],"wp:term":[{"taxonomy":"product_brand","embeddable":true,"href":"https:\/\/olemosaic.com\/pt-pt\/wp-json\/wp\/v2\/product_brand?post=34201"},{"taxonomy":"product_cat","embeddable":true,"href":"https:\/\/olemosaic.com\/pt-pt\/wp-json\/wp\/v2\/product_cat?post=34201"},{"taxonomy":"product_tag","embeddable":true,"href":"https:\/\/olemosaic.com\/pt-pt\/wp-json\/wp\/v2\/product_tag?post=34201"}],"curies":[{"name":"wp","href":"https:\/\/api.w.org\/{rel}","templated":true}]}}