{"id":34200,"date":"2025-02-20T22:34:04","date_gmt":"2025-02-20T22:34:04","guid":{"rendered":"http:\/\/olemosaic.com\/producto\/plato-de-ceramica-de-20-cm-salamandra-y-flores-blanco\/"},"modified":"2025-07-25T20:31:41","modified_gmt":"2025-07-25T18:31:41","slug":"prato-de-ceramica-de-20-cm-salamandra-e-flores-branco","status":"publish","type":"product","link":"https:\/\/olemosaic.com\/pt-pt\/produto\/prato-de-ceramica-de-20-cm-salamandra-e-flores-branco\/","title":{"rendered":"Prato de cer\u00e2mica de 20 cm. Salamandra e flores. Branco."},"content":{"rendered":"<p>Este prato de cer\u00e2mica de 20 cm \u00e9 uma amostra maravilhosa da arte cl\u00e1ssica espanhola, decorado com vibrantes salamandras e flores que conferem um toque de cor a qualquer ambiente. A base branca do prato real\u00e7a o intrincado design, que combina um padr\u00e3o de trencad\u00eds, evocando a frescura da natureza. As salamandras, representadas em tons de vermelho, amarelo, verde e azul, parecem ganhar vida na superf\u00edcie do prato, criando um contraste din\u00e2mico com as exuberantes flores que as rodeiam. Este design n\u00e3o s\u00f3 \u00e9 visualmente atraente, como tamb\u00e9m reflete a rica biodiversidade e o simbolismo da fauna na cultura espanhola.<\/p>\n<p>Com a sua est\u00e9tica moderna e as suas ra\u00edzes tradicionais, este prato \u00e9 perfeito tanto para servir como para exibir, tornando-se um elemento decorativo que cativa quem o contempla. Al\u00e9m disso, a sua representa\u00e7\u00e3o de elementos aut\u00f3ctones da regi\u00e3o torna-o um atraente souvenir para quem deseja levar um peda\u00e7o de Espanha. Na Ol\u00e9 Mosaic, oferecemos este prato como parte da nossa gama de souvenirs que refletem a autenticidade e a arte do pa\u00eds. \u00c9 uma excelente op\u00e7\u00e3o para lojas de presentes tur\u00edsticos que procuram produtos \u00fanicos e com significado cultural. Como distribuidores de souvenirs por grosso, garantimos qualidade e encanto em cada pe\u00e7a, fazendo deste prato de cer\u00e2mica um imprescind\u00edvel para qualquer amante da decora\u00e7\u00e3o.<\/p>\n","protected":false},"excerpt":{"rendered":"<p>Prato de cer\u00e2mica de 20 cm decorado com salamandras multicoloridas e flores vibrantes. Este belo prato, que se destaca pelo seu design em tons de vermelho, amarelo, verde e azul, capta a ess\u00eancia da arte cl\u00e1ssica espanhola. A sua superf\u00edcie branca \u00e9 adornada com um padr\u00e3o de trencad\u00eds, evocando um estilo moderno que recorda as vistas frescas da natureza. Ideal para exibir em qualquer ambiente, este prato combina funcionalidade e est\u00e9tica, tornando-se um atraente elemento decorativo.<\/p>\n","protected":false},"featured_media":8350,"template":"","meta":{"_acf_changed":false},"product_brand":[],"product_cat":[629],"product_tag":[516,515],"class_list":{"0":"post-34200","1":"product","2":"type-product","3":"status-publish","4":"has-post-thumbnail","6":"product_cat-pratos-decorativos","7":"product_tag-animais","8":"product_tag-ceramica","9":"pa_motivo-salamandras","11":"first","12":"instock","13":"shipping-taxable","14":"product-type-simple"},"acf":[],"_links":{"self":[{"href":"https:\/\/olemosaic.com\/pt-pt\/wp-json\/wp\/v2\/product\/34200","targetHints":{"allow":["GET"]}}],"collection":[{"href":"https:\/\/olemosaic.com\/pt-pt\/wp-json\/wp\/v2\/product"}],"about":[{"href":"https:\/\/olemosaic.com\/pt-pt\/wp-json\/wp\/v2\/types\/product"}],"wp:featuredmedia":[{"embeddable":true,"href":"https:\/\/olemosaic.com\/pt-pt\/wp-json\/wp\/v2\/media\/8350"}],"wp:attachment":[{"href":"https:\/\/olemosaic.com\/pt-pt\/wp-json\/wp\/v2\/media?parent=34200"}],"wp:term":[{"taxonomy":"product_brand","embeddable":true,"href":"https:\/\/olemosaic.com\/pt-pt\/wp-json\/wp\/v2\/product_brand?post=34200"},{"taxonomy":"product_cat","embeddable":true,"href":"https:\/\/olemosaic.com\/pt-pt\/wp-json\/wp\/v2\/product_cat?post=34200"},{"taxonomy":"product_tag","embeddable":true,"href":"https:\/\/olemosaic.com\/pt-pt\/wp-json\/wp\/v2\/product_tag?post=34200"}],"curies":[{"name":"wp","href":"https:\/\/api.w.org\/{rel}","templated":true}]}}