{"id":34198,"date":"2025-02-20T23:34:04","date_gmt":"2025-02-20T22:34:04","guid":{"rendered":"http:\/\/olemosaic.com\/producto\/plato-de-ceramica-de-20-cm-patio-blanco-2\/"},"modified":"2025-07-25T19:31:35","modified_gmt":"2025-07-25T17:31:35","slug":"prato-de-ceramica-de-20-cm-patio-branco-2","status":"publish","type":"product","link":"https:\/\/olemosaic.com\/pt-pt\/produto\/prato-de-ceramica-de-20-cm-patio-branco-2\/","title":{"rendered":"Prato de cer\u00e2mica de 20 cm. P\u00e1tio andaluz. Branco."},"content":{"rendered":"<p>Este prato de cer\u00e2mica de 20 cm \u00e9 uma encantadora recorda\u00e7\u00e3o de Espanha que capta a vivacidade de um p\u00e1tio andaluz. Com um fundo branco que real\u00e7a o seu colorido design pintado \u00e0 m\u00e3o, este prato apresenta uma cena vibrante onde um par de bailarinos se move ao ritmo do flamenco. A mulher, vestida com um deslumbrante traje vermelho com bolas, segura um leque que evoca a paix\u00e3o e a gra\u00e7a da dan\u00e7a espanhola, enquanto o seu companheiro, trajado com um elegante fato preto, a acompanha nesta dan\u00e7a cultural.<\/p>\n<p>O ambiente do p\u00e1tio, emoldurado por uma bela janela decorada com flores vermelhas e vasos, acrescenta um toque aut\u00eantico e acolhedor. Elementos tradicionais como uma guitarra e uma cadeira de madeira estilizada complementam a composi\u00e7\u00e3o, refletindo a rica heran\u00e7a cultural da Andaluzia. Este prato n\u00e3o s\u00f3 \u00e9 ideal como elemento decorativo para qualquer casa, como tamb\u00e9m se torna um s\u00edmbolo representativo da cultura andaluza, tornando-o uma recorda\u00e7\u00e3o \u00fanica e especial para quem visita Espanha.<\/p>\n<p>Na Ol\u00e9 Mosaic, orgulhamo-nos de oferecer aut\u00eanticas recorda\u00e7\u00f5es de cer\u00e2mica por grosso, ideais para lojas de presentes tur\u00edsticos que desejam proporcionar aos seus clientes uma pe\u00e7a significativa da tradi\u00e7\u00e3o espanhola. Este prato decorativo \u00e9, sem d\u00favida, uma excelente escolha para quem procura uma recorda\u00e7\u00e3o que encapsule a ess\u00eancia do flamenco e o encanto dos p\u00e1tios andaluzes.<\/p>\n","protected":false},"excerpt":{"rendered":"<p>Prato de cer\u00e2mica de 20 cm decorado com uma vibrante cena de um p\u00e1tio andaluz. Este prato branco apresenta uma ilustra\u00e7\u00e3o de design artesanal, pintada \u00e0 m\u00e3o, de um par de bailarinos. A mulher exibe um vestido vermelho de bolas e segura um leque. Ao fundo, uma colorida janela, rodeada de vasos com flores vermelhas, complementa a decora\u00e7\u00e3o. Uma guitarra e uma cadeira de estilo tradicional acrescentam um toque aut\u00eantico. Perfeito como elemento decorativo ou recorda\u00e7\u00e3o de Espanha.<\/p>\n","protected":false},"featured_media":8413,"template":"","meta":{"_acf_changed":false},"product_brand":[],"product_cat":[629],"product_tag":[515],"class_list":{"0":"post-34198","1":"product","2":"type-product","3":"status-publish","4":"has-post-thumbnail","6":"product_cat-pratos-decorativos","7":"product_tag-ceramica","8":"pa_motivo-patios","10":"first","11":"instock","12":"shipping-taxable","13":"product-type-simple"},"acf":[],"_links":{"self":[{"href":"https:\/\/olemosaic.com\/pt-pt\/wp-json\/wp\/v2\/product\/34198","targetHints":{"allow":["GET"]}}],"collection":[{"href":"https:\/\/olemosaic.com\/pt-pt\/wp-json\/wp\/v2\/product"}],"about":[{"href":"https:\/\/olemosaic.com\/pt-pt\/wp-json\/wp\/v2\/types\/product"}],"wp:featuredmedia":[{"embeddable":true,"href":"https:\/\/olemosaic.com\/pt-pt\/wp-json\/wp\/v2\/media\/8413"}],"wp:attachment":[{"href":"https:\/\/olemosaic.com\/pt-pt\/wp-json\/wp\/v2\/media?parent=34198"}],"wp:term":[{"taxonomy":"product_brand","embeddable":true,"href":"https:\/\/olemosaic.com\/pt-pt\/wp-json\/wp\/v2\/product_brand?post=34198"},{"taxonomy":"product_cat","embeddable":true,"href":"https:\/\/olemosaic.com\/pt-pt\/wp-json\/wp\/v2\/product_cat?post=34198"},{"taxonomy":"product_tag","embeddable":true,"href":"https:\/\/olemosaic.com\/pt-pt\/wp-json\/wp\/v2\/product_tag?post=34198"}],"curies":[{"name":"wp","href":"https:\/\/api.w.org\/{rel}","templated":true}]}}