{"id":34197,"date":"2025-02-20T23:34:04","date_gmt":"2025-02-20T22:34:04","guid":{"rendered":"http:\/\/olemosaic.com\/producto\/plato-de-ceramica-de-20-cm-barcelona-blanco\/"},"modified":"2025-07-25T19:19:26","modified_gmt":"2025-07-25T17:19:26","slug":"prato-de-ceramica-de-20-cm-barcelona-branco","status":"publish","type":"product","link":"https:\/\/olemosaic.com\/pt-pt\/produto\/prato-de-ceramica-de-20-cm-barcelona-branco\/","title":{"rendered":"Prato de cer\u00e2mica de 20 cm. Barcelona. Branco."},"content":{"rendered":"<p>Este prato de cer\u00e2mica de 20 cm \u00e9 uma recorda\u00e7\u00e3o cativante que representa a ess\u00eancia vibrante de Barcelona. Com um fundo branco que real\u00e7a o colorido design pintado \u00e0 m\u00e3o, o prato exibe uma impressionante ilustra\u00e7\u00e3o da Sagrada Fam\u00edlia, juntamente com outros edif\u00edcios emblem\u00e1ticos da cidade, imortalizando a arquitetura modernista que caracteriza a capital catal\u00e3. Os tons ricos de laranja, amarelo e vermelho que decoram a pe\u00e7a evocam n\u00e3o s\u00f3 o calor do sol barcelon\u00eas, mas tamb\u00e9m a criatividade e o esp\u00edrito art\u00edstico que emanam das suas ruas.<\/p>\n<p>Na parte superior do prato, a palavra &#8220;Barcelona&#8221; apresenta-se com letras chamativas, acrescentando um toque contempor\u00e2neo ao design. Os detalhes em mosaicos e formas geom\u00e9tricas s\u00e3o uma clara refer\u00eancia \u00e0 obra do c\u00e9lebre arquiteto Antoni Gaud\u00ed, criando um v\u00ednculo cultural que transcende esta atraente recorda\u00e7\u00e3o. Este prato n\u00e3o \u00e9 apenas uma pe\u00e7a decorativa, mas tamb\u00e9m uma janela para as tradi\u00e7\u00f5es e para o patrim\u00f3nio da cidade, lo que o torna um excelente presente para turistas que procuram uma recorda\u00e7\u00e3o aut\u00eantica e significativa da sua visita.<\/p>\n<p>Na Ol\u00e9 Mosaic, distribu\u00edmos este tipo de recorda\u00e7\u00f5es por grosso, ideais para lojas de presentes tur\u00edsticos que desejem oferecer produtos que encapsulem a ess\u00eancia cultural de Barcelona. Com este prato de cer\u00e2mica, os seus clientes levar\u00e3o uma pe\u00e7a \u00fanica que lhes recordar\u00e1 a sua experi\u00eancia nesta magn\u00edfica cidade.<\/p>\n","protected":false},"excerpt":{"rendered":"<p>Prato de cer\u00e2mica de 20 cm, decorado com uma colorida representa\u00e7\u00e3o da Sagrada Fam\u00edlia e outros edif\u00edcios emblem\u00e1ticos de Barcelona. Este prato branco apresenta um design vibrante artesanal, pintado \u00e0 m\u00e3o, com motivos que incluem mosaicos e formas geom\u00e9tricas, evocando o estilo modernista da cidade. Na parte superior destaca-se a palavra &#8220;Barcelona&#8221; em letras chamativas, o que o torna um atraente souvenir que capta a ess\u00eancia da Cidade Condal.<\/p>\n","protected":false},"featured_media":9505,"template":"","meta":{"_acf_changed":false},"product_brand":[],"product_cat":[629],"product_tag":[515],"class_list":{"0":"post-34197","1":"product","2":"type-product","3":"status-publish","4":"has-post-thumbnail","6":"product_cat-pratos-decorativos","7":"product_tag-ceramica","8":"pa_ciudad-barcelona","9":"pa_pais-espana","11":"first","12":"instock","13":"shipping-taxable","14":"product-type-simple"},"acf":[],"_links":{"self":[{"href":"https:\/\/olemosaic.com\/pt-pt\/wp-json\/wp\/v2\/product\/34197","targetHints":{"allow":["GET"]}}],"collection":[{"href":"https:\/\/olemosaic.com\/pt-pt\/wp-json\/wp\/v2\/product"}],"about":[{"href":"https:\/\/olemosaic.com\/pt-pt\/wp-json\/wp\/v2\/types\/product"}],"wp:featuredmedia":[{"embeddable":true,"href":"https:\/\/olemosaic.com\/pt-pt\/wp-json\/wp\/v2\/media\/9505"}],"wp:attachment":[{"href":"https:\/\/olemosaic.com\/pt-pt\/wp-json\/wp\/v2\/media?parent=34197"}],"wp:term":[{"taxonomy":"product_brand","embeddable":true,"href":"https:\/\/olemosaic.com\/pt-pt\/wp-json\/wp\/v2\/product_brand?post=34197"},{"taxonomy":"product_cat","embeddable":true,"href":"https:\/\/olemosaic.com\/pt-pt\/wp-json\/wp\/v2\/product_cat?post=34197"},{"taxonomy":"product_tag","embeddable":true,"href":"https:\/\/olemosaic.com\/pt-pt\/wp-json\/wp\/v2\/product_tag?post=34197"}],"curies":[{"name":"wp","href":"https:\/\/api.w.org\/{rel}","templated":true}]}}