{"id":34166,"date":"2025-02-20T22:34:03","date_gmt":"2025-02-20T22:34:03","guid":{"rendered":"http:\/\/olemosaic.com\/producto\/plato-de-ceramica-de-18-cm-panoramica-barcelona-beige\/"},"modified":"2025-07-25T19:00:36","modified_gmt":"2025-07-25T17:00:36","slug":"prato-de-ceramica-de-18-cm-panoramica-barcelona-bege","status":"publish","type":"product","link":"https:\/\/olemosaic.com\/pt-pt\/produto\/prato-de-ceramica-de-18-cm-panoramica-barcelona-bege\/","title":{"rendered":"Prato de cer\u00e2mica de 18 cm. Panor\u00e2mica. Barcelona. Bege."},"content":{"rendered":"<p>Este prato de cer\u00e2mica de 18 cm \u00e9 uma homenagem vibrante a Barcelona, ideal para quem procura um souvenir aut\u00eantico e representativo da cidade. Decorado com uma panor\u00e2mica colorida que destaca as ic\u00f3nicas torres do templo da Sagrada Fam\u00edlia, este prato captura o esp\u00edrito da obra-prima de Antoni Gaud\u00ed. Os tons quentes da cer\u00e2mica combinam-se com um fundo bege, criando um contraste atraente que real\u00e7a o design inspirado nos famosos mosaicos da cidade. A palavra &#8220;Barcelona&#8221; aparece num estilo gr\u00e1fico chamativo, acrescentando um toque distintivo que ressalta a sua liga\u00e7\u00e3o cultural.<\/p>\n<p>Este prato n\u00e3o \u00e9 apenas uma pe\u00e7a decorativa, mas tamb\u00e9m funcional, perfeito para servir aperitivos ou simplesmente como elemento decorativo em qualquer lar. O seu design vibrante e art\u00edstico encapsula a heran\u00e7a cultural de Barcelona, tornando-o uma recorda\u00e7\u00e3o que transporta os visitantes para as ruas cheias de vida e cor desta fascinante cidade.<\/p>\n<p>Na Ol\u00e9 Mosaic especializamo-nos na distribui\u00e7\u00e3o de souvenirs aut\u00eanticos por grosso, e este prato de cer\u00e2mica \u00e9 uma excelente op\u00e7\u00e3o para lojas de presentes tur\u00edsticos que procuram oferecer produtos que combinam arte e funcionalidade. Com este souvenir de Barcelona, os seus clientes poder\u00e3o levar para casa um fragmento da cultura catal\u00e3 e desfrutar de uma representa\u00e7\u00e3o visual que celebra a riqueza da cidade.<\/p>\n","protected":false},"excerpt":{"rendered":"<p>Prato de cer\u00e2mica de 18 cm com uma panor\u00e2mica colorida de Barcelona. Este atraente prato, decorado com um design vibrante inspirado nos famosos mosaicos da cidade, mostra as ic\u00f3nicas torres do templo da Sagrada Fam\u00edlia em tons quentes sobre um fundo bege. A palavra &#8220;Barcelona&#8221; aparece com um estilo gr\u00e1fico chamativo, ressaltando a sua liga\u00e7\u00e3o cultural. Perfeito como recorda\u00e7\u00e3o ou pe\u00e7a decorativa, combina arte e funcionalidade.<\/p>\n","protected":false},"featured_media":7754,"template":"","meta":{"_acf_changed":false},"product_brand":[],"product_cat":[629],"product_tag":[515],"class_list":{"0":"post-34166","1":"product","2":"type-product","3":"status-publish","4":"has-post-thumbnail","6":"product_cat-pratos-decorativos","7":"product_tag-ceramica","8":"pa_ciudad-barcelona","9":"pa_motivo-panoramas","10":"pa_pais-espana","12":"first","13":"instock","14":"shipping-taxable","15":"product-type-simple"},"acf":[],"_links":{"self":[{"href":"https:\/\/olemosaic.com\/pt-pt\/wp-json\/wp\/v2\/product\/34166","targetHints":{"allow":["GET"]}}],"collection":[{"href":"https:\/\/olemosaic.com\/pt-pt\/wp-json\/wp\/v2\/product"}],"about":[{"href":"https:\/\/olemosaic.com\/pt-pt\/wp-json\/wp\/v2\/types\/product"}],"wp:featuredmedia":[{"embeddable":true,"href":"https:\/\/olemosaic.com\/pt-pt\/wp-json\/wp\/v2\/media\/7754"}],"wp:attachment":[{"href":"https:\/\/olemosaic.com\/pt-pt\/wp-json\/wp\/v2\/media?parent=34166"}],"wp:term":[{"taxonomy":"product_brand","embeddable":true,"href":"https:\/\/olemosaic.com\/pt-pt\/wp-json\/wp\/v2\/product_brand?post=34166"},{"taxonomy":"product_cat","embeddable":true,"href":"https:\/\/olemosaic.com\/pt-pt\/wp-json\/wp\/v2\/product_cat?post=34166"},{"taxonomy":"product_tag","embeddable":true,"href":"https:\/\/olemosaic.com\/pt-pt\/wp-json\/wp\/v2\/product_tag?post=34166"}],"curies":[{"name":"wp","href":"https:\/\/api.w.org\/{rel}","templated":true}]}}