{"id":34163,"date":"2025-02-20T22:34:03","date_gmt":"2025-02-20T22:34:03","guid":{"rendered":"http:\/\/olemosaic.com\/producto\/plato-de-ceramica-de-15-cm-bogavante-blanco\/"},"modified":"2025-07-25T19:32:40","modified_gmt":"2025-07-25T17:32:40","slug":"prato-de-ceramica-de-15-cm-lavagante-branco","status":"publish","type":"product","link":"https:\/\/olemosaic.com\/pt-pt\/produto\/prato-de-ceramica-de-15-cm-lavagante-branco\/","title":{"rendered":"Prato de cer\u00e2mica de 15 cm. Lavagante. Branco."},"content":{"rendered":"<p>Este prato de cer\u00e2mica de 15 cm, decorado com ilustra\u00e7\u00f5es vibrantes de lavagantes, \u00e9 um reflexo aut\u00eantico da riqueza cultural mediterr\u00e2nica. O seu design cativante apresenta um fundo branco e azul, onde os lavagantes, pintados em tons de vermelho e laranja, ganham vida, mostrando pormenores e texturas minuciosos. Este design colorido, no qual os mariscos parecem nadar num delicado padr\u00e3o de mosaico, inspira-se na tradi\u00e7\u00e3o costeira espanhola, tornando este prato uma pe\u00e7a n\u00e3o s\u00f3 funcional, mas tamb\u00e9m decorativa.<\/p>\n<p>Ideal para servir tapas ou como elemento decorativo em qualquer mesa, este prato captura a ess\u00eancia das costas espanholas, evocando momentos de prazer e celebra\u00e7\u00e3o em torno da boa comida. A sua autenticidade como recorda\u00e7\u00e3o tur\u00edstica torna-o um presente perfeito para quem procura souvenirs que falem da cultura local. Na Ol\u00e9 Mosaic, como grossistas de cer\u00e2mica, garantimos que cada produto conte com um design exclusivo e seja fabricado com os mais elevados padr\u00f5es de qualidade. Oferecemos \u00e0s lojas de presentes tur\u00edsticos uma op\u00e7\u00e3o encantadora com este atraente prato de cer\u00e2mica, que se destaca pela sua relev\u00e2ncia cultural e pela sua liga\u00e7\u00e3o ao patrim\u00f3nio gastron\u00f3mico de Espanha.<\/p>\n","protected":false},"excerpt":{"rendered":"<p>Prato de cer\u00e2mica de 15 cm decorado com ilustra\u00e7\u00f5es de lavagantes sobre um fundo vibrante branco e azul. Este atraente prato apresenta um design colorido, com pormenores minuciosos dos lavagantes em tons de vermelho e laranja, que se destacam sobre um delicado padr\u00e3o de mosaico que evoca a rica tradi\u00e7\u00e3o mediterr\u00e2nica. Ideal para servir tapas ou como elemento decorativo em qualquer mesa. Uma bela recorda\u00e7\u00e3o que captura a ess\u00eancia costeira da cultura espanhola.<\/p>\n","protected":false},"featured_media":9468,"template":"","meta":{"_acf_changed":false},"product_brand":[],"product_cat":[629],"product_tag":[516,515],"class_list":{"0":"post-34163","1":"product","2":"type-product","3":"status-publish","4":"has-post-thumbnail","6":"product_cat-pratos-decorativos","7":"product_tag-animais","8":"product_tag-ceramica","9":"pa_motivo-lavagantes","11":"first","12":"instock","13":"shipping-taxable","14":"product-type-simple"},"acf":[],"_links":{"self":[{"href":"https:\/\/olemosaic.com\/pt-pt\/wp-json\/wp\/v2\/product\/34163","targetHints":{"allow":["GET"]}}],"collection":[{"href":"https:\/\/olemosaic.com\/pt-pt\/wp-json\/wp\/v2\/product"}],"about":[{"href":"https:\/\/olemosaic.com\/pt-pt\/wp-json\/wp\/v2\/types\/product"}],"wp:featuredmedia":[{"embeddable":true,"href":"https:\/\/olemosaic.com\/pt-pt\/wp-json\/wp\/v2\/media\/9468"}],"wp:attachment":[{"href":"https:\/\/olemosaic.com\/pt-pt\/wp-json\/wp\/v2\/media?parent=34163"}],"wp:term":[{"taxonomy":"product_brand","embeddable":true,"href":"https:\/\/olemosaic.com\/pt-pt\/wp-json\/wp\/v2\/product_brand?post=34163"},{"taxonomy":"product_cat","embeddable":true,"href":"https:\/\/olemosaic.com\/pt-pt\/wp-json\/wp\/v2\/product_cat?post=34163"},{"taxonomy":"product_tag","embeddable":true,"href":"https:\/\/olemosaic.com\/pt-pt\/wp-json\/wp\/v2\/product_tag?post=34163"}],"curies":[{"name":"wp","href":"https:\/\/api.w.org\/{rel}","templated":true}]}}