{"id":34162,"date":"2025-02-20T22:34:03","date_gmt":"2025-02-20T22:34:03","guid":{"rendered":"http:\/\/olemosaic.com\/producto\/plato-de-ceramica-de-15-cm-punt-de-trobada-barcelona-blanco\/"},"modified":"2025-07-25T18:48:57","modified_gmt":"2025-07-25T16:48:57","slug":"prato-de-ceramica-de-15-cm-punt-de-trobada-barcelona-branco","status":"publish","type":"product","link":"https:\/\/olemosaic.com\/pt-pt\/produto\/prato-de-ceramica-de-15-cm-punt-de-trobada-barcelona-branco\/","title":{"rendered":"Prato de cer\u00e2mica de 15 cm. Punt de trobada. Barcelona. Branco."},"content":{"rendered":"<p>Este prato de cer\u00e2mica de 15 cm \u00e9 uma representa\u00e7\u00e3o vibrante do estilo modernista barcelon\u00eas, ideal para quem procura uma recorda\u00e7\u00e3o aut\u00eantica que capture a ess\u00eancia da cidade. Com um fundo branco, o prato \u00e9 adornado com um mosaico cheio de cor e formas abstratas, evocando a obra de grandes artistas catal\u00e3es. Os detalhes em preto real\u00e7am as composi\u00e7\u00f5es em vermelho, azul, amarelo e verde, criando uma pe\u00e7a que n\u00e3o \u00e9 apenas decorativa, mas tamb\u00e9m funcional para qualquer lar. Na parte inferior do prato, a inscri\u00e7\u00e3o &#8220;Barcelona&#8221; reafirma a sua identidade cultural, tornando-o um excelente souvenir.<\/p>\n<p>Este prato encapsula a criatividade e o encanto da Cidade Condal, sendo uma recorda\u00e7\u00e3o representativa da sua rica heran\u00e7a art\u00edstica. Ideal para exibir em prateleiras ou utilizar em ocasi\u00f5es especiais, \u00e9 um presente perfeito para turistas e amantes de Barcelona. Na Ol\u00e9 Mosaic, especializamo-nos na distribui\u00e7\u00e3o de souvenirs por grosso, oferecendo artigos \u00fanicos como este prato decorativo que se destaca pela sua autenticidade e relev\u00e2ncia cultural. Sem d\u00favida, uma op\u00e7\u00e3o indispens\u00e1vel para lojas de presentes tur\u00edsticos que procuram surpreender os seus clientes com produtos de qualidade.<\/p>\n","protected":false},"excerpt":{"rendered":"<p>Prato de cer\u00e2mica de 15 cm decorado com um design vibrante inspirado no modernismo barcelon\u00eas. Este prato, de cor branca, apresenta um colorido mosaico com formas abstratas e detalhes em preto, evocando a criatividade da cidade. Com a inscri\u00e7\u00e3o &#8220;Barcelona&#8221; na parte inferior, \u00e9 uma pe\u00e7a ideal tanto para uso decorativo como pr\u00e1tico, que real\u00e7a o encanto e a arte que caracterizam a regi\u00e3o.<\/p>\n","protected":false},"featured_media":9143,"template":"","meta":{"_acf_changed":false},"product_brand":[],"product_cat":[629],"product_tag":[515],"class_list":{"0":"post-34162","1":"product","2":"type-product","3":"status-publish","4":"has-post-thumbnail","6":"product_cat-pratos-decorativos","7":"product_tag-ceramica","8":"pa_ciudad-barcelona","9":"pa_motivo-punt-de-trobada","10":"pa_pais-espana","12":"first","13":"instock","14":"shipping-taxable","15":"product-type-simple"},"acf":[],"_links":{"self":[{"href":"https:\/\/olemosaic.com\/pt-pt\/wp-json\/wp\/v2\/product\/34162","targetHints":{"allow":["GET"]}}],"collection":[{"href":"https:\/\/olemosaic.com\/pt-pt\/wp-json\/wp\/v2\/product"}],"about":[{"href":"https:\/\/olemosaic.com\/pt-pt\/wp-json\/wp\/v2\/types\/product"}],"wp:featuredmedia":[{"embeddable":true,"href":"https:\/\/olemosaic.com\/pt-pt\/wp-json\/wp\/v2\/media\/9143"}],"wp:attachment":[{"href":"https:\/\/olemosaic.com\/pt-pt\/wp-json\/wp\/v2\/media?parent=34162"}],"wp:term":[{"taxonomy":"product_brand","embeddable":true,"href":"https:\/\/olemosaic.com\/pt-pt\/wp-json\/wp\/v2\/product_brand?post=34162"},{"taxonomy":"product_cat","embeddable":true,"href":"https:\/\/olemosaic.com\/pt-pt\/wp-json\/wp\/v2\/product_cat?post=34162"},{"taxonomy":"product_tag","embeddable":true,"href":"https:\/\/olemosaic.com\/pt-pt\/wp-json\/wp\/v2\/product_tag?post=34162"}],"curies":[{"name":"wp","href":"https:\/\/api.w.org\/{rel}","templated":true}]}}