{"id":34150,"date":"2025-02-20T23:34:03","date_gmt":"2025-02-20T22:34:03","guid":{"rendered":"http:\/\/olemosaic.com\/producto\/plato-de-ceramica-de-15-cm-mosaico-blanco\/"},"modified":"2025-07-25T18:55:47","modified_gmt":"2025-07-25T16:55:47","slug":"prato-de-ceramica-de-15-cm-mosaico-branco","status":"publish","type":"product","link":"https:\/\/olemosaic.com\/pt-pt\/produto\/prato-de-ceramica-de-15-cm-mosaico-branco\/","title":{"rendered":"Prato de cer\u00e2mica de 15 cm. Mosaico. Branco."},"content":{"rendered":"<p>Este prato de cer\u00e2mica de 15 cm \u00e9 uma obra-prima que celebra a rica tradi\u00e7\u00e3o da arte cer\u00e2mica espanhola, uma recorda\u00e7\u00e3o aut\u00eantica que reflete a ess\u00eancia cultural da regi\u00e3o mediterr\u00e2nica. O seu design vibrante de mosaico, elaborado de forma artesanal, combina cores chamativas como o azul, vermelho, laranja e branco, criando um efeito visual deslumbrante que cativa qualquer visitante. Os motivos geom\u00e9tricos e florais que decoram o prato s\u00e3o uma clara refer\u00eancia \u00e0s t\u00e9cnicas artesanais tradicionais de Espanha, onde a cer\u00e2mica \u00e9 uma forma de arte profundamente enraizada na cultura do pa\u00eds.<\/p>\n<p>Este prato n\u00e3o \u00e9 apenas uma excelente op\u00e7\u00e3o como elemento decorativo, mas tamb\u00e9m se destaca pela sua funcionalidade, sendo ideal para servir aperitivos em qualquer reuni\u00e3o. A sua superf\u00edcie com acabamentos brilhantes e cores saturadas acrescenta um toque de frescura e eleg\u00e2ncia \u00e0 mesa, tornando este artigo um presente memor\u00e1vel e representativo da experi\u00eancia tur\u00edstica.<\/p>\n<p>Na Ol\u00e9 Mosaic, somos l\u00edderes na distribui\u00e7\u00e3o de recorda\u00e7\u00f5es por grosso, e este prato de cer\u00e2mica \u00e9 uma escolha perfeita para lojas de presentes tur\u00edsticos que desejem oferecer aos seus clientes um peda\u00e7o aut\u00eantico da riqueza cultural espanhola. As recorda\u00e7\u00f5es de cer\u00e2mica s\u00e3o emblem\u00e1ticas, e este prato, em particular, destaca-se pelo seu design \u00fanico, autenticidade e liga\u00e7\u00e3o com a tradi\u00e7\u00e3o local, o que o torna uma op\u00e7\u00e3o imprescind\u00edvel para quem procura levar um peda\u00e7o de Espanha consigo.<\/p>\n","protected":false},"excerpt":{"rendered":"<p>Prato de cer\u00e2mica de 15 cm decorado com um design vibrante de mosaico, ideal para acrescentar um toque cultural a qualquer casa. Apresenta uma combina\u00e7\u00e3o de cores brilhantes como azul, vermelho, laranja e branco, com motivos geom\u00e9tricos e florais que evocam a rica tradi\u00e7\u00e3o da arte cer\u00e2mica espanhola. Este prato de design artesanal, pintado \u00e0 m\u00e3o, \u00e9 perfeito como elemento decorativo ou para servir aperitivos, refletindo o encanto do estilo mediterr\u00e2neo.<\/p>\n","protected":false},"featured_media":8891,"template":"","meta":{"_acf_changed":false},"product_brand":[],"product_cat":[629],"product_tag":[515],"class_list":{"0":"post-34150","1":"product","2":"type-product","3":"status-publish","4":"has-post-thumbnail","6":"product_cat-pratos-decorativos","7":"product_tag-ceramica","8":"pa_motivo-mosaico","10":"first","11":"instock","12":"shipping-taxable","13":"product-type-simple"},"acf":[],"_links":{"self":[{"href":"https:\/\/olemosaic.com\/pt-pt\/wp-json\/wp\/v2\/product\/34150","targetHints":{"allow":["GET"]}}],"collection":[{"href":"https:\/\/olemosaic.com\/pt-pt\/wp-json\/wp\/v2\/product"}],"about":[{"href":"https:\/\/olemosaic.com\/pt-pt\/wp-json\/wp\/v2\/types\/product"}],"wp:featuredmedia":[{"embeddable":true,"href":"https:\/\/olemosaic.com\/pt-pt\/wp-json\/wp\/v2\/media\/8891"}],"wp:attachment":[{"href":"https:\/\/olemosaic.com\/pt-pt\/wp-json\/wp\/v2\/media?parent=34150"}],"wp:term":[{"taxonomy":"product_brand","embeddable":true,"href":"https:\/\/olemosaic.com\/pt-pt\/wp-json\/wp\/v2\/product_brand?post=34150"},{"taxonomy":"product_cat","embeddable":true,"href":"https:\/\/olemosaic.com\/pt-pt\/wp-json\/wp\/v2\/product_cat?post=34150"},{"taxonomy":"product_tag","embeddable":true,"href":"https:\/\/olemosaic.com\/pt-pt\/wp-json\/wp\/v2\/product_tag?post=34150"}],"curies":[{"name":"wp","href":"https:\/\/api.w.org\/{rel}","templated":true}]}}