{"id":34149,"date":"2025-02-20T23:34:02","date_gmt":"2025-02-20T22:34:02","guid":{"rendered":"http:\/\/olemosaic.com\/producto\/plato-de-ceramica-de-15-cm-panoramica-barcelona-beige\/"},"modified":"2025-07-25T18:48:54","modified_gmt":"2025-07-25T16:48:54","slug":"prato-de-ceramica-de-15-cm-panoramica-barcelona-bege","status":"publish","type":"product","link":"https:\/\/olemosaic.com\/pt-pt\/produto\/prato-de-ceramica-de-15-cm-panoramica-barcelona-bege\/","title":{"rendered":"Prato de cer\u00e2mica de 15 cm. Panor\u00e2mica. Barcelona. Bege."},"content":{"rendered":"<p>Este prato de cer\u00e2mica de 15 cm \u00e9 uma pe\u00e7a decorativa aut\u00eantica que captura a ess\u00eancia de Barcelona atrav\u00e9s de uma panor\u00e2mica colorida. A sua base bege real\u00e7a uma ilustra\u00e7\u00e3o vibrante da ic\u00f3nica Sagrada Fam\u00edlia, um s\u00edmbolo emblem\u00e1tico da arquitetura modernista catal\u00e3, famosa pelo seu design singular idealizado por Antoni Gaud\u00ed. A cer\u00e2mica parece ser pintada \u00e0 m\u00e3o, o que garante que cada prato seja \u00fanico, com detalhes art\u00edsticos que d\u00e3o vida \u00e0s formas coloridas dos mosaicos que adornam este monumento, criando uma impress\u00e3o visual cativante. \u00c0 sua volta, a inscri\u00e7\u00e3o &#8220;Barcelona&#8221; destaca-se com letras chamativas, acrescentando um toque pessoal que liga o produto \u00e0 cidade.<\/p>\n<p>O rebordo vermelho do prato n\u00e3o s\u00f3 acrescenta um detalhe elegante, como tamb\u00e9m emoldura a obra com um ar de sofistica\u00e7\u00e3o, tornando esta recorda\u00e7\u00e3o uma op\u00e7\u00e3o ideal para quem procura uma lembran\u00e7a que seja simultaneamente funcional e decorativa. Este prato \u00e9 uma representa\u00e7\u00e3o perfeita da cultura e da arte de Barcelona, o que o torna um excelente presente para turistas e visitantes que desejam levar um peda\u00e7o desta cidade vibrante. Na Ol\u00e9 Mosaic, como grossistas de recorda\u00e7\u00f5es de cer\u00e2mica, oferecemos produtos aut\u00eanticos e de qualidade, ideais para lojas de presentes tur\u00edsticos que procuram oferecer aos seus clientes recorda\u00e7\u00f5es representativas da beleza e riqueza cultural de Barcelona.<\/p>\n","protected":false},"excerpt":{"rendered":"<p>Prato de cer\u00e2mica de 15 cm com uma panor\u00e2mica colorida de Barcelona. Este belo prato, em tons de bege e decorado com mosaicos vibrantes, mostra a ic\u00f3nica Sagrada Fam\u00edlia, delineada com detalhes art\u00edsticos pintados \u00e0 m\u00e3o. A inscri\u00e7\u00e3o &#8220;Barcelona&#8221; na parte superior real\u00e7a a liga\u00e7\u00e3o com a cidade. Com o seu rebordo vermelho, este prato n\u00e3o \u00e9 apenas uma recorda\u00e7\u00e3o ideal, mas tamb\u00e9m uma pe\u00e7a decorativa que evoca o encanto da arquitetura modernista catal\u00e3.<\/p>\n","protected":false},"featured_media":7755,"template":"","meta":{"_acf_changed":false},"product_brand":[],"product_cat":[629],"product_tag":[515],"class_list":{"0":"post-34149","1":"product","2":"type-product","3":"status-publish","4":"has-post-thumbnail","6":"product_cat-pratos-decorativos","7":"product_tag-ceramica","8":"pa_ciudad-barcelona","9":"pa_motivo-panoramas","10":"pa_pais-espana","12":"first","13":"instock","14":"shipping-taxable","15":"product-type-simple"},"acf":[],"_links":{"self":[{"href":"https:\/\/olemosaic.com\/pt-pt\/wp-json\/wp\/v2\/product\/34149","targetHints":{"allow":["GET"]}}],"collection":[{"href":"https:\/\/olemosaic.com\/pt-pt\/wp-json\/wp\/v2\/product"}],"about":[{"href":"https:\/\/olemosaic.com\/pt-pt\/wp-json\/wp\/v2\/types\/product"}],"wp:featuredmedia":[{"embeddable":true,"href":"https:\/\/olemosaic.com\/pt-pt\/wp-json\/wp\/v2\/media\/7755"}],"wp:attachment":[{"href":"https:\/\/olemosaic.com\/pt-pt\/wp-json\/wp\/v2\/media?parent=34149"}],"wp:term":[{"taxonomy":"product_brand","embeddable":true,"href":"https:\/\/olemosaic.com\/pt-pt\/wp-json\/wp\/v2\/product_brand?post=34149"},{"taxonomy":"product_cat","embeddable":true,"href":"https:\/\/olemosaic.com\/pt-pt\/wp-json\/wp\/v2\/product_cat?post=34149"},{"taxonomy":"product_tag","embeddable":true,"href":"https:\/\/olemosaic.com\/pt-pt\/wp-json\/wp\/v2\/product_tag?post=34149"}],"curies":[{"name":"wp","href":"https:\/\/api.w.org\/{rel}","templated":true}]}}