{"id":34148,"date":"2025-02-20T23:34:02","date_gmt":"2025-02-20T22:34:02","guid":{"rendered":"http:\/\/olemosaic.com\/producto\/plato-de-ceramica-de-15-cm-patio-blanco\/"},"modified":"2025-07-25T18:38:34","modified_gmt":"2025-07-25T16:38:34","slug":"prato-de-ceramica-de-15-cm-patio-branco","status":"publish","type":"product","link":"https:\/\/olemosaic.com\/pt-pt\/produto\/prato-de-ceramica-de-15-cm-patio-branco\/","title":{"rendered":"Prato de cer\u00e2mica de 15 cm. P\u00e1tio. Branco."},"content":{"rendered":"<p>Este prato de cer\u00e2mica de 15 cm \u00e9 uma homenagem vibrante \u00e0 rica cultura andaluza, ideal como recorda\u00e7\u00e3o de Espanha. Decorado com uma cena animada de um p\u00e1tio espanhol t\u00edpico, mostra uma bailarina com um espetacular traje de bolinhas vermelhas e um toureiro que acompanha a sua dan\u00e7a com gra\u00e7a. Este encantador fundo art\u00edstico \u00e9 emoldurado por um ambiente cheio de flores vibrantes, que acrescentam cor e alegria, enquanto os azulejos brancos recriam a frescura do estilo andaluz.<\/p>\n<p>Os detalhes s\u00e3o realmente deslumbrantes, com uma guitarra e um lampi\u00e3o que evocam a ess\u00eancia do folclore espanhol e a tradi\u00e7\u00e3o da m\u00fasica flamenca, criando um v\u00ednculo emocional com a rica heran\u00e7a cultural da Andaluzia. A t\u00e9cnica de pintura \u00e0 m\u00e3o utilizada em cada pe\u00e7a garante que cada prato seja \u00fanico, real\u00e7ando o artesanato dos fabricantes locais. Este prato n\u00e3o \u00e9 apenas um objeto decorativo atraente, mas tamb\u00e9m um s\u00edmbolo aut\u00eantico da hospitalidade e calor espanh\u00f3is.<\/p>\n<p>Na Ol\u00e9 Mosaic somos distribuidores de recorda\u00e7\u00f5es de qualidade e autenticidade como este prato de cer\u00e2mica, perfeito para lojas de presentes tur\u00edsticos. Esta recorda\u00e7\u00e3o andaluza \u00e9 uma op\u00e7\u00e3o ideal para quem procura levar um peda\u00e7o de Espanha, combinando funcionalidade e beleza num \u00fanico objeto.<\/p>\n","protected":false},"excerpt":{"rendered":"<p>Prato de cer\u00e2mica de 15 cm decorado com uma alegre cena de um p\u00e1tio espanhol. Mostra uma bailarina com um vestido de bolinhas vermelhas e um toureiro a dan\u00e7ar, rodeados de flores vibrantes e um fundo de azulejos brancos. Este prato, de design artesanal, pintado \u00e0 m\u00e3o, exibe detalhes art\u00edsticos como uma guitarra e um lampi\u00e3o, evocando a ess\u00eancia do folclore espanhol. O seu design colorido e detalhado torna-o uma recorda\u00e7\u00e3o atraente, perfeita para rememorar a cultura andaluza.<\/p>\n","protected":false},"featured_media":8414,"template":"","meta":{"_acf_changed":false},"product_brand":[],"product_cat":[629],"product_tag":[515],"class_list":{"0":"post-34148","1":"product","2":"type-product","3":"status-publish","4":"has-post-thumbnail","6":"product_cat-pratos-decorativos","7":"product_tag-ceramica","8":"pa_motivo-patios","10":"first","11":"instock","12":"shipping-taxable","13":"product-type-simple"},"acf":[],"_links":{"self":[{"href":"https:\/\/olemosaic.com\/pt-pt\/wp-json\/wp\/v2\/product\/34148","targetHints":{"allow":["GET"]}}],"collection":[{"href":"https:\/\/olemosaic.com\/pt-pt\/wp-json\/wp\/v2\/product"}],"about":[{"href":"https:\/\/olemosaic.com\/pt-pt\/wp-json\/wp\/v2\/types\/product"}],"wp:featuredmedia":[{"embeddable":true,"href":"https:\/\/olemosaic.com\/pt-pt\/wp-json\/wp\/v2\/media\/8414"}],"wp:attachment":[{"href":"https:\/\/olemosaic.com\/pt-pt\/wp-json\/wp\/v2\/media?parent=34148"}],"wp:term":[{"taxonomy":"product_brand","embeddable":true,"href":"https:\/\/olemosaic.com\/pt-pt\/wp-json\/wp\/v2\/product_brand?post=34148"},{"taxonomy":"product_cat","embeddable":true,"href":"https:\/\/olemosaic.com\/pt-pt\/wp-json\/wp\/v2\/product_cat?post=34148"},{"taxonomy":"product_tag","embeddable":true,"href":"https:\/\/olemosaic.com\/pt-pt\/wp-json\/wp\/v2\/product_tag?post=34148"}],"curies":[{"name":"wp","href":"https:\/\/api.w.org\/{rel}","templated":true}]}}