{"id":34120,"date":"2025-02-20T22:34:02","date_gmt":"2025-02-20T22:34:02","guid":{"rendered":"http:\/\/olemosaic.com\/producto\/plato-de-ceramica-de-15-cm-mijas-blanco\/"},"modified":"2025-07-25T18:34:05","modified_gmt":"2025-07-25T16:34:05","slug":"prato-de-ceramica-de-15-cm-mijas-branco","status":"publish","type":"product","link":"https:\/\/olemosaic.com\/pt-pt\/produto\/prato-de-ceramica-de-15-cm-mijas-branco\/","title":{"rendered":"Prato de cer\u00e2mica de 15 cm. Mijas. Branco."},"content":{"rendered":"<p>Este prato de cer\u00e2mica de 15 cm \u00e9 uma encantadora recorda\u00e7\u00e3o que captura a ess\u00eancia de Mijas, uma pitoresca vila andaluza conhecida pela sua beleza e arquitetura tradicional. Decorado com uma vibrante ilustra\u00e7\u00e3o, o prato mostra a emblem\u00e1tica Pra\u00e7a de Touros rodeada pelas caracter\u00edsticas ruas da vila, onde palmeiras e detalhes arquitet\u00f3nicos andaluzes se entrela\u00e7am num design colorido e alegre. Com um fundo branco brilhante que real\u00e7a os tons vivos, o prato reflete o calor e o car\u00e1ter \u00fanico de Mijas, tornando-o um excelente complemento para qualquer cole\u00e7\u00e3o.<\/p>\n<p>Cada detalhe da ilustra\u00e7\u00e3o foi cuidadosamente desenhado, desde o chamativo letreiro \u201cMIJAS\u201d at\u00e9 \u00e0s nuances dos edif\u00edcios, que evocam a hist\u00f3ria e a cultura da regi\u00e3o. Este prato n\u00e3o \u00e9 apenas um objeto decorativo, mas tamb\u00e9m uma recorda\u00e7\u00e3o aut\u00eantica que liga os turistas \u00e0 rica heran\u00e7a cultural da Andaluzia. Ideal para quem procura souvenirs de qualidade, este prato de cer\u00e2mica \u00e9 uma pe\u00e7a representativa que evoca momentos memor\u00e1veis da sua visita.<\/p>\n<p>Na Ol\u00e9 Mosaic, orgulhamo-nos de oferecer recorda\u00e7\u00f5es que refletem a autenticidade e o esp\u00edrito de Espanha. Este prato de cer\u00e2mica \u00e9 uma op\u00e7\u00e3o ideal para lojas de presentes tur\u00edsticos que desejem oferecer produtos que fundam arte e cultura, destacando a sua relev\u00e2ncia como um presente significativo e representativo de Mijas.<\/p>\n","protected":false},"excerpt":{"rendered":"<p>Prato de cer\u00e2mica de 15 cm, decorado com uma vibrante ilustra\u00e7\u00e3o de Mijas. Este prato apresenta um design colorido que representa a emblem\u00e1tica Pra\u00e7a de Touros e as pitorescas ruas da vila, ladeadas por palmeiras e detalhes arquitet\u00f3nicos andaluzes. Com um acabamento brilhante e um fundo branco que real\u00e7a os tons vivos, este artigo \u00e9 ideal para colecionadores ou como recorda\u00e7\u00e3o que evoca a ess\u00eancia da cultura espanhola.<\/p>\n","protected":false},"featured_media":10014,"template":"","meta":{"_acf_changed":false},"product_brand":[],"product_cat":[629],"product_tag":[516,515],"class_list":{"0":"post-34120","1":"product","2":"type-product","3":"status-publish","4":"has-post-thumbnail","6":"product_cat-pratos-decorativos","7":"product_tag-animais","8":"product_tag-ceramica","9":"pa_ciudad-mijas","10":"pa_pais-espana","12":"first","13":"instock","14":"shipping-taxable","15":"product-type-simple"},"acf":[],"_links":{"self":[{"href":"https:\/\/olemosaic.com\/pt-pt\/wp-json\/wp\/v2\/product\/34120","targetHints":{"allow":["GET"]}}],"collection":[{"href":"https:\/\/olemosaic.com\/pt-pt\/wp-json\/wp\/v2\/product"}],"about":[{"href":"https:\/\/olemosaic.com\/pt-pt\/wp-json\/wp\/v2\/types\/product"}],"wp:featuredmedia":[{"embeddable":true,"href":"https:\/\/olemosaic.com\/pt-pt\/wp-json\/wp\/v2\/media\/10014"}],"wp:attachment":[{"href":"https:\/\/olemosaic.com\/pt-pt\/wp-json\/wp\/v2\/media?parent=34120"}],"wp:term":[{"taxonomy":"product_brand","embeddable":true,"href":"https:\/\/olemosaic.com\/pt-pt\/wp-json\/wp\/v2\/product_brand?post=34120"},{"taxonomy":"product_cat","embeddable":true,"href":"https:\/\/olemosaic.com\/pt-pt\/wp-json\/wp\/v2\/product_cat?post=34120"},{"taxonomy":"product_tag","embeddable":true,"href":"https:\/\/olemosaic.com\/pt-pt\/wp-json\/wp\/v2\/product_tag?post=34120"}],"curies":[{"name":"wp","href":"https:\/\/api.w.org\/{rel}","templated":true}]}}