{"id":34119,"date":"2025-02-20T22:34:02","date_gmt":"2025-02-20T22:34:02","guid":{"rendered":"http:\/\/olemosaic.com\/producto\/plato-de-ceramica-de-15-cm-ronda-blanco\/"},"modified":"2025-07-25T18:34:05","modified_gmt":"2025-07-25T16:34:05","slug":"prato-de-ceramica-de-15-cm-ronda-branco","status":"publish","type":"product","link":"https:\/\/olemosaic.com\/pt-pt\/produto\/prato-de-ceramica-de-15-cm-ronda-branco\/","title":{"rendered":"Prato de cer\u00e2mica de 15 cm. Ronda. Branco."},"content":{"rendered":"<p>Este prato de cer\u00e2mica de 15 cm \u00e9 uma encantadora recorda\u00e7\u00e3o de Ronda, que encapsula a beleza e o patrim\u00f3nio cultural desta ic\u00f3nica cidade andaluza. Decorado com uma vibrante ilustra\u00e7\u00e3o em estilo mosaico, o prato apresenta a emblem\u00e1tica Ponte Nova, um dos monumentos mais representativos de Ronda, que se ergue majestoso sobre o desfiladeiro. A delicada cer\u00e2mica brilha sobre um fundo branco, real\u00e7ando o design colorido que inclui figuras tradicionais vestidas com trajes t\u00edpicos, oferecendo uma janela para a rica heran\u00e7a cultural desta regi\u00e3o. A palavra &#8220;RONDA&#8221; destaca-se em letras alegres e coloridas, adicionando um toque festivo e atraente.<\/p>\n<p>Este prato n\u00e3o \u00e9 apenas um objeto decorativo, mas tamb\u00e9m um lembrete tang\u00edvel do singular encanto andaluz, tornando-se um excelente presente ou uma pe\u00e7a para exibir em casa. A sua autenticidade torna-o um presente ideal para quem procura recorda\u00e7\u00f5es significativas das suas viagens. Na Ol\u00e9 Mosaic, especializamo-nos na distribui\u00e7\u00e3o de recorda\u00e7\u00f5es por grosso, oferecendo produtos que refletem a riqueza cultural espanhola. Este prato de cer\u00e2mica \u00e9 perfeito para lojas de presentes tur\u00edsticos que desejem oferecer aos seus clientes aut\u00eanticas pe\u00e7as com um valor cultural destacado.<\/p>\n","protected":false},"excerpt":{"rendered":"<p>Prato de cer\u00e2mica de 15 cm, decorado com uma colorida ilustra\u00e7\u00e3o de Ronda. Este atraente prato apresenta um design em mosaico que inclui a ic\u00f3nica Ponte Nova e figuras tradicionais sobre um fundo branco brilhante. A palavra &#8220;RONDA&#8221; destaca-se em letras vibrantes, conferindo um toque alegre. Perfeito como recorda\u00e7\u00e3o, este prato captura a ess\u00eancia do encanto andaluz e \u00e9 ideal para exibir ou oferecer.<\/p>\n","protected":false},"featured_media":9988,"template":"","meta":{"_acf_changed":false},"product_brand":[],"product_cat":[629],"product_tag":[515],"class_list":{"0":"post-34119","1":"product","2":"type-product","3":"status-publish","4":"has-post-thumbnail","6":"product_cat-pratos-decorativos","7":"product_tag-ceramica","8":"pa_ciudad-ronda","9":"pa_pais-espana","11":"first","12":"instock","13":"shipping-taxable","14":"product-type-simple"},"acf":[],"_links":{"self":[{"href":"https:\/\/olemosaic.com\/pt-pt\/wp-json\/wp\/v2\/product\/34119","targetHints":{"allow":["GET"]}}],"collection":[{"href":"https:\/\/olemosaic.com\/pt-pt\/wp-json\/wp\/v2\/product"}],"about":[{"href":"https:\/\/olemosaic.com\/pt-pt\/wp-json\/wp\/v2\/types\/product"}],"wp:featuredmedia":[{"embeddable":true,"href":"https:\/\/olemosaic.com\/pt-pt\/wp-json\/wp\/v2\/media\/9988"}],"wp:attachment":[{"href":"https:\/\/olemosaic.com\/pt-pt\/wp-json\/wp\/v2\/media?parent=34119"}],"wp:term":[{"taxonomy":"product_brand","embeddable":true,"href":"https:\/\/olemosaic.com\/pt-pt\/wp-json\/wp\/v2\/product_brand?post=34119"},{"taxonomy":"product_cat","embeddable":true,"href":"https:\/\/olemosaic.com\/pt-pt\/wp-json\/wp\/v2\/product_cat?post=34119"},{"taxonomy":"product_tag","embeddable":true,"href":"https:\/\/olemosaic.com\/pt-pt\/wp-json\/wp\/v2\/product_tag?post=34119"}],"curies":[{"name":"wp","href":"https:\/\/api.w.org\/{rel}","templated":true}]}}