{"id":34118,"date":"2025-02-20T22:34:01","date_gmt":"2025-02-20T22:34:01","guid":{"rendered":"http:\/\/olemosaic.com\/producto\/plato-de-ceramica-de-15-cm-madrid-blanco\/"},"modified":"2025-07-25T18:48:32","modified_gmt":"2025-07-25T16:48:32","slug":"prato-de-ceramica-de-15-cm-madrid-branco","status":"publish","type":"product","link":"https:\/\/olemosaic.com\/pt-pt\/produto\/prato-de-ceramica-de-15-cm-madrid-branco\/","title":{"rendered":"Prato de cer\u00e2mica de 15 cm. Madrid. Branco."},"content":{"rendered":"<p>Este prato de cer\u00e2mica de 15 cm \u00e9 um souvenir atraente que representa a emblem\u00e1tica Puerta del Sol de Madrid, capturando a ess\u00eancia vibrante da capital espanhola. Com um acabamento em t\u00e9cnica trencad\u00eds, este prato branco est\u00e1 decorado com um design colorido que inclui est\u00e1tuas e personagens ic\u00f3nicos, tornando-o uma aut\u00eantica obra de arte que reflete a vida e a cultura desta famosa pra\u00e7a. Na parte superior, o texto &#8220;MADRID&#8221; aparece com letras alegres, adicionando um toque l\u00fadico e distintivo que o torna ideal para colecionadores e amantes da cidade.<\/p>\n<p>A Puerta del Sol \u00e9 um dos pontos mais visitados de Madrid, conhecida por ser o cora\u00e7\u00e3o da cidade, o que faz com que este prato n\u00e3o seja apenas um objeto decorativo, mas tamb\u00e9m um s\u00edmbolo da hist\u00f3ria e do folclore madrilenos. Na Ol\u00e9 Mosaic, orgulhamo-nos de oferecer souvenirs aut\u00eanticos e representativos de cada canto de Espanha. Este prato de cer\u00e2mica destaca-se n\u00e3o s\u00f3 pelo seu design vibrante, mas tamb\u00e9m pela sua liga\u00e7\u00e3o cultural, tornando-se um presente perfeito para turistas que procuram levar um peda\u00e7o da cultura madrilena. Como distribuidores de souvenirs, garantimos a qualidade e o car\u00e1ter aut\u00eantico de cada pe\u00e7a, fazendo deste prato uma excelente op\u00e7\u00e3o para lojas de presentes tur\u00edsticos.<\/p>\n","protected":false},"excerpt":{"rendered":"<p>Prato de cer\u00e2mica de 15 cm, decorado com um design vibrante que representa a emblem\u00e1tica Puerta del Sol de Madrid. Este prato branco apresenta um acabamento de trencad\u00eds, com coloridos detalhes ilustrativos e o texto &#8220;MADRID&#8221; em letras alegres. A cena inclui as famosas est\u00e1tuas e personagens que animam esta ic\u00f3nica pra\u00e7a, tornando-o um souvenir atraente que captura a ess\u00eancia da capital espanhola. Ideal para colecionadores e amantes da cultura madrilena.<\/p>\n","protected":false},"featured_media":9952,"template":"","meta":{"_acf_changed":false},"product_brand":[],"product_cat":[629],"product_tag":[515],"class_list":{"0":"post-34118","1":"product","2":"type-product","3":"status-publish","4":"has-post-thumbnail","6":"product_cat-pratos-decorativos","7":"product_tag-ceramica","8":"pa_ciudad-madrid","9":"pa_pais-espana","11":"first","12":"instock","13":"shipping-taxable","14":"product-type-simple"},"acf":[],"_links":{"self":[{"href":"https:\/\/olemosaic.com\/pt-pt\/wp-json\/wp\/v2\/product\/34118","targetHints":{"allow":["GET"]}}],"collection":[{"href":"https:\/\/olemosaic.com\/pt-pt\/wp-json\/wp\/v2\/product"}],"about":[{"href":"https:\/\/olemosaic.com\/pt-pt\/wp-json\/wp\/v2\/types\/product"}],"wp:featuredmedia":[{"embeddable":true,"href":"https:\/\/olemosaic.com\/pt-pt\/wp-json\/wp\/v2\/media\/9952"}],"wp:attachment":[{"href":"https:\/\/olemosaic.com\/pt-pt\/wp-json\/wp\/v2\/media?parent=34118"}],"wp:term":[{"taxonomy":"product_brand","embeddable":true,"href":"https:\/\/olemosaic.com\/pt-pt\/wp-json\/wp\/v2\/product_brand?post=34118"},{"taxonomy":"product_cat","embeddable":true,"href":"https:\/\/olemosaic.com\/pt-pt\/wp-json\/wp\/v2\/product_cat?post=34118"},{"taxonomy":"product_tag","embeddable":true,"href":"https:\/\/olemosaic.com\/pt-pt\/wp-json\/wp\/v2\/product_tag?post=34118"}],"curies":[{"name":"wp","href":"https:\/\/api.w.org\/{rel}","templated":true}]}}