{"id":34117,"date":"2025-02-20T22:34:01","date_gmt":"2025-02-20T22:34:01","guid":{"rendered":"http:\/\/olemosaic.com\/producto\/plato-de-ceramica-de-11-cm-camino-de-santiago-beige\/"},"modified":"2025-07-25T20:22:39","modified_gmt":"2025-07-25T18:22:39","slug":"prato-de-ceramica-de-11-cm-caminho-de-santiago-bege","status":"publish","type":"product","link":"https:\/\/olemosaic.com\/pt-pt\/produto\/prato-de-ceramica-de-11-cm-caminho-de-santiago-bege\/","title":{"rendered":"Prato de cer\u00e2mica de 11 cm. Caminho de Santiago. Bege."},"content":{"rendered":"<p>Este prato de cer\u00e2mica de 11 cm, inspirado no Caminho de Santiago, \u00e9 uma recorda\u00e7\u00e3o excecional que funde arte e tradi\u00e7\u00e3o numa pe\u00e7a \u00fanica. Com um design vibrante, destaca no seu centro a imponente Catedral de Santiago de Compostela, um s\u00edmbolo ic\u00f3nico desta milenar rota de peregrina\u00e7\u00e3o. Rodeando a catedral, encontram-se elementos representativos do Caminho, como a concha do peregrino e setas direcionais, todos eles elaborados com cores brilhantes que conferem um toque alegre \u00e0 sua est\u00e9tica.<\/p>\n<p>A paleta de tons bege e os detalhes coloridos do prato n\u00e3o s\u00f3 o tornam visualmente atraente, como tamb\u00e9m refletem a rica heran\u00e7a cultural da tradi\u00e7\u00e3o jacobeia. Este prato \u00e9 uma obra artesanal que captura a ess\u00eancia do Caminho de Santiago e atua como um lembrete preciso da experi\u00eancia da peregrina\u00e7\u00e3o, tornando-o um souvenir perfeito para quem percorreu esta emblem\u00e1tica rota ou deseja levar um peda\u00e7o da sua hist\u00f3ria.<\/p>\n<p>Na Ol\u00e9 Mosaic, orgulhamo-nos de oferecer uma vasta gama de souvenirs aut\u00eanticos e representativos. Este prato de cer\u00e2mica do Caminho de Santiago \u00e9 uma op\u00e7\u00e3o ideal para lojas de presentes tur\u00edsticos que procuram produtos que realcem a liga\u00e7\u00e3o cultural com Espanha. Como grossistas de souvenirs, garantimos qualidade e especial aten\u00e7\u00e3o ao detalhe em cada artigo.<\/p>\n","protected":false},"excerpt":{"rendered":"<p>Prato de cer\u00e2mica de 11 cm inspirado no Caminho de Santiago, com um design vibrante que destaca os elementos ic\u00f3nicos da rota. No centro, a Catedral de Santiago de Compostela, rodeada de s\u00edmbolos caracter\u00edsticos como a concha do peregrino e setas direcionais, tudo em tons bege e cores brilhantes. Este prato, ideal como recorda\u00e7\u00e3o, combina uma est\u00e9tica atraente com o rico folclore da tradi\u00e7\u00e3o jacobeia.<\/p>\n","protected":false},"featured_media":8717,"template":"","meta":{"_acf_changed":false},"product_brand":[],"product_cat":[629],"product_tag":[515],"class_list":{"0":"post-34117","1":"product","2":"type-product","3":"status-publish","4":"has-post-thumbnail","6":"product_cat-pratos-decorativos","7":"product_tag-ceramica","8":"pa_ciudad-santiago","9":"pa_pais-espana","11":"first","12":"instock","13":"shipping-taxable","14":"product-type-simple"},"acf":[],"_links":{"self":[{"href":"https:\/\/olemosaic.com\/pt-pt\/wp-json\/wp\/v2\/product\/34117","targetHints":{"allow":["GET"]}}],"collection":[{"href":"https:\/\/olemosaic.com\/pt-pt\/wp-json\/wp\/v2\/product"}],"about":[{"href":"https:\/\/olemosaic.com\/pt-pt\/wp-json\/wp\/v2\/types\/product"}],"wp:featuredmedia":[{"embeddable":true,"href":"https:\/\/olemosaic.com\/pt-pt\/wp-json\/wp\/v2\/media\/8717"}],"wp:attachment":[{"href":"https:\/\/olemosaic.com\/pt-pt\/wp-json\/wp\/v2\/media?parent=34117"}],"wp:term":[{"taxonomy":"product_brand","embeddable":true,"href":"https:\/\/olemosaic.com\/pt-pt\/wp-json\/wp\/v2\/product_brand?post=34117"},{"taxonomy":"product_cat","embeddable":true,"href":"https:\/\/olemosaic.com\/pt-pt\/wp-json\/wp\/v2\/product_cat?post=34117"},{"taxonomy":"product_tag","embeddable":true,"href":"https:\/\/olemosaic.com\/pt-pt\/wp-json\/wp\/v2\/product_tag?post=34117"}],"curies":[{"name":"wp","href":"https:\/\/api.w.org\/{rel}","templated":true}]}}