{"id":34101,"date":"2025-02-20T23:34:01","date_gmt":"2025-02-20T22:34:01","guid":{"rendered":"http:\/\/olemosaic.com\/producto\/plato-de-ceramica-de-11-cm-salamandra-beige\/"},"modified":"2025-07-25T18:48:52","modified_gmt":"2025-07-25T16:48:52","slug":"prato-de-ceramica-de-11-cm-salamandra-bege","status":"publish","type":"product","link":"https:\/\/olemosaic.com\/pt-pt\/produto\/prato-de-ceramica-de-11-cm-salamandra-bege\/","title":{"rendered":"Prato de cer\u00e2mica de 11 cm. Salamandra. Bege."},"content":{"rendered":"<p>Este prato de cer\u00e2mica de 11 cm \u00e9 uma aut\u00eantica joia artesanal que trar\u00e1 um toque vibrante e colorido a qualquer espa\u00e7o. O seu design curvo e o acabamento num elegante tom bege real\u00e7am os motivos pintados \u00e0 m\u00e3o, que incluem salamandras em diversos tons de verde, vermelho e azul, acompanhadas de flores delicadas. Cada detalhe \u00e9 cuidadosamente elaborado, capturando a ess\u00eancia do estilo tradicional espanhol e celebrando a rica cultura do artesanato local.<\/p>\n<p>As salamandras, s\u00edmbolos de transforma\u00e7\u00e3o e criatividade, evocam a natureza vibrante de Espanha, onde a flora e a fauna s\u00e3o parte integrante da identidade cultural. Este prato n\u00e3o \u00e9 apenas um objeto decorativo, mas tamb\u00e9m uma recorda\u00e7\u00e3o representativa que reflete a diversidade e a beleza do patrim\u00f3nio art\u00edstico da regi\u00e3o. A combina\u00e7\u00e3o de cores brilhantes e padr\u00f5es audazes torna cada prato \u00fanico, transformando-o num presente perfeito para quem deseja levar um peda\u00e7o do encanto espanhol para o seu lar.<\/p>\n<p>Na Ol\u00e9 Mosaic, dedicamo-nos a oferecer souvenirs aut\u00eanticos, como este prato de cer\u00e2mica, que \u00e9 ideal tanto para decora\u00e7\u00e3o como para uso quotidiano. Este produto \u00e9 uma excelente op\u00e7\u00e3o para lojas de presentes tur\u00edsticos que procuram artigos de qualidade que realcem a heran\u00e7a cultural de Espanha. Como grossistas de cer\u00e2mica, garantimos que cada pe\u00e7a combina um design excecional com autenticidade, fazendo deste prato uma recorda\u00e7\u00e3o inesquec\u00edvel.<\/p>\n","protected":false},"excerpt":{"rendered":"<p>Prato de cer\u00e2mica de 11 cm com um design vibrante de salamandras, ideal para decora\u00e7\u00e3o ou uso di\u00e1rio. Este prato, de forma curva e acabamento em bege, apresenta coloridos motivos pintados \u00e0 m\u00e3o, incluindo salamandras em tons de verde, vermelho e azul, juntamente com flores, que evocam o estilo tradicional espanhol. A combina\u00e7\u00e3o de cores brilhantes e a aten\u00e7\u00e3o ao detalhe fazem deste prato uma recorda\u00e7\u00e3o encantadora que captura a ess\u00eancia do artesanato local.<\/p>\n","protected":false},"featured_media":7203,"template":"","meta":{"_acf_changed":false},"product_brand":[],"product_cat":[629],"product_tag":[516,515],"class_list":{"0":"post-34101","1":"product","2":"type-product","3":"status-publish","4":"has-post-thumbnail","6":"product_cat-pratos-decorativos","7":"product_tag-animais","8":"product_tag-ceramica","9":"pa_motivo-salamandras","11":"first","12":"instock","13":"shipping-taxable","14":"product-type-simple"},"acf":[],"_links":{"self":[{"href":"https:\/\/olemosaic.com\/pt-pt\/wp-json\/wp\/v2\/product\/34101","targetHints":{"allow":["GET"]}}],"collection":[{"href":"https:\/\/olemosaic.com\/pt-pt\/wp-json\/wp\/v2\/product"}],"about":[{"href":"https:\/\/olemosaic.com\/pt-pt\/wp-json\/wp\/v2\/types\/product"}],"wp:featuredmedia":[{"embeddable":true,"href":"https:\/\/olemosaic.com\/pt-pt\/wp-json\/wp\/v2\/media\/7203"}],"wp:attachment":[{"href":"https:\/\/olemosaic.com\/pt-pt\/wp-json\/wp\/v2\/media?parent=34101"}],"wp:term":[{"taxonomy":"product_brand","embeddable":true,"href":"https:\/\/olemosaic.com\/pt-pt\/wp-json\/wp\/v2\/product_brand?post=34101"},{"taxonomy":"product_cat","embeddable":true,"href":"https:\/\/olemosaic.com\/pt-pt\/wp-json\/wp\/v2\/product_cat?post=34101"},{"taxonomy":"product_tag","embeddable":true,"href":"https:\/\/olemosaic.com\/pt-pt\/wp-json\/wp\/v2\/product_tag?post=34101"}],"curies":[{"name":"wp","href":"https:\/\/api.w.org\/{rel}","templated":true}]}}