{"id":34100,"date":"2025-02-20T22:34:01","date_gmt":"2025-02-20T22:34:01","guid":{"rendered":"http:\/\/olemosaic.com\/producto\/plato-de-ceramica-de-11-cm-salamandra-barcelona-beige\/"},"modified":"2025-07-25T19:37:23","modified_gmt":"2025-07-25T17:37:23","slug":"prato-de-ceramica-de-11-cm-salamandra-barcelona-bege","status":"publish","type":"product","link":"https:\/\/olemosaic.com\/pt-pt\/produto\/prato-de-ceramica-de-11-cm-salamandra-barcelona-bege\/","title":{"rendered":"Prato de cer\u00e2mica de 11 cm. Salamandra. Barcelona. Bege."},"content":{"rendered":"<p>Este prato de cer\u00e2mica de 11 cm \u00e9 uma representa\u00e7\u00e3o encantadora da vibrante cultura de Barcelona, adornado com salamandras coloridas que certamente captar\u00e3o a aten\u00e7\u00e3o. O seu design destaca-se por uma paleta de cores vivas, com tons de azul, verde e vermelho, dispostos em padr\u00f5es geom\u00e9tricos que animam o fundo bege do prato. A ilustra\u00e7\u00e3o apresenta duas salamandras entrela\u00e7adas, um jogo de formas e cores que simboliza a riqueza da fauna mediterr\u00e2nica e a liga\u00e7\u00e3o de Barcelona com a natureza. Na parte superior, o texto &#8220;Barcelona&#8221; apresenta-se de forma clara e art\u00edstica, integrando-se na perfei\u00e7\u00e3o na composi\u00e7\u00e3o.<\/p>\n<p>A borda preta marcada acrescenta um toque contempor\u00e2neo e elegante \u00e0 pe\u00e7a, enquanto o acabamento artesanal real\u00e7a a dedica\u00e7\u00e3o e o esmero colocados na cria\u00e7\u00e3o de cada prato. Esta recorda\u00e7\u00e3o n\u00e3o \u00e9 apenas um objeto decorativo, mas um aut\u00eantico souvenir que evoca a ess\u00eancia de Barcelona, ideal para turistas que procuram levar um fragmento cultural desta emblem\u00e1tica cidade. Na Ol\u00e9 Mosaic, orgulhamo-nos de oferecer souvenirs de cer\u00e2mica aut\u00eanticos que celebram a identidade cultural dos seus locais de origem. Este prato de salamandras \u00e9 uma excelente escolha para lojas de presentes tur\u00edsticos e representa uma op\u00e7\u00e3o ideal para quem valoriza o artesanato e o design.<\/p>\n","protected":false},"excerpt":{"rendered":"<p>Prato de cer\u00e2mica de 11 cm adornado com salamandras coloridas, inspirado na riqueza cultural de Barcelona. Este design destaca-se pela sua vibrante paleta de cores e pelos seus padr\u00f5es geom\u00e9tricos, que representam duas salamandras sobre um fundo bege, com a palavra &#8220;Barcelona&#8221; escrita na parte superior. Com uma borda preta e um acabamento artesanal, \u00e9 uma recorda\u00e7\u00e3o elegante, perfeita para adicionar um toque de vida e cultura a qualquer casa.<\/p>\n","protected":false},"featured_media":7201,"template":"","meta":{"_acf_changed":false},"product_brand":[],"product_cat":[629],"product_tag":[516,515],"class_list":{"0":"post-34100","1":"product","2":"type-product","3":"status-publish","4":"has-post-thumbnail","6":"product_cat-pratos-decorativos","7":"product_tag-animais","8":"product_tag-ceramica","9":"pa_ciudad-barcelona","10":"pa_motivo-salamandras","11":"pa_pais-espana","13":"first","14":"instock","15":"shipping-taxable","16":"product-type-simple"},"acf":[],"_links":{"self":[{"href":"https:\/\/olemosaic.com\/pt-pt\/wp-json\/wp\/v2\/product\/34100","targetHints":{"allow":["GET"]}}],"collection":[{"href":"https:\/\/olemosaic.com\/pt-pt\/wp-json\/wp\/v2\/product"}],"about":[{"href":"https:\/\/olemosaic.com\/pt-pt\/wp-json\/wp\/v2\/types\/product"}],"wp:featuredmedia":[{"embeddable":true,"href":"https:\/\/olemosaic.com\/pt-pt\/wp-json\/wp\/v2\/media\/7201"}],"wp:attachment":[{"href":"https:\/\/olemosaic.com\/pt-pt\/wp-json\/wp\/v2\/media?parent=34100"}],"wp:term":[{"taxonomy":"product_brand","embeddable":true,"href":"https:\/\/olemosaic.com\/pt-pt\/wp-json\/wp\/v2\/product_brand?post=34100"},{"taxonomy":"product_cat","embeddable":true,"href":"https:\/\/olemosaic.com\/pt-pt\/wp-json\/wp\/v2\/product_cat?post=34100"},{"taxonomy":"product_tag","embeddable":true,"href":"https:\/\/olemosaic.com\/pt-pt\/wp-json\/wp\/v2\/product_tag?post=34100"}],"curies":[{"name":"wp","href":"https:\/\/api.w.org\/{rel}","templated":true}]}}