{"id":34099,"date":"2025-02-20T23:34:01","date_gmt":"2025-02-20T22:34:01","guid":{"rendered":"http:\/\/olemosaic.com\/producto\/plato-de-ceramica-de-11-cm-la-alhambra-granada-beige\/"},"modified":"2025-07-25T19:20:01","modified_gmt":"2025-07-25T17:20:01","slug":"prato-de-ceramica-de-11-cm-alhambra-granada-bege","status":"publish","type":"product","link":"https:\/\/olemosaic.com\/pt-pt\/produto\/prato-de-ceramica-de-11-cm-alhambra-granada-bege\/","title":{"rendered":"Prato de cer\u00e2mica de 11 cm. Alhambra. Granada. Bege."},"content":{"rendered":"<p>Este prato de cer\u00e2mica de 11 cm \u00e9 uma recorda\u00e7\u00e3o preciosa que captura a ess\u00eancia de Alhambra, o emblem\u00e1tico monumento de Granada. Com um acabamento elegante em tons de bege e uma borda vermelha, este prato apresenta um design pintado \u00e0 m\u00e3o que evoca a majestade deste ic\u00f3nico pal\u00e1cio andaluz. A ilustra\u00e7\u00e3o de Alhambra, rica em detalhes, mostra a fortaleza rodeada de vegeta\u00e7\u00e3o exuberante e as impressionantes montanhas ao fundo, que servem de majestoso cen\u00e1rio a este s\u00edmbolo do legado hist\u00f3rico espanhol.<\/p>\n<p>O texto &#8220;la Alhambra Granada&#8221;, escrito com uma caligrafia colorida, complementa a cena requintada, enquanto um vibrante mosaico na base do prato confere um toque aut\u00eantico e tradicional andaluz, evocando a rica heran\u00e7a cultural da regi\u00e3o. Este prato n\u00e3o \u00e9 apenas uma pe\u00e7a decorativa, mas tamb\u00e9m um excelente souvenir que reflete a beleza e a hist\u00f3ria de Granada, tornando-o uma op\u00e7\u00e3o ideal para turistas que procuram levar um peda\u00e7o da cultura espanhola para casa.<\/p>\n<p>Na Ol\u00e9 Mosaic, somos especialistas na distribui\u00e7\u00e3o de souvenirs por grosso, e este prato de cer\u00e2mica n\u00e3o s\u00f3 representa uma recorda\u00e7\u00e3o significativa, como tamb\u00e9m \u00e9 uma adi\u00e7\u00e3o valiosa para lojas de presentes tur\u00edsticos. Com a sua autenticidade e relev\u00e2ncia cultural, este souvenir de Alhambra \u00e9 perfeito para aqueles que desejam preservar a magia de Granada.<\/p>\n","protected":false},"excerpt":{"rendered":"<p>Prato de cer\u00e2mica de 11 cm decorado com uma ilustra\u00e7\u00e3o de Alhambra, o emblem\u00e1tico monumento de Granada. Este prato, de tonalidades bege com borda vermelha, apresenta um design artesanal, pintado \u00e0 m\u00e3o, que captura a majestade de Alhambra rodeada de vegeta\u00e7\u00e3o e com as montanhas ao fundo. O texto \u201cla Alhambra Granada\u201d, em caligrafia colorida, complementa a cena, juntamente com um vibrante mosaico na base, que confere um toque tradicional andaluz. Perfeito como souvenir ou para decorar.<\/p>\n","protected":false},"featured_media":7522,"template":"","meta":{"_acf_changed":false},"product_brand":[],"product_cat":[629],"product_tag":[515],"class_list":{"0":"post-34099","1":"product","2":"type-product","3":"status-publish","4":"has-post-thumbnail","6":"product_cat-pratos-decorativos","7":"product_tag-ceramica","8":"pa_ciudad-granada","9":"pa_motivo-a-alhambra","10":"pa_pais-espana","12":"first","13":"instock","14":"shipping-taxable","15":"product-type-simple"},"acf":[],"_links":{"self":[{"href":"https:\/\/olemosaic.com\/pt-pt\/wp-json\/wp\/v2\/product\/34099","targetHints":{"allow":["GET"]}}],"collection":[{"href":"https:\/\/olemosaic.com\/pt-pt\/wp-json\/wp\/v2\/product"}],"about":[{"href":"https:\/\/olemosaic.com\/pt-pt\/wp-json\/wp\/v2\/types\/product"}],"wp:featuredmedia":[{"embeddable":true,"href":"https:\/\/olemosaic.com\/pt-pt\/wp-json\/wp\/v2\/media\/7522"}],"wp:attachment":[{"href":"https:\/\/olemosaic.com\/pt-pt\/wp-json\/wp\/v2\/media?parent=34099"}],"wp:term":[{"taxonomy":"product_brand","embeddable":true,"href":"https:\/\/olemosaic.com\/pt-pt\/wp-json\/wp\/v2\/product_brand?post=34099"},{"taxonomy":"product_cat","embeddable":true,"href":"https:\/\/olemosaic.com\/pt-pt\/wp-json\/wp\/v2\/product_cat?post=34099"},{"taxonomy":"product_tag","embeddable":true,"href":"https:\/\/olemosaic.com\/pt-pt\/wp-json\/wp\/v2\/product_tag?post=34099"}],"curies":[{"name":"wp","href":"https:\/\/api.w.org\/{rel}","templated":true}]}}