{"id":34098,"date":"2025-02-20T23:34:01","date_gmt":"2025-02-20T22:34:01","guid":{"rendered":"http:\/\/olemosaic.com\/producto\/plato-de-ceramica-de-11-cm-panoramica-madrid-beige\/"},"modified":"2025-07-25T20:22:05","modified_gmt":"2025-07-25T18:22:05","slug":"prato-de-ceramica-de-11-cm-panoramica-madrid-bege","status":"publish","type":"product","link":"https:\/\/olemosaic.com\/pt-pt\/produto\/prato-de-ceramica-de-11-cm-panoramica-madrid-bege\/","title":{"rendered":"Prato de cer\u00e2mica de 11 cm. Panor\u00e2mica. Madrid. Bege."},"content":{"rendered":"<p>Este prato de cer\u00e2mica de 11 cm \u00e9 uma recorda\u00e7\u00e3o evocativa de Madrid, desenhado para capturar a ess\u00eancia de uma das capitais mais vibrantes da Europa. A pe\u00e7a apresenta uma ilustra\u00e7\u00e3o colorida em estilo mosaico, onde se destaca a emblem\u00e1tica Porta de Alcal\u00e1, um s\u00edmbolo indiscut\u00edvel da cidade. As cores brilhantes e o design intrincado complementam-se com um fundo bege que confere calor, enquanto as bordas vermelhas acrescentam um toque de dinamismo e contrastam com o centro do prato. Cada elemento \u00e9 pintado \u00e0 m\u00e3o, o que garante a autenticidade e a singularidade de cada pe\u00e7a.<\/p>\n<p>Este prato n\u00e3o \u00e9 apenas um objeto decorativo, mas tamb\u00e9m pode ser utilizado de forma funcional, tornando-se um acess\u00f3rio vers\u00e1til que embelezar\u00e1 qualquer mesa. Al\u00e9m disso, representa na perfei\u00e7\u00e3o o encanto e a hist\u00f3ria de Madrid, tornando-o uma recorda\u00e7\u00e3o ideal para quem visita a capital espanhola. Na Ol\u00e9 Mosaic, especializamo-nos na distribui\u00e7\u00e3o de recorda\u00e7\u00f5es por grosso, oferecendo produtos que refletem a rica cultura e tradi\u00e7\u00e3o de Espanha. Este prato de cer\u00e2mica, como parte das nossas recorda\u00e7\u00f5es de Madrid, \u00e9 uma op\u00e7\u00e3o perfeita para lojas de presentes tur\u00edsticos que procuram algo aut\u00eantico e representativo.<\/p>\n","protected":false},"excerpt":{"rendered":"<p>Prato de cer\u00e2mica de 11 cm com uma bel\u00edssima panor\u00e2mica de Madrid. Este prato apresenta uma ilustra\u00e7\u00e3o colorida em estilo mosaico, destacando a emblem\u00e1tica Porta de Alcal\u00e1 e elementos representativos da cidade. Com fundo bege e bordas vermelhas, \u00e9 uma pe\u00e7a de design artesanal, pintada \u00e0 m\u00e3o, que combina detalhes art\u00edsticos com a ess\u00eancia cultural madrilena. Ideal como elemento decorativo ou para uso funcional, captura na perfei\u00e7\u00e3o o encanto da capital espanhola.<\/p>\n","protected":false},"featured_media":7530,"template":"","meta":{"_acf_changed":false},"product_brand":[],"product_cat":[629],"product_tag":[515],"class_list":{"0":"post-34098","1":"product","2":"type-product","3":"status-publish","4":"has-post-thumbnail","6":"product_cat-pratos-decorativos","7":"product_tag-ceramica","8":"pa_ciudad-madrid","9":"pa_motivo-panoramas","10":"pa_pais-espana","12":"first","13":"instock","14":"shipping-taxable","15":"product-type-simple"},"acf":[],"_links":{"self":[{"href":"https:\/\/olemosaic.com\/pt-pt\/wp-json\/wp\/v2\/product\/34098","targetHints":{"allow":["GET"]}}],"collection":[{"href":"https:\/\/olemosaic.com\/pt-pt\/wp-json\/wp\/v2\/product"}],"about":[{"href":"https:\/\/olemosaic.com\/pt-pt\/wp-json\/wp\/v2\/types\/product"}],"wp:featuredmedia":[{"embeddable":true,"href":"https:\/\/olemosaic.com\/pt-pt\/wp-json\/wp\/v2\/media\/7530"}],"wp:attachment":[{"href":"https:\/\/olemosaic.com\/pt-pt\/wp-json\/wp\/v2\/media?parent=34098"}],"wp:term":[{"taxonomy":"product_brand","embeddable":true,"href":"https:\/\/olemosaic.com\/pt-pt\/wp-json\/wp\/v2\/product_brand?post=34098"},{"taxonomy":"product_cat","embeddable":true,"href":"https:\/\/olemosaic.com\/pt-pt\/wp-json\/wp\/v2\/product_cat?post=34098"},{"taxonomy":"product_tag","embeddable":true,"href":"https:\/\/olemosaic.com\/pt-pt\/wp-json\/wp\/v2\/product_tag?post=34098"}],"curies":[{"name":"wp","href":"https:\/\/api.w.org\/{rel}","templated":true}]}}