{"id":34097,"date":"2025-02-20T23:34:00","date_gmt":"2025-02-20T22:34:00","guid":{"rendered":"http:\/\/olemosaic.com\/producto\/plato-de-ceramica-de-10-cm-patio-blanco-2\/"},"modified":"2025-07-25T18:34:01","modified_gmt":"2025-07-25T16:34:01","slug":"prato-de-ceramica-de-10-cm-patio-branco-2","status":"publish","type":"product","link":"https:\/\/olemosaic.com\/pt-pt\/produto\/prato-de-ceramica-de-10-cm-patio-branco-2\/","title":{"rendered":"Prato de cer\u00e2mica de 10 cm. P\u00e1tio andaluz. Branco."},"content":{"rendered":"<p>Este prato de cer\u00e2mica de 10 cm, decorado com uma cena de dan\u00e7a num p\u00e1tio espanhol, \u00e9 uma magn\u00edfica representa\u00e7\u00e3o da cultura andaluza. A pe\u00e7a, de uma elegante cor branca, destaca-se pelo seu design art\u00edstico, que mostra uma bailarina vestida com um vibrante vestido vermelho, acompanhada por um cavalheiro que segura um chap\u00e9u, evocando a alegria e o esp\u00edrito do folclore espanhol. O fundo do prato \u00e9 adornado com flores coloridas e vasos que trazem um toque de frescura e vitalidade, refletindo a beleza da arquitetura espanhola e a tradi\u00e7\u00e3o festiva que caracteriza os seus p\u00e1tios.<\/p>\n<p>A palavra &#8220;Espa\u00f1a&#8221;, impressa com um estilo encantador, refor\u00e7a a identidade cultural do produto, tornando-o uma recorda\u00e7\u00e3o perfeita para turistas e amantes da arte. Este prato \u00e9 mais do que um simples souvenir; \u00e9 um reflexo do patrim\u00f3nio art\u00edstico e da rica hist\u00f3ria de Espanha, ideal para quem deseja levar um peda\u00e7o de cultura na sua viagem. Na Ol\u00e9 Mosaic, somos distribuidores grossistas de souvenirs aut\u00eanticos e de qualidade, e este prato de cer\u00e2mica \u00e9 uma excelente op\u00e7\u00e3o para lojas de presentes tur\u00edsticos que desejem oferecer produtos representativos da tradi\u00e7\u00e3o espanhola. Sem d\u00favida, um artigo que atrair\u00e1 os seus clientes e enriquecer\u00e1 a sua cole\u00e7\u00e3o de souvenirs.<\/p>\n","protected":false},"excerpt":{"rendered":"<p>Prato de cer\u00e2mica de 10 cm decorado com uma colorida cena de dan\u00e7a num p\u00e1tio tipicamente espanhol. Este atraente prato mostra uma bailarina vestida com um vibrante vestido vermelho, acompanhada por um homem que segura um chap\u00e9u, tudo rodeado de flores e vasos que evocam a alegria do folclore andaluz. Com a inscri\u00e7\u00e3o &#8220;Espa\u00f1a&#8221;, este prato branco \u00e9 uma pe\u00e7a chamativa e representativa da cultura espanhola, ideal para colecionadores e amantes da arte.<\/p>\n","protected":false},"featured_media":8494,"template":"","meta":{"_acf_changed":false},"product_brand":[],"product_cat":[629],"product_tag":[515],"class_list":{"0":"post-34097","1":"product","2":"type-product","3":"status-publish","4":"has-post-thumbnail","6":"product_cat-pratos-decorativos","7":"product_tag-ceramica","8":"pa_motivo-patios","10":"first","11":"instock","12":"shipping-taxable","13":"product-type-simple"},"acf":[],"_links":{"self":[{"href":"https:\/\/olemosaic.com\/pt-pt\/wp-json\/wp\/v2\/product\/34097","targetHints":{"allow":["GET"]}}],"collection":[{"href":"https:\/\/olemosaic.com\/pt-pt\/wp-json\/wp\/v2\/product"}],"about":[{"href":"https:\/\/olemosaic.com\/pt-pt\/wp-json\/wp\/v2\/types\/product"}],"wp:featuredmedia":[{"embeddable":true,"href":"https:\/\/olemosaic.com\/pt-pt\/wp-json\/wp\/v2\/media\/8494"}],"wp:attachment":[{"href":"https:\/\/olemosaic.com\/pt-pt\/wp-json\/wp\/v2\/media?parent=34097"}],"wp:term":[{"taxonomy":"product_brand","embeddable":true,"href":"https:\/\/olemosaic.com\/pt-pt\/wp-json\/wp\/v2\/product_brand?post=34097"},{"taxonomy":"product_cat","embeddable":true,"href":"https:\/\/olemosaic.com\/pt-pt\/wp-json\/wp\/v2\/product_cat?post=34097"},{"taxonomy":"product_tag","embeddable":true,"href":"https:\/\/olemosaic.com\/pt-pt\/wp-json\/wp\/v2\/product_tag?post=34097"}],"curies":[{"name":"wp","href":"https:\/\/api.w.org\/{rel}","templated":true}]}}