{"id":34081,"date":"2025-02-20T23:34:00","date_gmt":"2025-02-20T22:34:00","guid":{"rendered":"http:\/\/olemosaic.com\/producto\/plato-de-ceramica-de-10-cm-madrid-blanco\/"},"modified":"2025-07-25T18:37:50","modified_gmt":"2025-07-25T16:37:50","slug":"prato-de-ceramica-de-10-cm-madrid-branco","status":"publish","type":"product","link":"https:\/\/olemosaic.com\/pt-pt\/produto\/prato-de-ceramica-de-10-cm-madrid-branco\/","title":{"rendered":"Prato de cer\u00e2mica de 10 cm. Madrid. Branco."},"content":{"rendered":"<p>Este prato de cer\u00e2mica de 10 cm \u00e9 uma encantadora recorda\u00e7\u00e3o de Madrid que capta a ess\u00eancia da emblem\u00e1tica Puerta del Sol. A sua superf\u00edcie branca, delicadamente com efeito de pintura \u00e0 m\u00e3o, apresenta uma vibrante ilustra\u00e7\u00e3o com o famoso rel\u00f3gio da pra\u00e7a, juntamente com coloridas personagens que d\u00e3o vida a este lugar ic\u00f3nico. Os alegres detalhes e o estilo de arte popular que adornam o prato refletem a riqueza cultural da capital espanhola, tornando-o uma recorda\u00e7\u00e3o que celebra a hist\u00f3ria e a alegria de Madrid.<\/p>\n<p>O design do prato inclui elementos reconhec\u00edveis, como a arquitetura caracter\u00edstica da zona, bem como cenas quotidianas que representam o calor dos seus habitantes. As cores vivas e a ess\u00eancia l\u00fadica de cada personagem fazem deste prato n\u00e3o apenas uma pe\u00e7a decorativa atraente, mas tamb\u00e9m uma explora\u00e7\u00e3o art\u00edstica da vida madrilena. Sendo uma recorda\u00e7\u00e3o pintada \u00e0 m\u00e3o, cada prato \u00e9 \u00fanico, o que real\u00e7a a sua autenticidade e valor.<\/p>\n<p>Na Ol\u00e9 Mosaic, especializamo-mo-nos na distribui\u00e7\u00e3o de recorda\u00e7\u00f5es por grosso que celebram a cultura espanhola. Este prato de cer\u00e2mica da Puerta del Sol \u00e9 uma excelente escolha para lojas de presentes tur\u00edsticos que procuram oferecer aos seus clientes uma amostra distintiva e aut\u00eantica da tradi\u00e7\u00e3o madrilena, ideal para turistas que desejam levar um peda\u00e7o de Madrid para casa.<\/p>\n","protected":false},"excerpt":{"rendered":"<p>Prato de cer\u00e2mica de 10 cm inspirado na emblem\u00e1tica Puerta del Sol de Madrid. Este atraente prato branco, de design artesanal e pintado \u00e0 m\u00e3o, apresenta uma ilustra\u00e7\u00e3o vibrante com coloridas personagens e o famoso rel\u00f3gio da pra\u00e7a. Decorado com detalhes alegres e um toque de arte popular, o design reflete a ess\u00eancia da cultura madrilena, tornando-o um souvenir ideal para recordar a sua visita \u00e0 capital espanhola.<\/p>\n","protected":false},"featured_media":9953,"template":"","meta":{"_acf_changed":false},"product_brand":[],"product_cat":[629],"product_tag":[515],"class_list":{"0":"post-34081","1":"product","2":"type-product","3":"status-publish","4":"has-post-thumbnail","6":"product_cat-pratos-decorativos","7":"product_tag-ceramica","8":"pa_ciudad-madrid","9":"pa_pais-espana","11":"first","12":"instock","13":"shipping-taxable","14":"product-type-simple"},"acf":[],"_links":{"self":[{"href":"https:\/\/olemosaic.com\/pt-pt\/wp-json\/wp\/v2\/product\/34081","targetHints":{"allow":["GET"]}}],"collection":[{"href":"https:\/\/olemosaic.com\/pt-pt\/wp-json\/wp\/v2\/product"}],"about":[{"href":"https:\/\/olemosaic.com\/pt-pt\/wp-json\/wp\/v2\/types\/product"}],"wp:featuredmedia":[{"embeddable":true,"href":"https:\/\/olemosaic.com\/pt-pt\/wp-json\/wp\/v2\/media\/9953"}],"wp:attachment":[{"href":"https:\/\/olemosaic.com\/pt-pt\/wp-json\/wp\/v2\/media?parent=34081"}],"wp:term":[{"taxonomy":"product_brand","embeddable":true,"href":"https:\/\/olemosaic.com\/pt-pt\/wp-json\/wp\/v2\/product_brand?post=34081"},{"taxonomy":"product_cat","embeddable":true,"href":"https:\/\/olemosaic.com\/pt-pt\/wp-json\/wp\/v2\/product_cat?post=34081"},{"taxonomy":"product_tag","embeddable":true,"href":"https:\/\/olemosaic.com\/pt-pt\/wp-json\/wp\/v2\/product_tag?post=34081"}],"curies":[{"name":"wp","href":"https:\/\/api.w.org\/{rel}","templated":true}]}}