{"id":34080,"date":"2025-02-20T22:34:00","date_gmt":"2025-02-20T22:34:00","guid":{"rendered":"http:\/\/olemosaic.com\/producto\/plato-de-ceramica-de-10-cm-sevilla-blanco\/"},"modified":"2025-07-25T19:06:44","modified_gmt":"2025-07-25T17:06:44","slug":"prato-de-ceramica-de-10-cm-sevilha-branco","status":"publish","type":"product","link":"https:\/\/olemosaic.com\/pt-pt\/produto\/prato-de-ceramica-de-10-cm-sevilha-branco\/","title":{"rendered":"Prato de cer\u00e2mica de 10 cm. Sevilha. Branco."},"content":{"rendered":"<p>Este prato de cer\u00e2mica de 10 cm \u00e9 uma recorda\u00e7\u00e3o elegante e colorida de Sevilha, desenhado para captar a ess\u00eancia vibrante desta emblem\u00e1tica cidade andaluza. Com um fundo branco que real\u00e7a a sua beleza, o prato apresenta uma detalhada ilustra\u00e7\u00e3o de monumentos ic\u00f3nicos como a Giralda e o Alc\u00e1zar, cada um retratado com um estilo art\u00edstico que mostra as ricas nuances da paisagem urbana sevilhana. A t\u00e9cnica de pintura \u00e0 m\u00e3o acrescenta um toque aut\u00eantico, permitindo apreciar a destreza e o cuidado em cada tra\u00e7o, o que torna esta pe\u00e7a um elemento decorativo ideal tanto para o lar como para o com\u00e9rcio.<\/p>\n<p>Al\u00e9m disso, o nome &#8220;Sevilla&#8221; aparece em letras chamativas e modernas, proporcionando um toque contempor\u00e2neo que complementa a tradi\u00e7\u00e3o cultural da regi\u00e3o. Este prato n\u00e3o funciona apenas como uma pe\u00e7a decorativa, mas tamb\u00e9m como uma recorda\u00e7\u00e3o representativa da rica hist\u00f3ria e da diversidade cultural de Sevilha. Na Ol\u00e9 Mosaic, oferecemos este tipo de recorda\u00e7\u00f5es de cer\u00e2mica por grosso, garantindo autenticidade e qualidade em cada produto. Este prato de cer\u00e2mica \u00e9 uma excelente op\u00e7\u00e3o para turistas que procuram souvenirs de Sevilha, bem como para lojas de presentes tur\u00edsticos que desejem oferecer produtos \u00fanicos e significativos relacionados com a cultura espanhola.<\/p>\n","protected":false},"excerpt":{"rendered":"<p>Prato de cer\u00e2mica de 10 cm, inspirado na beleza de Sevilha. Est\u00e1 decorado com uma vibrante ilustra\u00e7\u00e3o de monumentos emblem\u00e1ticos como a Giralda e o Alc\u00e1zar. Este prato, com um elegante fundo branco, apresenta um design colorido e detalhado que capta a ess\u00eancia da cidade. A t\u00e9cnica de pintura \u00e0 m\u00e3o real\u00e7a as nuances e a riqueza da paisagem urbana sevilhana, complementado com o nome &#8220;Sevilla&#8221; em letras chamativas e modernas. Ideal como recorda\u00e7\u00e3o ou elemento decorativo.<\/p>\n","protected":false},"featured_media":9940,"template":"","meta":{"_acf_changed":false},"product_brand":[],"product_cat":[629],"product_tag":[515],"class_list":{"0":"post-34080","1":"product","2":"type-product","3":"status-publish","4":"has-post-thumbnail","6":"product_cat-pratos-decorativos","7":"product_tag-ceramica","8":"pa_ciudad-sevilla","9":"pa_pais-espana","11":"first","12":"instock","13":"shipping-taxable","14":"product-type-simple"},"acf":[],"_links":{"self":[{"href":"https:\/\/olemosaic.com\/pt-pt\/wp-json\/wp\/v2\/product\/34080","targetHints":{"allow":["GET"]}}],"collection":[{"href":"https:\/\/olemosaic.com\/pt-pt\/wp-json\/wp\/v2\/product"}],"about":[{"href":"https:\/\/olemosaic.com\/pt-pt\/wp-json\/wp\/v2\/types\/product"}],"wp:featuredmedia":[{"embeddable":true,"href":"https:\/\/olemosaic.com\/pt-pt\/wp-json\/wp\/v2\/media\/9940"}],"wp:attachment":[{"href":"https:\/\/olemosaic.com\/pt-pt\/wp-json\/wp\/v2\/media?parent=34080"}],"wp:term":[{"taxonomy":"product_brand","embeddable":true,"href":"https:\/\/olemosaic.com\/pt-pt\/wp-json\/wp\/v2\/product_brand?post=34080"},{"taxonomy":"product_cat","embeddable":true,"href":"https:\/\/olemosaic.com\/pt-pt\/wp-json\/wp\/v2\/product_cat?post=34080"},{"taxonomy":"product_tag","embeddable":true,"href":"https:\/\/olemosaic.com\/pt-pt\/wp-json\/wp\/v2\/product_tag?post=34080"}],"curies":[{"name":"wp","href":"https:\/\/api.w.org\/{rel}","templated":true}]}}