{"id":34079,"date":"2025-02-20T23:34:00","date_gmt":"2025-02-20T22:34:00","guid":{"rendered":"http:\/\/olemosaic.com\/producto\/plato-de-ceramica-de-10-cm-salamandra-y-flores-blanco\/"},"modified":"2025-07-25T18:39:03","modified_gmt":"2025-07-25T16:39:03","slug":"prato-de-ceramica-de-10-cm-salamandra-e-flores-branco","status":"publish","type":"product","link":"https:\/\/olemosaic.com\/pt-pt\/produto\/prato-de-ceramica-de-10-cm-salamandra-e-flores-branco\/","title":{"rendered":"Prato de cer\u00e2mica de 10 cm. Salamandra e flores. Branco."},"content":{"rendered":"<p>Este prato de cer\u00e2mica de 10 cm, decorado com uma vibrante salamandra e flores, \u00e9 uma aut\u00eantica joia que capta a ess\u00eancia do folclore espanhol. Cada pe\u00e7a aparenta ser pintada \u00e0 m\u00e3o, o que garante uma singularidade que a distingue de outros souvenirs. O fundo branco real\u00e7a os chamativos motivos em cores intensas como o vermelho, amarelo e verde, que d\u00e3o vida \u00e0 ilustra\u00e7\u00e3o, enquanto os detalhes em preto perfilam com eleg\u00e2ncia as formas e contornos, criando um apelo visual cativante.<\/p>\n<p>A salamandra, conhecida na cultura popular espanhola como s\u00edmbolo de transforma\u00e7\u00e3o e renova\u00e7\u00e3o, apresenta-se rodeada de exuberantes flores que complementam o seu design colorido e alegre. Este prato n\u00e3o funciona apenas como elemento decorativo; tamb\u00e9m \u00e9 ideal para o uso di\u00e1rio, conferindo um toque art\u00edstico a qualquer mesa ou cozinha. A tradi\u00e7\u00e3o cer\u00e2mica de Espanha \u00e9 rica e variada, e este prato \u00e9 um excelente exemplo de como se entrela\u00e7am a arte e a funcionalidade num s\u00f3 objeto.<\/p>\n<p>Na Ol\u00e9 Mosaic, oferecemos este tipo de souvenirs aut\u00eanticos que representam a cultura e o patrim\u00f3nio espanhol. Este prato decorativo \u00e9 uma excelente op\u00e7\u00e3o para lojas de presentes tur\u00edsticos que procuram produtos com valor cultural. Com o seu design muito especial e a sua rica heran\u00e7a, este prato de cer\u00e2mica \u00e9 uma recorda\u00e7\u00e3o perfeita para quem deseja levar um pedacinho de Espanha para casa.<\/p>\n","protected":false},"excerpt":{"rendered":"<p>Prato de cer\u00e2mica de 10 cm decorado com uma vibrante salamandra e flores, inspirado na rica tradi\u00e7\u00e3o cultural espanhola. Este delicado prato, de design artesanal e pintado \u00e0 m\u00e3o, apresenta um fundo branco que real\u00e7a os motivos em cores brilhantes como o vermelho, o amarelo e o verde, com detalhes pretos que perfilam as figuras. Perfeito como elemento decorativo ou para uso di\u00e1rio, este artigo combina funcionalidade e arte numa pe\u00e7a \u00fanica e colorida.<\/p>\n","protected":false},"featured_media":8352,"template":"","meta":{"_acf_changed":false},"product_brand":[],"product_cat":[629],"product_tag":[516,515],"class_list":{"0":"post-34079","1":"product","2":"type-product","3":"status-publish","4":"has-post-thumbnail","6":"product_cat-pratos-decorativos","7":"product_tag-animais","8":"product_tag-ceramica","9":"pa_motivo-salamandras","11":"first","12":"instock","13":"shipping-taxable","14":"product-type-simple"},"acf":[],"_links":{"self":[{"href":"https:\/\/olemosaic.com\/pt-pt\/wp-json\/wp\/v2\/product\/34079","targetHints":{"allow":["GET"]}}],"collection":[{"href":"https:\/\/olemosaic.com\/pt-pt\/wp-json\/wp\/v2\/product"}],"about":[{"href":"https:\/\/olemosaic.com\/pt-pt\/wp-json\/wp\/v2\/types\/product"}],"wp:featuredmedia":[{"embeddable":true,"href":"https:\/\/olemosaic.com\/pt-pt\/wp-json\/wp\/v2\/media\/8352"}],"wp:attachment":[{"href":"https:\/\/olemosaic.com\/pt-pt\/wp-json\/wp\/v2\/media?parent=34079"}],"wp:term":[{"taxonomy":"product_brand","embeddable":true,"href":"https:\/\/olemosaic.com\/pt-pt\/wp-json\/wp\/v2\/product_brand?post=34079"},{"taxonomy":"product_cat","embeddable":true,"href":"https:\/\/olemosaic.com\/pt-pt\/wp-json\/wp\/v2\/product_cat?post=34079"},{"taxonomy":"product_tag","embeddable":true,"href":"https:\/\/olemosaic.com\/pt-pt\/wp-json\/wp\/v2\/product_tag?post=34079"}],"curies":[{"name":"wp","href":"https:\/\/api.w.org\/{rel}","templated":true}]}}