{"id":34049,"date":"2025-02-20T23:33:58","date_gmt":"2025-02-20T22:33:58","guid":{"rendered":"http:\/\/olemosaic.com\/producto\/mug-xl-de-ceramica-motivos-africanos-beige\/"},"modified":"2025-07-25T19:44:41","modified_gmt":"2025-07-25T17:44:41","slug":"caneca-xl-de-ceramica-motivos-africanos-bege","status":"publish","type":"product","link":"https:\/\/olemosaic.com\/pt-pt\/produto\/caneca-xl-de-ceramica-motivos-africanos-bege\/","title":{"rendered":"Caneca XL de cer\u00e2mica. Motivos africanos. Bege."},"content":{"rendered":"<p>Esta caneca XL de cer\u00e2mica \u00e9 uma express\u00e3o vibrante da fauna africana, perfeita para quem deseja levar um pedacinho de \u00c1frica para a sua mesa. Com um design cativante que apresenta uma girafa e um elefante num ambiente de selva, esta caneca destaca-se pela sua t\u00e9cnica de mosaico, pintada \u00e0 m\u00e3o com uma paleta de cores intensas que inclui vermelho, amarelo e cinzento. O fundo bege proporciona um contraste ideal, real\u00e7ando a beleza do intrincado trabalho art\u00edstico que captura a ess\u00eancia da natureza africana.<\/p>\n<p>A elegante girafa, \u00e0 esquerda, ergue-se majestosa, enquanto o robusto elefante, \u00e0 direita, confere uma sensa\u00e7\u00e3o de presen\u00e7a e for\u00e7a. Ambos os animais, rodeados por uma paisagem exuberante e fauna em voo, comp\u00f5em uma narrativa visual que celebra a diversidade e a beleza do ecossistema africano. Esta caneca n\u00e3o s\u00f3 \u00e9 funcional, como tamb\u00e9m \u00e9 um presente ideal e um excelente souvenir para os turistas que procuram uma recorda\u00e7\u00e3o aut\u00eantica e significativa da sua visita.<\/p>\n<p>Na Ol\u00e9 Mosaic, orgulhamo-nos de oferecer souvenirs de cer\u00e2mica de qualidade por grosso. Esta caneca XL de motivos africanos \u00e9 um complemento perfeito para qualquer loja de presentes tur\u00edsticos, gra\u00e7as ao seu design \u00fanico e \u00e0 sua ancoragem cultural, que a torna um verdadeiro s\u00edmbolo da heran\u00e7a africana. Com cada utiliza\u00e7\u00e3o, os utilizadores poder\u00e3o apreciar n\u00e3o s\u00f3 a sua beleza, mas tamb\u00e9m a hist\u00f3ria que cada design encapsula.<\/p>\n","protected":false},"excerpt":{"rendered":"<p>Caneca XL de cer\u00e2mica decorada com motivos africanos vibrantes, que apresenta uma representa\u00e7\u00e3o colorida de uma girafa e um elefante num ambiente de selva. Com um fundo bege, este design artesanal, pintado \u00e0 m\u00e3o, destaca-se pela sua t\u00e9cnica de mosaico, com tons intensos como o vermelho, o amarelo e o cinzento. Ideal para quem procura levar um pedacinho de \u00c1frica para a sua mesa, esta caneca combina funcionalidade com arte e cultura.<\/p>\n","protected":false},"featured_media":7206,"template":"","meta":{"_acf_changed":false},"product_brand":[],"product_cat":[726],"product_tag":[516,515],"class_list":{"0":"post-34049","1":"product","2":"type-product","3":"status-publish","4":"has-post-thumbnail","6":"product_cat-mugs","7":"product_tag-animais","8":"product_tag-ceramica","9":"pa_motivo-africanos","11":"first","12":"instock","13":"shipping-taxable","14":"product-type-simple"},"acf":[],"_links":{"self":[{"href":"https:\/\/olemosaic.com\/pt-pt\/wp-json\/wp\/v2\/product\/34049","targetHints":{"allow":["GET"]}}],"collection":[{"href":"https:\/\/olemosaic.com\/pt-pt\/wp-json\/wp\/v2\/product"}],"about":[{"href":"https:\/\/olemosaic.com\/pt-pt\/wp-json\/wp\/v2\/types\/product"}],"wp:featuredmedia":[{"embeddable":true,"href":"https:\/\/olemosaic.com\/pt-pt\/wp-json\/wp\/v2\/media\/7206"}],"wp:attachment":[{"href":"https:\/\/olemosaic.com\/pt-pt\/wp-json\/wp\/v2\/media?parent=34049"}],"wp:term":[{"taxonomy":"product_brand","embeddable":true,"href":"https:\/\/olemosaic.com\/pt-pt\/wp-json\/wp\/v2\/product_brand?post=34049"},{"taxonomy":"product_cat","embeddable":true,"href":"https:\/\/olemosaic.com\/pt-pt\/wp-json\/wp\/v2\/product_cat?post=34049"},{"taxonomy":"product_tag","embeddable":true,"href":"https:\/\/olemosaic.com\/pt-pt\/wp-json\/wp\/v2\/product_tag?post=34049"}],"curies":[{"name":"wp","href":"https:\/\/api.w.org\/{rel}","templated":true}]}}