{"id":34047,"date":"2025-02-20T22:33:58","date_gmt":"2025-02-20T22:33:58","guid":{"rendered":"http:\/\/olemosaic.com\/producto\/mug-xl-de-ceramica-mosaico-blanco-13-cm\/"},"modified":"2025-07-25T18:54:38","modified_gmt":"2025-07-25T16:54:38","slug":"caneca-xl-de-ceramica-mosaico-branco-13-cm","status":"publish","type":"product","link":"https:\/\/olemosaic.com\/pt-pt\/produto\/caneca-xl-de-ceramica-mosaico-branco-13-cm\/","title":{"rendered":"Caneca XL de cer\u00e2mica. Mosaico. Branco. 13 cm."},"content":{"rendered":"<p>Esta caneca XL de cer\u00e2mica \u00e9 uma aut\u00eantica joia que presta homenagem \u00e0 rica heran\u00e7a cultural de Espanha atrav\u00e9s do seu vibrante design de mosaico. Com uma altura de 13 cm, esta caneca n\u00e3o s\u00f3 \u00e9 ideal para desfrutar das suas bebidas favoritas, como tamb\u00e9m se torna um elemento decorativo encantador em qualquer casa. A superf\u00edcie externa da caneca est\u00e1 adornada com uma colorida combina\u00e7\u00e3o de padr\u00f5es tradicionais que evocam a est\u00e9tica do famoso mosaico espanhol, com tons vivos de azul, vermelho, laranja e amarelo que conferem uma alegria visual irresist\u00edvel. O interior vermelho complementa o design, real\u00e7ando ainda mais o seu atrativo e tornando cada gole numa experi\u00eancia prazerosa.<\/p>\n<p>Fabricada em cer\u00e2mica de alta qualidade, esta caneca conta com um acabamento brilhante que n\u00e3o s\u00f3 destaca a sua beleza, como tamb\u00e9m garante a sua durabilidade e resist\u00eancia. O seu design \u00e9 inspirado nos trabalhos dos artes\u00e3os do mosaico, uma t\u00e9cnica art\u00edstica profundamente enraizada na cultura espanhola, particularmente em regi\u00f5es como a Andaluzia e Val\u00eancia. Esta caneca \u00e9 um tributo a essa tradi\u00e7\u00e3o e representa na perfei\u00e7\u00e3o a paix\u00e3o e a arte que rodeiam a cria\u00e7\u00e3o destes belos mosaicos.<\/p>\n<p>Como souvenir, a caneca XL de cer\u00e2mica \u00e9 uma excelente op\u00e7\u00e3o para turistas que procuram uma recorda\u00e7\u00e3o aut\u00eantica e significativa da sua estadia em Espanha. Na Ol\u00e9 Mosaic somos especialistas na distribui\u00e7\u00e3o de souvenirs por grosso, oferecendo artigos que celebram a cultura e a tradi\u00e7\u00e3o. Esta caneca torna-se assim uma recorda\u00e7\u00e3o perfeita que, ao mesmo tempo, adiciona um toque art\u00edstico e colorido a qualquer cozinha ou sala de estar.<\/p>\n","protected":false},"excerpt":{"rendered":"<p>Caneca XL de cer\u00e2mica com um design vibrante de mosaico, ideal para desfrutar das suas bebidas favoritas. Com uma altura de 13 cm, apresenta uma colorida combina\u00e7\u00e3o de padr\u00f5es tradicionais que evocam a rica heran\u00e7a cultural espanhola. A cer\u00e2mica de alta qualidade complementa-se com um acabamento brilhante e um interior vermelho que real\u00e7a o seu atrativo. Esta caneca \u00e9 uma homenagem aos artes\u00e3os do mosaico, um elemento decorativo que trar\u00e1 um toque art\u00edstico a qualquer casa.<\/p>\n","protected":false},"featured_media":8912,"template":"","meta":{"_acf_changed":false},"product_brand":[],"product_cat":[726],"product_tag":[515],"class_list":{"0":"post-34047","1":"product","2":"type-product","3":"status-publish","4":"has-post-thumbnail","6":"product_cat-mugs","7":"product_tag-ceramica","8":"pa_motivo-mosaico","10":"first","11":"instock","12":"shipping-taxable","13":"product-type-simple"},"acf":[],"_links":{"self":[{"href":"https:\/\/olemosaic.com\/pt-pt\/wp-json\/wp\/v2\/product\/34047","targetHints":{"allow":["GET"]}}],"collection":[{"href":"https:\/\/olemosaic.com\/pt-pt\/wp-json\/wp\/v2\/product"}],"about":[{"href":"https:\/\/olemosaic.com\/pt-pt\/wp-json\/wp\/v2\/types\/product"}],"wp:featuredmedia":[{"embeddable":true,"href":"https:\/\/olemosaic.com\/pt-pt\/wp-json\/wp\/v2\/media\/8912"}],"wp:attachment":[{"href":"https:\/\/olemosaic.com\/pt-pt\/wp-json\/wp\/v2\/media?parent=34047"}],"wp:term":[{"taxonomy":"product_brand","embeddable":true,"href":"https:\/\/olemosaic.com\/pt-pt\/wp-json\/wp\/v2\/product_brand?post=34047"},{"taxonomy":"product_cat","embeddable":true,"href":"https:\/\/olemosaic.com\/pt-pt\/wp-json\/wp\/v2\/product_cat?post=34047"},{"taxonomy":"product_tag","embeddable":true,"href":"https:\/\/olemosaic.com\/pt-pt\/wp-json\/wp\/v2\/product_tag?post=34047"}],"curies":[{"name":"wp","href":"https:\/\/api.w.org\/{rel}","templated":true}]}}