{"id":34046,"date":"2025-02-20T22:33:58","date_gmt":"2025-02-20T22:33:58","guid":{"rendered":"http:\/\/olemosaic.com\/producto\/mug-xl-de-ceramica-madrid-blanco-13-cm\/"},"modified":"2025-07-25T19:05:03","modified_gmt":"2025-07-25T17:05:03","slug":"caneca-xl-de-ceramica-madrid-branco-13-cm","status":"publish","type":"product","link":"https:\/\/olemosaic.com\/pt-pt\/produto\/caneca-xl-de-ceramica-madrid-branco-13-cm\/","title":{"rendered":"Caneca XL de cer\u00e2mica. Madrid. Branco. 13 cm."},"content":{"rendered":"<p>Esta caneca XL de cer\u00e2mica \u00e9 o souvenir perfeito para quem deseja levar um pedacinho de Madrid. Com uma altura de 13 cm, apresenta um design vibrante que destaca a emblem\u00e1tica esta\u00e7\u00e3o de metro da cidade, juntamente com elementos ic\u00f3nicos que representam a riqueza cultural da capital espanhola. A sua base branca serve de tela, real\u00e7ando as cores apelativas das ilustra\u00e7\u00f5es, elaboradas com um acabamento art\u00edstico de mosaico que capta a aten\u00e7\u00e3o. O interior da caneca \u00e9 de um atraente tom azul que confere um contraste refrescante e contempor\u00e2neo \u00e0 pe\u00e7a, tornando-a um acess\u00f3rio ideal para desfrutar das suas bebidas favoritas.<\/p>\n<p>Al\u00e9m de ser um utens\u00edlio \u00fatil para o dia a dia, esta caneca atua como um lembrete visual da vida din\u00e2mica e multicultural de Madrid. A representa\u00e7\u00e3o art\u00edstica evoca passeios pela cidade e momentos memor\u00e1veis na famosa esta\u00e7\u00e3o de metro, local de encontro para locais e turistas. Na Ol\u00e9 Mosaic, dedicamo-nos a oferecer souvenirs aut\u00eanticos e de qualidade, e esta caneca \u00e9 uma excelente op\u00e7\u00e3o para lojas de presentes tur\u00edsticos que procuram atrair os visitantes que desejam recordar a sua experi\u00eancia em Madrid. Esta caneca XL n\u00e3o \u00e9 apenas um souvenir, \u00e9 uma amostra da ess\u00eancia madrilena, um presente ideal que ecoar\u00e1 no cora\u00e7\u00e3o de quem a adquirir e a levar para casa.<\/p>\n","protected":false},"excerpt":{"rendered":"<p>Caneca XL de cer\u00e2mica, inspirada na vibrante cidade de Madrid. Com uma altura de 13 cm, apresenta um design colorido que inclui a emblem\u00e1tica esta\u00e7\u00e3o de metro e elementos ic\u00f3nicos da cidade, tudo num estilo art\u00edstico de mosaico. A base branca real\u00e7a as cores apelativas da decora\u00e7\u00e3o, e o interior \u00e9 de um atraente tom azul. Perfeita para desfrutar das suas bebidas com um toque madrileno.<\/p>\n","protected":false},"featured_media":9949,"template":"","meta":{"_acf_changed":false},"product_brand":[],"product_cat":[726],"product_tag":[515],"class_list":{"0":"post-34046","1":"product","2":"type-product","3":"status-publish","4":"has-post-thumbnail","6":"product_cat-mugs","7":"product_tag-ceramica","8":"pa_ciudad-madrid","9":"pa_pais-espana","11":"first","12":"instock","13":"shipping-taxable","14":"product-type-simple"},"acf":[],"_links":{"self":[{"href":"https:\/\/olemosaic.com\/pt-pt\/wp-json\/wp\/v2\/product\/34046","targetHints":{"allow":["GET"]}}],"collection":[{"href":"https:\/\/olemosaic.com\/pt-pt\/wp-json\/wp\/v2\/product"}],"about":[{"href":"https:\/\/olemosaic.com\/pt-pt\/wp-json\/wp\/v2\/types\/product"}],"wp:featuredmedia":[{"embeddable":true,"href":"https:\/\/olemosaic.com\/pt-pt\/wp-json\/wp\/v2\/media\/9949"}],"wp:attachment":[{"href":"https:\/\/olemosaic.com\/pt-pt\/wp-json\/wp\/v2\/media?parent=34046"}],"wp:term":[{"taxonomy":"product_brand","embeddable":true,"href":"https:\/\/olemosaic.com\/pt-pt\/wp-json\/wp\/v2\/product_brand?post=34046"},{"taxonomy":"product_cat","embeddable":true,"href":"https:\/\/olemosaic.com\/pt-pt\/wp-json\/wp\/v2\/product_cat?post=34046"},{"taxonomy":"product_tag","embeddable":true,"href":"https:\/\/olemosaic.com\/pt-pt\/wp-json\/wp\/v2\/product_tag?post=34046"}],"curies":[{"name":"wp","href":"https:\/\/api.w.org\/{rel}","templated":true}]}}