{"id":34045,"date":"2025-02-20T23:33:58","date_gmt":"2025-02-20T22:33:58","guid":{"rendered":"http:\/\/olemosaic.com\/producto\/mug-xl-de-ceramica-barcelona-blanco-13-cm\/"},"modified":"2025-07-25T18:33:21","modified_gmt":"2025-07-25T16:33:21","slug":"caneca-xl-de-ceramica-barcelona-branco-13-cm","status":"publish","type":"product","link":"https:\/\/olemosaic.com\/pt-pt\/produto\/caneca-xl-de-ceramica-barcelona-branco-13-cm\/","title":{"rendered":"Caneca XL de cer\u00e2mica. Barcelona. Branco. 13 cm."},"content":{"rendered":"<p>Esta caneca XL de cer\u00e2mica \u00e9 uma recorda\u00e7\u00e3o vibrante e \u00fanica que captura a ess\u00eancia de Barcelona. Com uma altura de 13 cm, esta caneca apresenta uma elegante cor branca que real\u00e7a o seu design colorido e apelativo, que inclui ilustra\u00e7\u00f5es ic\u00f3nicas como a Sagrada Fam\u00edlia, a Torre Agbar e o Parque G\u00fcell, tudo representado num mosaico estilizado que evoca o modernismo catal\u00e3o. Os brilhantes detalhes em vermelho, azul e verde entrela\u00e7am-se numa composi\u00e7\u00e3o art\u00edstica, criando um atrativo visual que transporta quem o contempla para um passeio pelas ruas desta cidade m\u00e1gica. A base branca n\u00e3o s\u00f3 real\u00e7a as cores, como tamb\u00e9m confere um toque fresco e contempor\u00e2neo, ideal para qualquer casa ou espa\u00e7o de trabalho.<\/p>\n<p>Esta caneca n\u00e3o \u00e9 apenas uma pe\u00e7a funcional para desfrutar de bebidas quentes ou frias; \u00e9 tamb\u00e9m um aut\u00eantico s\u00edmbolo da riqueza cultural de Barcelona. Cada gole recordar\u00e1 a impressionante arquitetura e a vibrante hist\u00f3ria da capital catal\u00e3, tornando-a um souvenir ideal para turistas e amantes da cultura. Na Ol\u00e9 Mosaic, somos distribuidores de souvenirs por grosso, e esta caneca XL \u00e9 uma excelente op\u00e7\u00e3o para lojas de presentes tur\u00edsticos que procuram oferecer produtos aut\u00eanticos e representativos. Com o seu design muito especial e liga\u00e7\u00e3o emocional, esta caneca de Barcelona \u00e9 um investimento seguro para quem deseja levar um peda\u00e7o da cidade para casa.<\/p>\n","protected":false},"excerpt":{"rendered":"<p>Caneca XL de cer\u00e2mica com um design vibrante inspirado em Barcelona. Com uma altura de 13 cm, esta caneca apresenta uma ilustra\u00e7\u00e3o colorida que inclui a Sagrada Fam\u00edlia, a Torre Agbar e o Parque G\u00fcell, tudo num mosaico estilizado. A base branca real\u00e7a os detalhes em vermelho, azul e verde, criando um atrativo visual que captura a ess\u00eancia do modernismo catal\u00e3o. Ideal para desfrutar das suas bebidas favoritas enquanto recorda a magia da cidade.<\/p>\n","protected":false},"featured_media":9502,"template":"","meta":{"_acf_changed":false},"product_brand":[],"product_cat":[726],"product_tag":[515],"class_list":{"0":"post-34045","1":"product","2":"type-product","3":"status-publish","4":"has-post-thumbnail","6":"product_cat-mugs","7":"product_tag-ceramica","8":"pa_ciudad-barcelona","9":"pa_pais-espana","11":"first","12":"instock","13":"shipping-taxable","14":"product-type-simple"},"acf":[],"_links":{"self":[{"href":"https:\/\/olemosaic.com\/pt-pt\/wp-json\/wp\/v2\/product\/34045","targetHints":{"allow":["GET"]}}],"collection":[{"href":"https:\/\/olemosaic.com\/pt-pt\/wp-json\/wp\/v2\/product"}],"about":[{"href":"https:\/\/olemosaic.com\/pt-pt\/wp-json\/wp\/v2\/types\/product"}],"wp:featuredmedia":[{"embeddable":true,"href":"https:\/\/olemosaic.com\/pt-pt\/wp-json\/wp\/v2\/media\/9502"}],"wp:attachment":[{"href":"https:\/\/olemosaic.com\/pt-pt\/wp-json\/wp\/v2\/media?parent=34045"}],"wp:term":[{"taxonomy":"product_brand","embeddable":true,"href":"https:\/\/olemosaic.com\/pt-pt\/wp-json\/wp\/v2\/product_brand?post=34045"},{"taxonomy":"product_cat","embeddable":true,"href":"https:\/\/olemosaic.com\/pt-pt\/wp-json\/wp\/v2\/product_cat?post=34045"},{"taxonomy":"product_tag","embeddable":true,"href":"https:\/\/olemosaic.com\/pt-pt\/wp-json\/wp\/v2\/product_tag?post=34045"}],"curies":[{"name":"wp","href":"https:\/\/api.w.org\/{rel}","templated":true}]}}