{"id":34029,"date":"2025-02-20T22:33:57","date_gmt":"2025-02-20T22:33:57","guid":{"rendered":"http:\/\/olemosaic.com\/producto\/mug-xl-de-ceramica-flores-barcelona-blanco-13-cm\/"},"modified":"2025-07-25T19:37:01","modified_gmt":"2025-07-25T17:37:01","slug":"caneca-xl-de-ceramica-flores-barcelona-branco-13-cm","status":"publish","type":"product","link":"https:\/\/olemosaic.com\/pt-pt\/produto\/caneca-xl-de-ceramica-flores-barcelona-branco-13-cm\/","title":{"rendered":"Caneca XL de cer\u00e2mica. Flores. Barcelona. Branco. 13 cm."},"content":{"rendered":"<p>Esta caneca XL de cer\u00e2mica \u00e9 uma vibrante homenagem \u00e0 arte modernista de Barcelona, com um cativante design floral inspirado nos famosos mosaicos da cidade. Com 13 cm de altura, combina um elegante fundo branco com uma explos\u00e3o de cores brilhantes em tons de vermelho, amarelo, azul e verde, que evocam a ess\u00eancia da arquitetura de Antoni Gaud\u00ed e outros \u00edcones do modernismo catal\u00e3o. O design, com padr\u00f5es intrincados que imitam a t\u00e9cnica do mosaico, cria uma sensa\u00e7\u00e3o de movimento e alegria em cada gole. A sua asa estilizada confere-lhe um toque \u00fanico e distintivo, tornando-a um objeto tanto funcional como decorativo.<\/p>\n<p>Esta caneca \u00e9 mais do que um simples recipiente; \u00e9 uma recorda\u00e7\u00e3o aut\u00eantica que celebra a rica heran\u00e7a cultural de Barcelona. Ideal para os turistas que procuram levar um peda\u00e7o desta vibrante cidade, \u00e9 um excelente souvenir que recorda os momentos felizes a desfrutar da cultura, da arte e da gastronomia da urbe catal\u00e3. Na Ol\u00e9 Mosaic, especializamo-nos na distribui\u00e7\u00e3o de souvenirs por grosso, e esta caneca XL de cer\u00e2mica \u00e9 uma op\u00e7\u00e3o perfeita para lojas de presentes tur\u00edsticos que desejem oferecer produtos que combinen qualidade e relev\u00e2ncia cultural. Este artigo n\u00e3o s\u00f3 cativa pela sua beleza, como tamb\u00e9m se ergue como um s\u00edmbolo aut\u00eantico da singularidade de Barcelona, perfeito para oferecer ou desfrutar diariamente.<\/p>\n","protected":false},"excerpt":{"rendered":"<p>Caneca XL de cer\u00e2mica, decorada com um colorido design floral inspirado no famoso mosaico de Barcelona. Com uma altura de 13 cm, esta caneca combina um fundo branco com vibrantes tons de vermelho, amarelo, azul e verde, num estilo que evoca a arte modernista da cidade. A sua asa, estilizada e \u00fanica, confere-lhe um toque distintivo, tornando esta caneca n\u00e3o apenas um artigo pr\u00e1tico, mas tamb\u00e9m uma pe\u00e7a decorativa que celebra a rica heran\u00e7a cultural barcelonesa.<\/p>\n","protected":false},"featured_media":9085,"template":"","meta":{"_acf_changed":false},"product_brand":[],"product_cat":[726],"product_tag":[515],"class_list":{"0":"post-34029","1":"product","2":"type-product","3":"status-publish","4":"has-post-thumbnail","6":"product_cat-mugs","7":"product_tag-ceramica","8":"pa_ciudad-barcelona","9":"pa_motivo-flores","10":"pa_pais-espana","12":"first","13":"instock","14":"shipping-taxable","15":"product-type-simple"},"acf":[],"_links":{"self":[{"href":"https:\/\/olemosaic.com\/pt-pt\/wp-json\/wp\/v2\/product\/34029","targetHints":{"allow":["GET"]}}],"collection":[{"href":"https:\/\/olemosaic.com\/pt-pt\/wp-json\/wp\/v2\/product"}],"about":[{"href":"https:\/\/olemosaic.com\/pt-pt\/wp-json\/wp\/v2\/types\/product"}],"wp:featuredmedia":[{"embeddable":true,"href":"https:\/\/olemosaic.com\/pt-pt\/wp-json\/wp\/v2\/media\/9085"}],"wp:attachment":[{"href":"https:\/\/olemosaic.com\/pt-pt\/wp-json\/wp\/v2\/media?parent=34029"}],"wp:term":[{"taxonomy":"product_brand","embeddable":true,"href":"https:\/\/olemosaic.com\/pt-pt\/wp-json\/wp\/v2\/product_brand?post=34029"},{"taxonomy":"product_cat","embeddable":true,"href":"https:\/\/olemosaic.com\/pt-pt\/wp-json\/wp\/v2\/product_cat?post=34029"},{"taxonomy":"product_tag","embeddable":true,"href":"https:\/\/olemosaic.com\/pt-pt\/wp-json\/wp\/v2\/product_tag?post=34029"}],"curies":[{"name":"wp","href":"https:\/\/api.w.org\/{rel}","templated":true}]}}