{"id":34028,"date":"2025-02-20T22:33:57","date_gmt":"2025-02-20T22:33:57","guid":{"rendered":"http:\/\/olemosaic.com\/producto\/mug-xl-de-ceramica-bailaora-beige\/"},"modified":"2025-07-25T19:11:04","modified_gmt":"2025-07-25T17:11:04","slug":"caneca-xl-de-ceramica-bailarina-de-flamenco-bege","status":"publish","type":"product","link":"https:\/\/olemosaic.com\/pt-pt\/produto\/caneca-xl-de-ceramica-bailarina-de-flamenco-bege\/","title":{"rendered":"Caneca XL de cer\u00e2mica. Bailarina de Flamenco. Bege."},"content":{"rendered":"<p>Esta caneca XL de cer\u00e2mica \u00e9 uma vibrante homenagem \u00e0 rica cultura espanhola, ideal para quem deseja desfrutar do seu caf\u00e9 ou ch\u00e1 com estilo. Decorada com uma chamativa figura de uma bailarina de flamenco em pleno movimento, esta caneca captura a ess\u00eancia do flamenco, um dos s\u00edmbolos mais representativos de Espanha. A bailarina, trajada com um vestido colorido e cheio de folhos, evoca a energia e a paix\u00e3o desta arte. Sobre um elegante fundo bege, destacam-se as cores intensas em vermelho e os motivos florais que rodeiam a figura, bem como a palavra &#8220;ESPANHA&#8221;, que refor\u00e7a a sua origem cultural.<\/p>\n<p>Com uma capacidade generosa, esta caneca n\u00e3o s\u00f3 \u00e9 pr\u00e1tica, como tamb\u00e9m um maravilhoso souvenir que representa o legado art\u00edstico e folcl\u00f3rico de Espanha. O seu design cativante e a sua autenticidade tornam-na um presente perfeito para turistas que procuram levar consigo um peda\u00e7o da cultura espanhola. Na Ol\u00e9 Mosaic, especializamo-nos na distribui\u00e7\u00e3o de souvenirs por grosso, e esta caneca XL \u00e9 uma excelente op\u00e7\u00e3o para as lojas de presentes tur\u00edsticos que desejem oferecer produtos artesanais e representativos da tradi\u00e7\u00e3o espanhola. Aposte na autenticidade e no design da sua oferta com esta atraente caneca de bailarina, s\u00edmbolo do dinamismo cultural de Espanha.<\/p>\n","protected":false},"excerpt":{"rendered":"<p>Caneca XL de cer\u00e2mica decorada com uma vibrante figura de uma bailarina de flamenco, que representa a rica cultura espanhola. Este design apresenta cores intensas sobre um fundo bege e detalhes em vermelho, incluindo flores e a palavra &#8220;ESPANHA&#8221;. A bailarina, vestida com um traje cheio de formas coloridas, captura o movimento do flamenco, o que a torna um artigo ideal para desfrutar do caf\u00e9 ou do ch\u00e1. O seu tamanho XL torna-a pr\u00e1tica e atraente para qualquer amante da cultura espanhola.<\/p>\n","protected":false},"featured_media":7686,"template":"","meta":{"_acf_changed":false},"product_brand":[],"product_cat":[726],"product_tag":[515],"class_list":{"0":"post-34028","1":"product","2":"type-product","3":"status-publish","4":"has-post-thumbnail","6":"product_cat-mugs","7":"product_tag-ceramica","8":"pa_motivo-dancarinos","10":"first","11":"instock","12":"shipping-taxable","13":"product-type-simple"},"acf":[],"_links":{"self":[{"href":"https:\/\/olemosaic.com\/pt-pt\/wp-json\/wp\/v2\/product\/34028","targetHints":{"allow":["GET"]}}],"collection":[{"href":"https:\/\/olemosaic.com\/pt-pt\/wp-json\/wp\/v2\/product"}],"about":[{"href":"https:\/\/olemosaic.com\/pt-pt\/wp-json\/wp\/v2\/types\/product"}],"wp:featuredmedia":[{"embeddable":true,"href":"https:\/\/olemosaic.com\/pt-pt\/wp-json\/wp\/v2\/media\/7686"}],"wp:attachment":[{"href":"https:\/\/olemosaic.com\/pt-pt\/wp-json\/wp\/v2\/media?parent=34028"}],"wp:term":[{"taxonomy":"product_brand","embeddable":true,"href":"https:\/\/olemosaic.com\/pt-pt\/wp-json\/wp\/v2\/product_brand?post=34028"},{"taxonomy":"product_cat","embeddable":true,"href":"https:\/\/olemosaic.com\/pt-pt\/wp-json\/wp\/v2\/product_cat?post=34028"},{"taxonomy":"product_tag","embeddable":true,"href":"https:\/\/olemosaic.com\/pt-pt\/wp-json\/wp\/v2\/product_tag?post=34028"}],"curies":[{"name":"wp","href":"https:\/\/api.w.org\/{rel}","templated":true}]}}