{"id":34027,"date":"2025-02-20T22:33:57","date_gmt":"2025-02-20T22:33:57","guid":{"rendered":"http:\/\/olemosaic.com\/producto\/mug-xl-de-ceramica-valencia-blanco-13-cm\/"},"modified":"2025-07-25T20:24:21","modified_gmt":"2025-07-25T18:24:21","slug":"caneca-xl-de-ceramica-valencia-branco-13-cm","status":"publish","type":"product","link":"https:\/\/olemosaic.com\/pt-pt\/produto\/caneca-xl-de-ceramica-valencia-branco-13-cm\/","title":{"rendered":"Caneca XL de cer\u00e2mica. Val\u00eancia. Branco. 13 cm."},"content":{"rendered":"<p>Esta caneca XL de cer\u00e2mica \u00e9 uma aut\u00eantica homenagem \u00e0 vibrante cidade de Val\u00eancia. O seu design colorido e cheio de vida captura a ess\u00eancia da sua ic\u00f3nica arquitetura. Com uma altura de 13 cm, esta caneca de fundo branco brilhante est\u00e1 adornada com representa\u00e7\u00f5es gr\u00e1ficas do magn\u00edfico edif\u00edcio da Cidade das Artes e das Ci\u00eancias, que se ergue majestosamente ao lado de elementos visuais do patrim\u00f3nio valenciano. A decora\u00e7\u00e3o inclui um mosaico em tons de azul e amarelo, que evoca os coloridos azulejos caracter\u00edsticos da regi\u00e3o. A asa, com a sua forma distintiva, acrescenta um toque singular e criativo, tornando cada gole uma experi\u00eancia visual e est\u00e9tica.<\/p>\n<p>A caneca n\u00e3o s\u00f3 \u00e9 ideal para desfrutar das suas bebidas favoritas, como tamb\u00e9m \u00e9 uma pe\u00e7a de arte e cultura que liga o utilizador ao legado arquitet\u00f3nico de Val\u00eancia. Este souvenir \u00e9 perfeito para quem procura uma recorda\u00e7\u00e3o aut\u00eantica que encapsule a hist\u00f3ria e a tradi\u00e7\u00e3o de uma das cidades mais emblem\u00e1ticas de Espanha. Na Ol\u00e9 Mosaic distribu\u00edmos souvenirs de cer\u00e2mica de alta qualidade que real\u00e7am a riqueza cultural das suas origens, o que torna esta caneca uma excelente op\u00e7\u00e3o para lojas de presentes tur\u00edsticos que desejem oferecer produtos exclusivos e representativos. Como grossistas de canecas de cer\u00e2mica, garantimos autenticidade e design em cada pe\u00e7a.<\/p>\n","protected":false},"excerpt":{"rendered":"<p>Caneca XL de cer\u00e2mica de 13 cm, decorada com ic\u00f3nicas representa\u00e7\u00f5es arquitet\u00f3nicas de Val\u00eancia. Este design colorido apresenta detalhes do famoso edif\u00edcio da Cidade das Artes e das Ci\u00eancias, real\u00e7ados por um fundo de mosaico em tons de azul e amarelo. A caneca, de um atraente branco brilhante, conta com uma asa de forma peculiar que acrescenta um toque original. Perfeita para desfrutar das suas bebidas favoritas enquanto aprecia a arte e a cultura de Val\u00eancia.<\/p>\n","protected":false},"featured_media":9879,"template":"","meta":{"_acf_changed":false},"product_brand":[],"product_cat":[726],"product_tag":[515],"class_list":{"0":"post-34027","1":"product","2":"type-product","3":"status-publish","4":"has-post-thumbnail","6":"product_cat-mugs","7":"product_tag-ceramica","8":"pa_ciudad-valencia","9":"pa_pais-espana","11":"first","12":"instock","13":"shipping-taxable","14":"product-type-simple"},"acf":[],"_links":{"self":[{"href":"https:\/\/olemosaic.com\/pt-pt\/wp-json\/wp\/v2\/product\/34027","targetHints":{"allow":["GET"]}}],"collection":[{"href":"https:\/\/olemosaic.com\/pt-pt\/wp-json\/wp\/v2\/product"}],"about":[{"href":"https:\/\/olemosaic.com\/pt-pt\/wp-json\/wp\/v2\/types\/product"}],"wp:featuredmedia":[{"embeddable":true,"href":"https:\/\/olemosaic.com\/pt-pt\/wp-json\/wp\/v2\/media\/9879"}],"wp:attachment":[{"href":"https:\/\/olemosaic.com\/pt-pt\/wp-json\/wp\/v2\/media?parent=34027"}],"wp:term":[{"taxonomy":"product_brand","embeddable":true,"href":"https:\/\/olemosaic.com\/pt-pt\/wp-json\/wp\/v2\/product_brand?post=34027"},{"taxonomy":"product_cat","embeddable":true,"href":"https:\/\/olemosaic.com\/pt-pt\/wp-json\/wp\/v2\/product_cat?post=34027"},{"taxonomy":"product_tag","embeddable":true,"href":"https:\/\/olemosaic.com\/pt-pt\/wp-json\/wp\/v2\/product_tag?post=34027"}],"curies":[{"name":"wp","href":"https:\/\/api.w.org\/{rel}","templated":true}]}}