{"id":34019,"date":"2025-02-20T22:33:57","date_gmt":"2025-02-20T22:33:57","guid":{"rendered":"http:\/\/olemosaic.com\/producto\/mug-xl-de-ceramica-salamandra-y-flores-blanco-13-cm\/"},"modified":"2025-07-25T20:19:11","modified_gmt":"2025-07-25T18:19:11","slug":"caneca-xl-de-ceramica-salamandra-e-flores-branco-13-cm","status":"publish","type":"product","link":"https:\/\/olemosaic.com\/pt-pt\/produto\/caneca-xl-de-ceramica-salamandra-e-flores-branco-13-cm\/","title":{"rendered":"Caneca XL de cer\u00e2mica. Salamandra e flores. Branco. 13 cm."},"content":{"rendered":"<p>Esta caneca XL de cer\u00e2mica, decorada com uma vibrante salamandra e flores coloridas, \u00e9 um exemplo perfeito de artesanato e folclore mediterr\u00e2nicos. Com os seus 13 cm de altura, o seu design atraente destaca-se sobre um fundo branco adornado com mosaicos multicoloridos que evocam o calor e o car\u00e1ter da regi\u00e3o. A salamandra, representada em tons de vermelho e laranja, estende-se com dinamismo sobre a caneca, simbolizando a energia e a vitalidade da cultura local. \u00c0 sua volta, as flores em azul e preto complementam a cena, criando um contraste visual cativante que atrai o olhar de qualquer amante da arte e da natureza.<\/p>\n<p>Este objeto n\u00e3o \u00e9 apenas funcional, mas tamb\u00e9m serve como um lembrete do colorido patrim\u00f3nio espanhol, evocando a tradi\u00e7\u00e3o dos mosaicos t\u00e3o presentes na arquitetura e na arte de cidades como Barcelona. Desfrutar das suas bebidas favoritas nesta caneca \u00e9 levar consigo um peda\u00e7o da rica hist\u00f3ria cultural do Mediterr\u00e2neo. Na Ol\u00e9 Mosaic, especializamo-nos em oferecer souvenirs aut\u00eanticos que capturam a ess\u00eancia de cada regi\u00e3o, e esta caneca \u00e9 uma excelente op\u00e7\u00e3o para lojas de presentes tur\u00edsticos que procuram artigos distintivos e significativos. Ideal para quem procura souvenirs de cer\u00e2mica \u00fanicos, esta caneca combina design, funcionalidade e tradi\u00e7\u00e3o, tornando-a uma proposta irresist\u00edvel para os visitantes da regi\u00e3o.<\/p>\n","protected":false},"excerpt":{"rendered":"<p>Caneca XL de cer\u00e2mica decorada com uma vibrante salamandra e flores coloridas. Com uma altura de 13 cm, esta caneca oferece um design atraente sobre um fundo branco adornado com mosaicos multicoloridos. A salamandra, em tons avermelhados e alaranjados, contrasta com as flores azuis e pretas, criando uma cena chamativa que evoca o folclore e a cultura mediterr\u00e2nica. Ideal para desfrutar das suas bebidas favoritas enquanto adiciona um toque art\u00edstico ao seu lar.<\/p>\n","protected":false},"featured_media":8908,"template":"","meta":{"_acf_changed":false},"product_brand":[],"product_cat":[726],"product_tag":[516,515],"class_list":{"0":"post-34019","1":"product","2":"type-product","3":"status-publish","4":"has-post-thumbnail","6":"product_cat-mugs","7":"product_tag-animais","8":"product_tag-ceramica","9":"pa_motivo-salamandras","11":"first","12":"instock","13":"shipping-taxable","14":"product-type-simple"},"acf":[],"_links":{"self":[{"href":"https:\/\/olemosaic.com\/pt-pt\/wp-json\/wp\/v2\/product\/34019","targetHints":{"allow":["GET"]}}],"collection":[{"href":"https:\/\/olemosaic.com\/pt-pt\/wp-json\/wp\/v2\/product"}],"about":[{"href":"https:\/\/olemosaic.com\/pt-pt\/wp-json\/wp\/v2\/types\/product"}],"wp:featuredmedia":[{"embeddable":true,"href":"https:\/\/olemosaic.com\/pt-pt\/wp-json\/wp\/v2\/media\/8908"}],"wp:attachment":[{"href":"https:\/\/olemosaic.com\/pt-pt\/wp-json\/wp\/v2\/media?parent=34019"}],"wp:term":[{"taxonomy":"product_brand","embeddable":true,"href":"https:\/\/olemosaic.com\/pt-pt\/wp-json\/wp\/v2\/product_brand?post=34019"},{"taxonomy":"product_cat","embeddable":true,"href":"https:\/\/olemosaic.com\/pt-pt\/wp-json\/wp\/v2\/product_cat?post=34019"},{"taxonomy":"product_tag","embeddable":true,"href":"https:\/\/olemosaic.com\/pt-pt\/wp-json\/wp\/v2\/product_tag?post=34019"}],"curies":[{"name":"wp","href":"https:\/\/api.w.org\/{rel}","templated":true}]}}