{"id":34017,"date":"2025-02-20T23:33:56","date_gmt":"2025-02-20T22:33:56","guid":{"rendered":"http:\/\/olemosaic.com\/producto\/mug-xl-de-ceramica-barcelona-azul-13-cm\/"},"modified":"2025-07-25T20:16:31","modified_gmt":"2025-07-25T18:16:31","slug":"caneca-xl-de-ceramica-barcelona-azul-13-cm","status":"publish","type":"product","link":"https:\/\/olemosaic.com\/pt-pt\/produto\/caneca-xl-de-ceramica-barcelona-azul-13-cm\/","title":{"rendered":"Caneca XL de cer\u00e2mica. Barcelona. Azul. 13 cm."},"content":{"rendered":"<p>Esta caneca XL de cer\u00e2mica decorada \u00e9 uma aut\u00eantica joia que captura a ess\u00eancia vibrante de Barcelona. Com 13 cm de altura, esta caneca destaca-se pelo seu design espetacular, que combina a maravilha arquitet\u00f3nica da Sagrada Fam\u00edlia e o famoso mosaico do Park G\u00fcell. A representa\u00e7\u00e3o destes locais emblem\u00e1ticos apresenta-se num estilo que evoca o trencad\u00eds, uma t\u00e9cnica t\u00edpica do modernismo catal\u00e3o que transforma o comum em extraordin\u00e1rio. As cores brilhantes azul, vermelho e verde entrela\u00e7am-se sobre a superf\u00edcie branca da caneca, criando um contraste impactante que cativa o olhar. A base branca real\u00e7a ainda mais a intensidade das cores, fazendo com que cada gole pare\u00e7a uma pequena viagem a esta ic\u00f3nica cidade.<\/p>\n<p>Esta caneca XL n\u00e3o \u00e9 apenas um objeto funcional para a cozinha, mas um aut\u00eantico souvenir de Barcelona que representa o patrim\u00f3nio cultural da cidade, ideal para quem procura levar um peda\u00e7o da sua magia. Na Ol\u00e9 Mosaic, especializamo-nos na distribui\u00e7\u00e3o de souvenirs por grosso, e esta caneca \u00e9 uma excelente op\u00e7\u00e3o para lojas de presentes tur\u00edsticos que desejem oferecer produtos de qualidade e relev\u00e2ncia cultural. Um presente perfeito para turistas que procuram recordar a sua visita a Barcelona atrav\u00e9s de um artigo aut\u00eantico e decorativo.<\/p>\n","protected":false},"excerpt":{"rendered":"<p>Caneca XL de cer\u00e2mica decorada com uma colorida representa\u00e7\u00e3o de locais emblem\u00e1ticos de Barcelona. Com 13 cm de altura, esta caneca original mostra um design vibrante que inclui elementos ic\u00f3nicos como a Sagrada Fam\u00edlia e o famoso mosaico do Park G\u00fcell, tudo num estilo que recorda o trencad\u00eds. A sua base branca real\u00e7a as cores brilhantes azul, vermelho e verde, tornando-a um souvenir perfeito para recordar a ess\u00eancia da cidade.<\/p>\n","protected":false},"featured_media":12093,"template":"","meta":{"_acf_changed":false},"product_brand":[],"product_cat":[726],"product_tag":[515],"class_list":{"0":"post-34017","1":"product","2":"type-product","3":"status-publish","4":"has-post-thumbnail","6":"product_cat-mugs","7":"product_tag-ceramica","8":"pa_ciudad-barcelona","9":"pa_pais-espana","11":"first","12":"instock","13":"shipping-taxable","14":"product-type-simple"},"acf":[],"_links":{"self":[{"href":"https:\/\/olemosaic.com\/pt-pt\/wp-json\/wp\/v2\/product\/34017","targetHints":{"allow":["GET"]}}],"collection":[{"href":"https:\/\/olemosaic.com\/pt-pt\/wp-json\/wp\/v2\/product"}],"about":[{"href":"https:\/\/olemosaic.com\/pt-pt\/wp-json\/wp\/v2\/types\/product"}],"wp:featuredmedia":[{"embeddable":true,"href":"https:\/\/olemosaic.com\/pt-pt\/wp-json\/wp\/v2\/media\/12093"}],"wp:attachment":[{"href":"https:\/\/olemosaic.com\/pt-pt\/wp-json\/wp\/v2\/media?parent=34017"}],"wp:term":[{"taxonomy":"product_brand","embeddable":true,"href":"https:\/\/olemosaic.com\/pt-pt\/wp-json\/wp\/v2\/product_brand?post=34017"},{"taxonomy":"product_cat","embeddable":true,"href":"https:\/\/olemosaic.com\/pt-pt\/wp-json\/wp\/v2\/product_cat?post=34017"},{"taxonomy":"product_tag","embeddable":true,"href":"https:\/\/olemosaic.com\/pt-pt\/wp-json\/wp\/v2\/product_tag?post=34017"}],"curies":[{"name":"wp","href":"https:\/\/api.w.org\/{rel}","templated":true}]}}