{"id":34015,"date":"2025-02-20T22:33:56","date_gmt":"2025-02-20T22:33:56","guid":{"rendered":"http:\/\/olemosaic.com\/producto\/mug-xl-de-ceramica-panoramica-sevilla-beige\/"},"modified":"2025-07-25T18:35:53","modified_gmt":"2025-07-25T16:35:53","slug":"caneca-xl-de-ceramica-panoramica-sevilha-bege","status":"publish","type":"product","link":"https:\/\/olemosaic.com\/pt-pt\/produto\/caneca-xl-de-ceramica-panoramica-sevilha-bege\/","title":{"rendered":"Caneca XL de cer\u00e2mica. Panor\u00e2mica. Sevilha. Bege."},"content":{"rendered":"<p>Esta caneca XL de cer\u00e2mica, com uma colorida panor\u00e2mica de Sevilha, \u00e9 uma aut\u00eantica homenagem \u00e0 beleza arquitet\u00f3nica desta emblem\u00e1tica cidade andaluza. Apresentada num elegante tom bege, o seu design vibrante destaca-se por incluir mosaicos que representam a famosa Giralda e outros monumentos emblem\u00e1ticos de Sevilha, rodeados de elementos decorativos como trepadeiras que evocam a exuberante vegeta\u00e7\u00e3o da regi\u00e3o. O interior da caneca, de uma cor vermelha intensa, cria um contraste atraente que real\u00e7a ainda mais os detalhes exteriores. Esta caneca n\u00e3o s\u00f3 \u00e9 perfeita para desfrutar das suas bebidas favoritas, como tamb\u00e9m atua como um sofisticado elemento decorativo que leva um peda\u00e7o da cultura sevilhana para o seu lar. Como souvenir t\u00edpico, captura a ess\u00eancia de Sevilha e \u00e9 ideal para aqueles turistas que procuram uma recorda\u00e7\u00e3o aut\u00eantica e representativa da sua visita. Na Ol\u00e9 Mosaic, especializamo-nos na distribui\u00e7\u00e3o de souvenirs por grosso, e esta caneca \u00e9 uma excelente op\u00e7\u00e3o para lojas de presentes tur\u00edsticos que desejem oferecer produtos que reflitam a riqueza e autenticidade do patrim\u00f3nio espanhol. Com ela, cada gole ser\u00e1 uma viagem imediata \u00e0s belas pra\u00e7as e monumentos de Sevilha.<\/p>\n","protected":false},"excerpt":{"rendered":"<p>Caneca XL de cer\u00e2mica com uma colorida panor\u00e2mica de Sevilha, apresentada num elegante tom bege. Esta caneca destaca-se pelo seu design vibrante, que inclui mosaicos da famosa Giralda e outros monumentos emblem\u00e1ticos, rodeados de elementos decorativos como trepadeiras. O interior, de um vermelho intenso, proporciona um contraste atraente. Ideal para desfrutar das suas bebidas e levar um peda\u00e7o da cultura sevilhana para o seu lar.<\/p>\n","protected":false},"featured_media":9486,"template":"","meta":{"_acf_changed":false},"product_brand":[],"product_cat":[726],"product_tag":[515],"class_list":{"0":"post-34015","1":"product","2":"type-product","3":"status-publish","4":"has-post-thumbnail","6":"product_cat-mugs","7":"product_tag-ceramica","8":"pa_ciudad-sevilla","9":"pa_motivo-panoramas","10":"pa_pais-espana","12":"first","13":"instock","14":"shipping-taxable","15":"product-type-simple"},"acf":[],"_links":{"self":[{"href":"https:\/\/olemosaic.com\/pt-pt\/wp-json\/wp\/v2\/product\/34015","targetHints":{"allow":["GET"]}}],"collection":[{"href":"https:\/\/olemosaic.com\/pt-pt\/wp-json\/wp\/v2\/product"}],"about":[{"href":"https:\/\/olemosaic.com\/pt-pt\/wp-json\/wp\/v2\/types\/product"}],"wp:featuredmedia":[{"embeddable":true,"href":"https:\/\/olemosaic.com\/pt-pt\/wp-json\/wp\/v2\/media\/9486"}],"wp:attachment":[{"href":"https:\/\/olemosaic.com\/pt-pt\/wp-json\/wp\/v2\/media?parent=34015"}],"wp:term":[{"taxonomy":"product_brand","embeddable":true,"href":"https:\/\/olemosaic.com\/pt-pt\/wp-json\/wp\/v2\/product_brand?post=34015"},{"taxonomy":"product_cat","embeddable":true,"href":"https:\/\/olemosaic.com\/pt-pt\/wp-json\/wp\/v2\/product_cat?post=34015"},{"taxonomy":"product_tag","embeddable":true,"href":"https:\/\/olemosaic.com\/pt-pt\/wp-json\/wp\/v2\/product_tag?post=34015"}],"curies":[{"name":"wp","href":"https:\/\/api.w.org\/{rel}","templated":true}]}}