{"id":33984,"date":"2025-02-20T23:33:55","date_gmt":"2025-02-20T22:33:55","guid":{"rendered":"http:\/\/olemosaic.com\/producto\/mug-de-ceramica-madrid-blanco-95-cm\/"},"modified":"2025-07-25T18:58:36","modified_gmt":"2025-07-25T16:58:36","slug":"caneca-de-ceramica-madrid-branco-9-5-cm","status":"publish","type":"product","link":"https:\/\/olemosaic.com\/pt-pt\/produto\/caneca-de-ceramica-madrid-branco-9-5-cm\/","title":{"rendered":"Caneca de cer\u00e2mica. Madrid. Branco. 9,5 cm."},"content":{"rendered":"<p>Esta caneca de cer\u00e2mica \u00e9 uma representa\u00e7\u00e3o vibrante da ess\u00eancia de Madrid, ideal para quem deseja levar consigo um peda\u00e7o da capital espanhola. Com uma altura de 9,5 cm, o seu design exclusivo mostra um mosaico colorido que inclui elementos ic\u00f3nicos como a famosa Porta de Alcal\u00e1, bem como detalhes do folclore madrileno, tudo isto emoldurado por um fundo branco que real\u00e7a a vivacidade das cores. A asa da caneca apresenta uma forma criativa, que n\u00e3o s\u00f3 aumenta a sua funcionalidade, mas tamb\u00e9m a torna um objeto decorativo encantador que capta a aten\u00e7\u00e3o \u00e0 primeira vista.<\/p>\n<p>O nome &#8220;MADRID&#8221; destaca-se em letras alegres, acompanhado por um s\u00edmbolo do metro que situa instantaneamente o observador no cora\u00e7\u00e3o da cidade, o que torna esta caneca um souvenir perfeito para os turistas. Este produto n\u00e3o \u00e9 apenas um acess\u00f3rio \u00fatil para desfrutar de uma bebida quente, mas tamb\u00e9m uma recorda\u00e7\u00e3o aut\u00eantica da rica cultura e da vibrante vida urbana de Madrid.<\/p>\n<p>A Ol\u00e9 Mosaic orgulha-se de oferecer este tipo de souvenirs de alta qualidade que refletem a identidade cultural de Espanha. Esta caneca, como parte da nossa cole\u00e7\u00e3o de souvenirs de Madrid, \u00e9 uma excelente escolha para lojas de presentes tur\u00edsticos que procuram oferecer aos seus clientes produtos aut\u00eanticos e memor\u00e1veis. Como distribuidores de souvenirs por grosso, garantimos a disponibilidade desta caneca de cer\u00e2mica que capta a ess\u00eancia do estilo de vida madrileno.<\/p>\n","protected":false},"excerpt":{"rendered":"<p>Caneca de cer\u00e2mica com um design vibrante que representa cenas emblem\u00e1ticas de Madrid. Com uma altura de 9,5 cm, apresenta um mosaico colorido que inclui a famosa Porta de Alcal\u00e1 e detalhes do folclore madrileno, tudo sobre um fundo branco. A asa tem uma forma criativa que real\u00e7a a est\u00e9tica do produto. Destaca-se o nome &#8220;MADRID&#8221; em letras alegres, junto a um \u00edcone do metro, tornando-a um souvenir perfeito para os amantes da capital espanhola.<\/p>\n","protected":false},"featured_media":9946,"template":"","meta":{"_acf_changed":false},"product_brand":[],"product_cat":[726],"product_tag":[515],"class_list":{"0":"post-33984","1":"product","2":"type-product","3":"status-publish","4":"has-post-thumbnail","6":"product_cat-mugs","7":"product_tag-ceramica","8":"pa_ciudad-madrid","9":"pa_pais-espana","11":"first","12":"instock","13":"shipping-taxable","14":"product-type-simple"},"acf":[],"_links":{"self":[{"href":"https:\/\/olemosaic.com\/pt-pt\/wp-json\/wp\/v2\/product\/33984","targetHints":{"allow":["GET"]}}],"collection":[{"href":"https:\/\/olemosaic.com\/pt-pt\/wp-json\/wp\/v2\/product"}],"about":[{"href":"https:\/\/olemosaic.com\/pt-pt\/wp-json\/wp\/v2\/types\/product"}],"wp:featuredmedia":[{"embeddable":true,"href":"https:\/\/olemosaic.com\/pt-pt\/wp-json\/wp\/v2\/media\/9946"}],"wp:attachment":[{"href":"https:\/\/olemosaic.com\/pt-pt\/wp-json\/wp\/v2\/media?parent=33984"}],"wp:term":[{"taxonomy":"product_brand","embeddable":true,"href":"https:\/\/olemosaic.com\/pt-pt\/wp-json\/wp\/v2\/product_brand?post=33984"},{"taxonomy":"product_cat","embeddable":true,"href":"https:\/\/olemosaic.com\/pt-pt\/wp-json\/wp\/v2\/product_cat?post=33984"},{"taxonomy":"product_tag","embeddable":true,"href":"https:\/\/olemosaic.com\/pt-pt\/wp-json\/wp\/v2\/product_tag?post=33984"}],"curies":[{"name":"wp","href":"https:\/\/api.w.org\/{rel}","templated":true}]}}