{"id":33981,"date":"2025-02-20T23:33:55","date_gmt":"2025-02-20T22:33:55","guid":{"rendered":"http:\/\/olemosaic.com\/producto\/mug-de-ceramica-camino-de-santiago-beige\/"},"modified":"2025-07-25T19:57:54","modified_gmt":"2025-07-25T17:57:54","slug":"caneca-de-ceramica-caminho-de-santiago-bege-pt-pt","status":"publish","type":"product","link":"https:\/\/olemosaic.com\/pt-pt\/produto\/caneca-de-ceramica-caminho-de-santiago-bege-pt-pt\/","title":{"rendered":"Caneca de cer\u00e2mica. Caminho de Santiago. Bege."},"content":{"rendered":"<p>Esta caneca de cer\u00e2mica do Caminho de Santiago \u00e9 uma recorda\u00e7\u00e3o excecional que capta a ess\u00eancia de uma das peregrina\u00e7\u00f5es mais emblem\u00e1ticas do mundo. Apresentada numa elegante cor bege com o interior vermelho, o seu design n\u00e3o \u00e9 apenas est\u00e9tico, mas tamb\u00e9m presta homenagem \u00e0 rica hist\u00f3ria cultural de Santiago de Compostela. Decorada com ilustra\u00e7\u00f5es vibrantes da majestosa catedral, s\u00edmbolo da cidade, e a concha do peregrino, esta caneca reflete fielmente a tradi\u00e7\u00e3o e a devo\u00e7\u00e3o que caracterizam o caminho.<\/p>\n<p>A cer\u00e2mica aparenta ser pintada \u00e0 m\u00e3o, o que garante a autenticidade de cada pe\u00e7a e acrescenta um toque art\u00edstico e pessoal ao design. Al\u00e9m disso, os detalhes em mosaico que adornam as ilustra\u00e7\u00f5es conferem um ar de sofistica\u00e7\u00e3o e distin\u00e7\u00e3o, tornando esta caneca um objeto tanto funcional como decorativo. Inclui uma colher a condizer, que acrescenta um elemento pr\u00e1tico ao seu apelo visual.<\/p>\n<p>Este souvenir \u00e9 a escolha perfeita para os turistas que procuram levar consigo um peda\u00e7o da rica heran\u00e7a cultural do Caminho de Santiago. Na Ol\u00e9 Mosaic, especializamo-nos na distribui\u00e7\u00e3o de souvenirs por grosso, oferecendo uma variedade de produtos aut\u00eanticos e representativos. Esta caneca de cer\u00e2mica n\u00e3o ser\u00e1 apenas uma lembran\u00e7a de uma viagem inesquec\u00edvel, mas servir\u00e1 tamb\u00e9m como uma magn\u00edfica op\u00e7\u00e3o de presente para quem deseja partilhar a magia de Santiago.<\/p>\n","protected":false},"excerpt":{"rendered":"<p>Caneca de cer\u00e2mica do Caminho de Santiago, apresentada numa elegante cor bege com interior vermelho. Esta pe\u00e7a est\u00e1 decorada com ilustra\u00e7\u00f5es vibrantes que representam a famosa catedral de Santiago de Compostela e a concha do peregrino, s\u00edmbolos ic\u00f3nicos do caminho. Com um design artesanal, pintado \u00e0 m\u00e3o, e detalhes em mosaico, esta caneca combina funcionalidade e arte, sendo perfeita para desfrutar das suas bebidas favoritas enquanto recorda a sua viagem. Inclui uma colher a condizer, o que acrescenta praticidade ao seu apelo visual.<\/p>\n","protected":false},"featured_media":6932,"template":"","meta":{"_acf_changed":false},"product_brand":[],"product_cat":[726],"product_tag":[515],"class_list":{"0":"post-33981","1":"product","2":"type-product","3":"status-publish","4":"has-post-thumbnail","6":"product_cat-mugs","7":"product_tag-ceramica","8":"pa_ciudad-santiago","9":"pa_pais-espana","11":"first","12":"instock","13":"shipping-taxable","14":"product-type-simple"},"acf":[],"_links":{"self":[{"href":"https:\/\/olemosaic.com\/pt-pt\/wp-json\/wp\/v2\/product\/33981","targetHints":{"allow":["GET"]}}],"collection":[{"href":"https:\/\/olemosaic.com\/pt-pt\/wp-json\/wp\/v2\/product"}],"about":[{"href":"https:\/\/olemosaic.com\/pt-pt\/wp-json\/wp\/v2\/types\/product"}],"wp:featuredmedia":[{"embeddable":true,"href":"https:\/\/olemosaic.com\/pt-pt\/wp-json\/wp\/v2\/media\/6932"}],"wp:attachment":[{"href":"https:\/\/olemosaic.com\/pt-pt\/wp-json\/wp\/v2\/media?parent=33981"}],"wp:term":[{"taxonomy":"product_brand","embeddable":true,"href":"https:\/\/olemosaic.com\/pt-pt\/wp-json\/wp\/v2\/product_brand?post=33981"},{"taxonomy":"product_cat","embeddable":true,"href":"https:\/\/olemosaic.com\/pt-pt\/wp-json\/wp\/v2\/product_cat?post=33981"},{"taxonomy":"product_tag","embeddable":true,"href":"https:\/\/olemosaic.com\/pt-pt\/wp-json\/wp\/v2\/product_tag?post=33981"}],"curies":[{"name":"wp","href":"https:\/\/api.w.org\/{rel}","templated":true}]}}