{"id":33974,"date":"2025-02-20T23:33:54","date_gmt":"2025-02-20T22:33:54","guid":{"rendered":"http:\/\/olemosaic.com\/producto\/mug-de-ceramica-mijas-blanco-95-cm\/"},"modified":"2025-07-25T18:55:19","modified_gmt":"2025-07-25T16:55:19","slug":"caneca-de-ceramica-mijas-branco-95-cm","status":"publish","type":"product","link":"https:\/\/olemosaic.com\/pt-pt\/produto\/caneca-de-ceramica-mijas-branco-95-cm\/","title":{"rendered":"Caneca de cer\u00e2mica. Mijas. Branco. 9,5 cm."},"content":{"rendered":"<p>Esta caneca de cer\u00e2mica decorada \u00e9 um belo souvenir que capta a ess\u00eancia da encantadora pra\u00e7a de touros de Mijas, uma pitoresca vila andaluza. Com uma altura de 9,5 cm, esta caneca apresenta um design alegre e vibrante que combina uma representa\u00e7\u00e3o art\u00edstica da pra\u00e7a com detalhes florais, evocando o car\u00e1cter festivo e tradicional da regi\u00e3o. O seu exterior branco destaca uma ilustra\u00e7\u00e3o colorida, onde os tons vivos, como o verde que ilumina o interior da caneca, real\u00e7am a frescura e a alegria do ambiente. A representa\u00e7\u00e3o da pra\u00e7a de touros n\u00e3o s\u00f3 oferece uma vis\u00e3o da arquitetura emblem\u00e1tica de Mijas, como tamb\u00e9m recorda aos visitantes a rica cultura taurom\u00e1quica presente em Espanha.<\/p>\n<p>Esta caneca n\u00e3o \u00e9 apenas um utens\u00edlio para desfrutar das suas bebidas favoritas, mas torna-se um objeto que recorda a beleza de Mijas, perfeito para quem deseja levar um pedacinho da Andaluzia para casa. Ao escolher esta caneca como souvenir, os turistas n\u00e3o s\u00f3 adquirem um artigo funcional, como tamb\u00e9m celebram o patrim\u00f3nio cultural da regi\u00e3o. Na Ol\u00e9 Mosaic, a nossa miss\u00e3o \u00e9 oferecer souvenirs aut\u00eanticos, e esta caneca de cer\u00e2mica de Mijas \u00e9 uma excelente op\u00e7\u00e3o para lojas de presentes tur\u00edsticos que procuram produtos que reflitam a tradi\u00e7\u00e3o e o encanto de Espanha. Como distribuidores de canecas por grosso, garantimos a qualidade e o design atraente em cada pe\u00e7a.<\/p>\n","protected":false},"excerpt":{"rendered":"<p>Caneca de cer\u00e2mica decorada com uma representa\u00e7\u00e3o colorida da Pra\u00e7a de Touros de Mijas. Com um design alegre e pitoresco, este acess\u00f3rio apresenta detalhes em tons vivos, como o verde do interior e elementos florais no exterior, que evocam o car\u00e1cter vibrante e tradicional da vila. Com uma altura de 9,5 cm, \u00e9 ideal para desfrutar das suas bebidas favoritas enquanto recorda a beleza deste recanto andaluz.<\/p>\n","protected":false},"featured_media":10006,"template":"","meta":{"_acf_changed":false},"product_brand":[],"product_cat":[726],"product_tag":[516,515],"class_list":{"0":"post-33974","1":"product","2":"type-product","3":"status-publish","4":"has-post-thumbnail","6":"product_cat-mugs","7":"product_tag-animais","8":"product_tag-ceramica","9":"pa_ciudad-mijas","10":"pa_pais-espana","12":"first","13":"instock","14":"shipping-taxable","15":"product-type-simple"},"acf":[],"_links":{"self":[{"href":"https:\/\/olemosaic.com\/pt-pt\/wp-json\/wp\/v2\/product\/33974","targetHints":{"allow":["GET"]}}],"collection":[{"href":"https:\/\/olemosaic.com\/pt-pt\/wp-json\/wp\/v2\/product"}],"about":[{"href":"https:\/\/olemosaic.com\/pt-pt\/wp-json\/wp\/v2\/types\/product"}],"wp:featuredmedia":[{"embeddable":true,"href":"https:\/\/olemosaic.com\/pt-pt\/wp-json\/wp\/v2\/media\/10006"}],"wp:attachment":[{"href":"https:\/\/olemosaic.com\/pt-pt\/wp-json\/wp\/v2\/media?parent=33974"}],"wp:term":[{"taxonomy":"product_brand","embeddable":true,"href":"https:\/\/olemosaic.com\/pt-pt\/wp-json\/wp\/v2\/product_brand?post=33974"},{"taxonomy":"product_cat","embeddable":true,"href":"https:\/\/olemosaic.com\/pt-pt\/wp-json\/wp\/v2\/product_cat?post=33974"},{"taxonomy":"product_tag","embeddable":true,"href":"https:\/\/olemosaic.com\/pt-pt\/wp-json\/wp\/v2\/product_tag?post=33974"}],"curies":[{"name":"wp","href":"https:\/\/api.w.org\/{rel}","templated":true}]}}