{"id":33973,"date":"2025-02-20T23:33:54","date_gmt":"2025-02-20T22:33:54","guid":{"rendered":"http:\/\/olemosaic.com\/producto\/mug-de-ceramica-patio-blanco-95-cm-2\/"},"modified":"2025-07-25T18:38:30","modified_gmt":"2025-07-25T16:38:30","slug":"caneca-de-ceramica-patio-andaluz-branco-95-cm","status":"publish","type":"product","link":"https:\/\/olemosaic.com\/pt-pt\/produto\/caneca-de-ceramica-patio-andaluz-branco-95-cm\/","title":{"rendered":"Caneca de cer\u00e2mica. P\u00e1tio andaluz. Branco. 9,5 cm."},"content":{"rendered":"<p>Esta caneca de cer\u00e2mica decorada \u00e9 uma aut\u00eantica homenagem \u00e0 beleza dos p\u00e1tios andaluzes. Com uma altura de 9,5 cm, o seu design vibrante apresenta um fundo branco que real\u00e7a a riqueza da sua ilustra\u00e7\u00e3o com efeito pintado \u00e0 m\u00e3o. Nela, uma encantadora varanda \u00e9 adornada com magn\u00edficas flores vermelhas e azuis, acompanhadas por uma folhagem verde exuberante que evoca o calor do clima andaluz. Na parte superior, destaca-se um candeeiro cl\u00e1ssico, complementando o conjunto com um toque de tradi\u00e7\u00e3o e nostalgia.<\/p>\n<p>A qualidade do acabamento esmaltado n\u00e3o s\u00f3 garante um objeto atraente, como tamb\u00e9m duradouro, ideal para desfrutar das suas bebidas favoritas enquanto se transporta para a ess\u00eancia da Andaluzia. Esta caneca \u00e9 mais do que um simples recipiente; \u00e9 um souvenir que encapsula a autenticidade e a arte da cultura espanhola. Torna-se assim a recorda\u00e7\u00e3o perfeita para turistas que procuram um peda\u00e7o da rica heran\u00e7a andaluza. As viagens a esta regi\u00e3o s\u00e3o inesquec\u00edveis e, com esta caneca, poder\u00e1 reviver esses momentos especiais em cada gole. Na Ol\u00e9 Mosaic somos distribuidores de souvenirs que oferecem produtos aut\u00eanticos, e esta caneca de cer\u00e2mica \u00e9 uma excelente op\u00e7\u00e3o para lojas de presentes tur\u00edsticos que procuram artigos de qualidade e com profundidade cultural na sua oferta.<\/p>\n","protected":false},"excerpt":{"rendered":"<p>Caneca de cer\u00e2mica decorada com um design vibrante que evoca um t\u00edpico p\u00e1tio andaluz. Com fundo branco e interior vermelho, apresenta uma ilustra\u00e7\u00e3o detalhada de uma varanda adornada com flores vermelhas e azuis, juntamente com uma folhagem verde exuberante. Este objeto, de 9,5 cm de altura e acabamento esmaltado, destaca-se pela sua t\u00e9cnica de design artesanal, pintado \u00e0 m\u00e3o, oferecendo um toque de cultura espanhola ideal para desfrutar de uma bebida, enquanto recorda a beleza da arquitetura andaluza.<\/p>\n","protected":false},"featured_media":8405,"template":"","meta":{"_acf_changed":false},"product_brand":[],"product_cat":[726],"product_tag":[515],"class_list":{"0":"post-33973","1":"product","2":"type-product","3":"status-publish","4":"has-post-thumbnail","6":"product_cat-mugs","7":"product_tag-ceramica","8":"pa_motivo-patios","10":"first","11":"instock","12":"shipping-taxable","13":"product-type-simple"},"acf":[],"_links":{"self":[{"href":"https:\/\/olemosaic.com\/pt-pt\/wp-json\/wp\/v2\/product\/33973","targetHints":{"allow":["GET"]}}],"collection":[{"href":"https:\/\/olemosaic.com\/pt-pt\/wp-json\/wp\/v2\/product"}],"about":[{"href":"https:\/\/olemosaic.com\/pt-pt\/wp-json\/wp\/v2\/types\/product"}],"wp:featuredmedia":[{"embeddable":true,"href":"https:\/\/olemosaic.com\/pt-pt\/wp-json\/wp\/v2\/media\/8405"}],"wp:attachment":[{"href":"https:\/\/olemosaic.com\/pt-pt\/wp-json\/wp\/v2\/media?parent=33973"}],"wp:term":[{"taxonomy":"product_brand","embeddable":true,"href":"https:\/\/olemosaic.com\/pt-pt\/wp-json\/wp\/v2\/product_brand?post=33973"},{"taxonomy":"product_cat","embeddable":true,"href":"https:\/\/olemosaic.com\/pt-pt\/wp-json\/wp\/v2\/product_cat?post=33973"},{"taxonomy":"product_tag","embeddable":true,"href":"https:\/\/olemosaic.com\/pt-pt\/wp-json\/wp\/v2\/product_tag?post=33973"}],"curies":[{"name":"wp","href":"https:\/\/api.w.org\/{rel}","templated":true}]}}