{"id":33972,"date":"2025-02-20T23:33:54","date_gmt":"2025-02-20T22:33:54","guid":{"rendered":"http:\/\/olemosaic.com\/producto\/mug-de-ceramica-salamandra-y-flores-mallorca-blanco-95-cm\/"},"modified":"2025-07-25T18:46:29","modified_gmt":"2025-07-25T16:46:29","slug":"caneca-de-ceramica-salamandra-e-flores-maiorca-branco-95-cm","status":"publish","type":"product","link":"https:\/\/olemosaic.com\/pt-pt\/produto\/caneca-de-ceramica-salamandra-e-flores-maiorca-branco-95-cm\/","title":{"rendered":"Caneca de cer\u00e2mica. Salamandra e flores. Maiorca. Branco. 9,5 cm."},"content":{"rendered":"<p>Esta caneca de cer\u00e2mica, decorada com uma salamandra vibrante e flores coloridas, \u00e9 um aut\u00eantico representante da rica biodiversidade de Maiorca. Com uma altura de 9,5 cm, esta caneca destaca-se pelo seu design vibrante, que combina um fundo branco brilhante com detalhes vermelhos no seu interior, ideal para real\u00e7ar a alegria de cada gole. A ilustra\u00e7\u00e3o central apresenta uma encantadora salamandra elaborada com a t\u00e9cnica de mosaico, cujas escamas s\u00e3o adornadas em tons de vermelho, laranja e amarelo, evocando o clima quente do Mediterr\u00e2neo.<\/p>\n<p>Ao redor da salamandra, desdobram-se flores em tons de azul e amarelo que complementam perfeitamente a tem\u00e1tica natural, tornando esta caneca uma pe\u00e7a de arte funcional. A fus\u00e3o destes elementos n\u00e3o s\u00f3 lhe confere um car\u00e1cter alegre, como tamb\u00e9m a torna um presente ideal para quem procura recorda\u00e7\u00f5es da sua estadia na ilha. Este souvenir de Maiorca \u00e9 uma excelente escolha para desfrutar de bebidas e, ao mesmo tempo, uma recorda\u00e7\u00e3o da beleza natural da regi\u00e3o.<\/p>\n<p>Na Ol\u00e9 Mosaic, oferecemos esta caneca como parte da nossa sele\u00e7\u00e3o de souvenirs de cer\u00e2mica, perfeitos para lojas de presentes tur\u00edsticos que desejem oferecer produtos aut\u00eanticos e representativos da cultura maiorquina. Uma op\u00e7\u00e3o perfeita para quem procura souvenirs de cer\u00e2mica que sejam tanto art\u00edsticos como funcionais.<\/p>\n","protected":false},"excerpt":{"rendered":"<p>Caneca de cer\u00e2mica decorada com uma salamandra vibrante e flores, inspirada na riqueza natural de Maiorca. O design, sobre um fundo branco com acabamento brilhante, inclui detalhes em vermelho no interior. A salamandra, elaborada com a t\u00e9cnica de mosaico, combina-se harmoniosamente com flores de tons azuis, amarelos e vermelhos, conferindo um toque alegre e distintivo a esta pe\u00e7a de 9,5 cm de altura. Ideal para desfrutar das suas bebidas favoritas com um toque de arte maiorquina.<\/p>\n","protected":false},"featured_media":8018,"template":"","meta":{"_acf_changed":false},"product_brand":[],"product_cat":[726],"product_tag":[516,515],"class_list":{"0":"post-33972","1":"product","2":"type-product","3":"status-publish","4":"has-post-thumbnail","6":"product_cat-mugs","7":"product_tag-animais","8":"product_tag-ceramica","9":"pa_ciudad-mallorca","10":"pa_motivo-salamandras","11":"pa_pais-espana","13":"first","14":"instock","15":"shipping-taxable","16":"product-type-simple"},"acf":[],"_links":{"self":[{"href":"https:\/\/olemosaic.com\/pt-pt\/wp-json\/wp\/v2\/product\/33972","targetHints":{"allow":["GET"]}}],"collection":[{"href":"https:\/\/olemosaic.com\/pt-pt\/wp-json\/wp\/v2\/product"}],"about":[{"href":"https:\/\/olemosaic.com\/pt-pt\/wp-json\/wp\/v2\/types\/product"}],"wp:featuredmedia":[{"embeddable":true,"href":"https:\/\/olemosaic.com\/pt-pt\/wp-json\/wp\/v2\/media\/8018"}],"wp:attachment":[{"href":"https:\/\/olemosaic.com\/pt-pt\/wp-json\/wp\/v2\/media?parent=33972"}],"wp:term":[{"taxonomy":"product_brand","embeddable":true,"href":"https:\/\/olemosaic.com\/pt-pt\/wp-json\/wp\/v2\/product_brand?post=33972"},{"taxonomy":"product_cat","embeddable":true,"href":"https:\/\/olemosaic.com\/pt-pt\/wp-json\/wp\/v2\/product_cat?post=33972"},{"taxonomy":"product_tag","embeddable":true,"href":"https:\/\/olemosaic.com\/pt-pt\/wp-json\/wp\/v2\/product_tag?post=33972"}],"curies":[{"name":"wp","href":"https:\/\/api.w.org\/{rel}","templated":true}]}}