{"id":33970,"date":"2025-02-20T23:33:53","date_gmt":"2025-02-20T22:33:53","guid":{"rendered":"http:\/\/olemosaic.com\/producto\/mug-de-ceramica-patio-blanco-95-cm\/"},"modified":"2025-07-25T18:53:30","modified_gmt":"2025-07-25T16:53:30","slug":"caneca-de-ceramica-patio-branco-95-cm","status":"publish","type":"product","link":"https:\/\/olemosaic.com\/pt-pt\/produto\/caneca-de-ceramica-patio-branco-95-cm\/","title":{"rendered":"Caneca de cer\u00e2mica. P\u00e1tio. Branco. 9,5 cm."},"content":{"rendered":"<p>Esta caneca de cer\u00e2mica, decorada com um design vibrante de um t\u00edpico p\u00e1tio andaluz, \u00e9 a escolha perfeita para os amantes da cultura espanhola. Com uma altura de 9,5 cm, esta elegante caneca apresenta um acabamento branco que real\u00e7a o seu interior vermelho, criando um contraste atraente e festivo. O design pintado \u00e0 m\u00e3o capta a ess\u00eancia dos pitorescos p\u00e1tios da Andaluzia, mostrando uma bela janela gradeada adornada com vasos de ger\u00e2nios vermelhos e plantas verdes exuberantes que evocam a frescura e o colorido da regi\u00e3o.<\/p>\n<p>A aten\u00e7\u00e3o ao detalhe \u00e9 evidente em cada elemento da caneca, desde as flores coloridas que emergem dos recipientes azuis at\u00e9 \u00e0 delicada representa\u00e7\u00e3o dos interiores t\u00edpicos andaluzes. Este souvenir n\u00e3o \u00e9 apenas um recipiente para desfrutar das suas bebidas favoritas, mas tamb\u00e9m uma recorda\u00e7\u00e3o tang\u00edvel das encantadoras paisagens de Espanha, ideal para partilhar momentos especiais. Como pe\u00e7a representativa da cultura andaluza, esta caneca \u00e9 uma excelente ideia para turistas que procuram souvenirs aut\u00eanticos e significativos.<\/p>\n<p>Na Ol\u00e9 Mosaic, especializamo-nos na distribui\u00e7\u00e3o de souvenirs por grosso, oferecendo produtos como esta caneca de cer\u00e2mica que enriquecem a experi\u00eancia do viajante e celebram a tradi\u00e7\u00e3o espanhola. Esta caneca \u00e9 o presente perfeito para quem deseja levar um peda\u00e7o da Andaluzia para casa, tornando-a uma op\u00e7\u00e3o ideal para lojas de presentes tur\u00edsticos que procuram artigos de qualidade e relev\u00e2ncia cultural.<\/p>\n","protected":false},"excerpt":{"rendered":"<p>Caneca de cer\u00e2mica decorada com um design vibrante de um t\u00edpico p\u00e1tio andaluz. Com acabamento branco e interior vermelho, apresenta elementos distintivos como uma janela gradeada rodeada de vasos com ger\u00e2nios vermelhos e plantas verdes. O design colorido e artesanal, pintado \u00e0 m\u00e3o, evoca o encanto dos p\u00e1tios espanh\u00f3is, conferindo um toque cultural e festivo aos seus momentos de caf\u00e9. Mede 9,5 cm de altura, ideal para desfrutar das suas bebidas favoritas.<\/p>\n","protected":false},"featured_media":8484,"template":"","meta":{"_acf_changed":false},"product_brand":[],"product_cat":[726],"product_tag":[515],"class_list":{"0":"post-33970","1":"product","2":"type-product","3":"status-publish","4":"has-post-thumbnail","6":"product_cat-mugs","7":"product_tag-ceramica","8":"pa_motivo-patios","10":"first","11":"instock","12":"shipping-taxable","13":"product-type-simple"},"acf":[],"_links":{"self":[{"href":"https:\/\/olemosaic.com\/pt-pt\/wp-json\/wp\/v2\/product\/33970","targetHints":{"allow":["GET"]}}],"collection":[{"href":"https:\/\/olemosaic.com\/pt-pt\/wp-json\/wp\/v2\/product"}],"about":[{"href":"https:\/\/olemosaic.com\/pt-pt\/wp-json\/wp\/v2\/types\/product"}],"wp:featuredmedia":[{"embeddable":true,"href":"https:\/\/olemosaic.com\/pt-pt\/wp-json\/wp\/v2\/media\/8484"}],"wp:attachment":[{"href":"https:\/\/olemosaic.com\/pt-pt\/wp-json\/wp\/v2\/media?parent=33970"}],"wp:term":[{"taxonomy":"product_brand","embeddable":true,"href":"https:\/\/olemosaic.com\/pt-pt\/wp-json\/wp\/v2\/product_brand?post=33970"},{"taxonomy":"product_cat","embeddable":true,"href":"https:\/\/olemosaic.com\/pt-pt\/wp-json\/wp\/v2\/product_cat?post=33970"},{"taxonomy":"product_tag","embeddable":true,"href":"https:\/\/olemosaic.com\/pt-pt\/wp-json\/wp\/v2\/product_tag?post=33970"}],"curies":[{"name":"wp","href":"https:\/\/api.w.org\/{rel}","templated":true}]}}